{"id":128238,"date":"2021-02-19T12:18:18","date_gmt":"2021-02-19T12:18:18","guid":{"rendered":"https:\/\/horecacenter.com\/?page_id=128238"},"modified":"2025-12-10T13:06:32","modified_gmt":"2025-12-10T13:06:32","slug":"allgemeine-bedingungen","status":"publish","type":"page","link":"https:\/\/horecacenter.com\/de\/allgemeine-bedingungen\/","title":{"rendered":"Allgemeine Bedingungen"},"content":{"rendered":"\t\t<div data-elementor-type=\"wp-page\" data-elementor-id=\"128238\" class=\"elementor elementor-128238 elementor-17935\" data-elementor-post-type=\"page\">\n\t\t\t\t<div class=\"elementor-element elementor-element-6cf2d3a7 e-con-full wd-section-stretch-content e-flex e-con e-parent\" data-id=\"6cf2d3a7\" data-element_type=\"container\">\n\t\t<div class=\"elementor-element elementor-element-2435bfb0 e-con-full e-flex e-con e-child\" data-id=\"2435bfb0\" data-element_type=\"container\">\n\t\t\t\t<div class=\"elementor-element elementor-element-5b21ca2a elementor-widget elementor-widget-heading\" data-id=\"5b21ca2a\" data-element_type=\"widget\" data-widget_type=\"heading.default\">\n\t\t\t\t<div class=\"elementor-widget-container\">\n\t\t\t\t\t<h2 class=\"elementor-heading-title elementor-size-default\">Allgemeine Gesch\u00e4ftsbedingungen f\u00fcr <span style=\"color:#0078D7\">horecacenter.com<\/span><\/h2>\t\t\t\t<\/div>\n\t\t\t\t<\/div>\n\t\t\t\t<div class=\"elementor-element elementor-element-21c6b334 elementor-widget elementor-widget-heading\" data-id=\"21c6b334\" data-element_type=\"widget\" data-widget_type=\"heading.default\">\n\t\t\t\t<div class=\"elementor-widget-container\">\n\t\t\t\t\t<h2 class=\"elementor-heading-title elementor-size-default\">Zuletzt aktualisiert: 10. Januar 2025<\/h2>\t\t\t\t<\/div>\n\t\t\t\t<\/div>\n\t\t\t\t<\/div>\n\t\t<div class=\"elementor-element elementor-element-1d0bbbb3 e-con-full e-flex e-con e-child\" data-id=\"1d0bbbb3\" data-element_type=\"container\">\n\t\t\t\t<div class=\"elementor-element elementor-element-5e504ae7 elementor-widget elementor-widget-image\" data-id=\"5e504ae7\" data-element_type=\"widget\" data-widget_type=\"image.default\">\n\t\t\t\t<div class=\"elementor-widget-container\">\n\t\t\t\t\t\t\t\t\t\t\t\t\t\t\t<img decoding=\"async\" width=\"150\" height=\"150\" src=\"https:\/\/horecacenter.com\/wp-content\/uploads\/2025\/01\/yourgemstone-terms-and-conditions-400x400.png\" class=\"attachment-thumbnail size-thumbnail wp-image-128218\" alt=\"\" srcset=\"https:\/\/horecacenter.com\/wp-content\/uploads\/2025\/01\/yourgemstone-terms-and-conditions-400x400.png 400w, https:\/\/horecacenter.com\/wp-content\/uploads\/2025\/01\/yourgemstone-terms-and-conditions-430x430.png 430w, https:\/\/horecacenter.com\/wp-content\/uploads\/2025\/01\/yourgemstone-terms-and-conditions-150x151.png 150w, https:\/\/horecacenter.com\/wp-content\/uploads\/2025\/01\/yourgemstone-terms-and-conditions.png 650w\" sizes=\"100vw\" \/>\t\t\t\t\t\t\t\t\t\t\t\t\t\t\t<\/div>\n\t\t\t\t<\/div>\n\t\t\t\t<\/div>\n\t\t\t\t<\/div>\n\t\t<div class=\"wd-negative-gap elementor-element elementor-element-5599e956 e-flex e-con-boxed e-con e-parent\" data-id=\"5599e956\" data-element_type=\"container\">\n\t\t\t\t\t<div class=\"e-con-inner\">\n\t\t\t\t<div class=\"elementor-element elementor-element-61468443 color-scheme-inherit text-left elementor-widget elementor-widget-text-editor\" data-id=\"61468443\" data-element_type=\"widget\" data-widget_type=\"text-editor.default\">\n\t\t\t\t<div class=\"elementor-widget-container\">\n\t\t\t\t\t\t\t\t\t<p><strong>1. INFORMATIONEN \u00dcBER UNS<\/strong><br \/>Diese Website wird von\u00a0Horeca Meubel Center BV (\u201ewir\u201c) betrieben und die von Ihnen gekaufte Ware wird von uns geliefert. Unsere Umsatzsteuer-Identifikationsnummer lautet BE0480.181.672<br \/>Sie k\u00f6nnen uns per E-Mail unter info@horecacenter.com und telefonisch unter +32 3 685 73 03 kontaktieren.<\/p><p><strong>2. IHRE PERS\u00d6NLICHEN DATEN<\/strong><br \/>Wir werden Ihre pers\u00f6nlichen Daten gem\u00e4\u00df unserer Datenschutzerkl\u00e4rung verwenden, auf die Sie hier zugreifen k\u00f6nnen.<\/p><p><strong>3. BESTELLEN<br \/><\/strong>Kostenlose Lieferung innerhalb von 3\u20137 Werktagen f\u00fcr Bestellungen \u00fcber 950 \u20ac (zzgl. MwSt.) in Belgien und den s\u00fcdlichen Niederlanden. F\u00fcr Bestellungen unter diesem Betrag werden 95 \u20ac (zzgl. MwSt.) berechnet.<\/p><p>Versandkosten nach Frankreich und Nord-Niederlande auf Anfrage.<\/p><p>Sie k\u00f6nnen eine Bestellung aufgeben, indem Sie den gew\u00fcnschten Artikel ausw\u00e4hlen und den Anweisungen auf dem Bildschirm folgen. Vor der Best\u00e4tigung Ihrer Bestellung haben Sie die M\u00f6glichkeit, diese zu \u00fcberpr\u00fcfen und gegebenenfalls zu korrigieren. Ihre Bestellung wird best\u00e4tigt, sobald Sie Ihre Zahlungsbest\u00e4tigung vorlegen.<\/p><p><span style=\"font-size: 15px;\">Der Vertrag bezieht sich nur auf die spezifischen Waren, die in unserer Best\u00e4tigungs-E-Mail \u00fcber die Annahme Ihrer Bestellung angegeben sind. Bitte lesen und \u00fcberpr\u00fcfen Sie diese Informationen in dieser E-Mail, um sicherzustellen, dass sie korrekt sind. Wenn die Informationen in der Best\u00e4tigungs-E-Mail falsch sind oder Sie mit den Details in der E-Mail nicht zufrieden sind, kontaktieren Sie uns bitte unter info@horecacenter.com die Vertragssprache ist Niederl\u00e4ndisch. Wenn wir Ihre Bestellung annehmen, sind wir gesetzlich verpflichtet, Waren zu liefern, die diesen Bedingungen entsprechen. Die Bestellung ist f\u00fcr den K\u00e4ufer unwiderruflich und darf vom K\u00e4ufer unter keinen Umst\u00e4nden zerst\u00f6rt werden, auch nicht vor der Annahme durch Horeca Meubel Center BV. Der K\u00e4ufer zahlt auf unser Konto ein, zahlt per Bankkarte oder in bar 30% oder den vollen Betrag des Gesamtbetrags im Voraus. Preis der Bestellung. F\u00fcr kundenspezifische \/ personalisierte Bestellungen zahlt der Kunde 50% des Gesamtbetrags. Die Zahlung dieses Vorschusses oder des vollen Betrags dient als Best\u00e4tigung der Bestellung.<\/span><\/p><p><b>3-1. Gemeinschaftsinterne Bestellungen \/ Lieferungen (umsatzsteuerfrei)<br \/><\/b>Wenn Sie mehrwertsteuerfrei zahlen m\u00f6chten, m\u00fcssen Sie uns lediglich Ihr Gesch\u00e4ftsdokument (von Ihrem nicht belgischen Unternehmen) mit Ihrer aktiven gemeinschaftsinternen Umsatzsteuer-Identifikationsnummer (KBIS-Auszug) und einer Kopie Ihres Identit\u00e4tsnachweises senden. Die Umsatzsteuer-Identifikationsnummer muss gem\u00e4\u00df V.I.E.S. (MwSt.-Informationsaustauschsystem). Die angegebene Rechnungsadresse muss mit der mit der Umsatzsteuer-Identifikationsnummer verkn\u00fcpften Adresse \u00fcbereinstimmen.<\/p><p><strong>4. PREISE<\/strong><br \/>Informationen zu Preisen auf dieser Website k\u00f6nnen von uns ohne vorherige Ank\u00fcndigung ge\u00e4ndert werden. Die zum Zeitpunkt der Bestellung angezeigten Preise sind die geltenden Preise.<br \/>Obwohl wir gr\u00f6\u00dfte Sorgfalt darauf verwenden, Preise korrekt anzuzeigen, k\u00f6nnen gelegentlich unvorhergesehene Preisabweichungen aufgrund interner Systemfehler auftreten. In solchen F\u00e4llen sind wir nicht verpflichtet, die Waren zum falschen Preis zu liefern.<br \/>Falls eine Preisabweichung festgestellt wird, werden wir Sie informieren und Ihnen die M\u00f6glichkeit geben, die Bestellung zu stornieren. In diesem Fall wird ein bereits gezahlter Betrag zur\u00fcckerstattet. Wir k\u00f6nnen Sie auch bitten, zu best\u00e4tigen, ob Sie die Bestellung zum korrekten Preis fortsetzen m\u00f6chten. Sollten wir keine R\u00fcckmeldung von Ihnen erhalten oder Sie sich entscheiden, die Bestellung nicht zum korrekten Preis fortzusetzen, wird die Bestellung storniert und ein bereits gezahlter Betrag zur\u00fcckerstattet.<br \/>Wenn der korrekte Preis der Waren niedriger ist als der urspr\u00fcnglich angegebene Preis, behalten wir uns das Recht vor, die Bestellung fortzusetzen und den niedrigeren Betrag bei Versand in Rechnung zu stellen, nach eigenem Ermessen.<br \/>Sofern nicht anders angegeben, sind alle angegebenen Preise exklusive Mehrwertsteuer (falls zutreffend) und Versandkosten. Diese werden Ihnen separat mitgeteilt, bevor Sie Ihre Bestellung aufgeben.<\/p><p><strong>5. VERF\u00dcGBARKEIT UND LIEFERUNG<\/strong><br \/>Informationen auf dieser Website bez\u00fcglich der Verf\u00fcgbarkeit k\u00f6nnen ohne vorherige Ank\u00fcndigung ge\u00e4ndert werden. Wir k\u00f6nnen die st\u00e4ndige Verf\u00fcgbarkeit der Produkte auf dieser Website nicht garantieren. Alle Bestellungen unterliegen immer der aktuellen Verf\u00fcgbarkeit.<br \/>Wir liefern innerhalb und au\u00dferhalb Europas. Bei Lieferungen au\u00dferhalb Belgiens arbeiten wir mit einem externen Transporteur zusammen. Wir liefern die von Ihnen bestellte Ware an die Adresse, die Sie uns bei Genehmigung Ihrer Bestellung mitgeteilt haben.<br \/>Die Lieferung basiert auf den Informationen auf den Produktseiten, nachdem Ihre Bestellung angenommen wurde.<br \/>Wir werden angemessene Anstrengungen unternehmen, um die Ware zum vereinbarten Termin zu liefern. Wenn kein Datum angegeben ist, liefern wir die Ware innerhalb von 30 Tagen nach dem Tag, an dem Sie Ihre Bestellung aufgegeben haben und von uns angenommen wurden.<br \/>Im Falle unvorhergesehener Umst\u00e4nde (z. B. widrige Wetterbedingungen, unvorhersehbare Verz\u00f6gerungen aufgrund von Staus, Stra\u00dfenarbeiten, Umleitungen oder mechanischen Fehlern) k\u00f6nnen wir die Waren m\u00f6glicherweise nicht innerhalb dieser Fristen liefern und haften nicht f\u00fcr Verz\u00f6gerungen oder Nichtbeachtung. die Ware, wenn die Verz\u00f6gerung ganz oder teilweise durch solche Umst\u00e4nde verursacht wird. F\u00fcr den Fall, dass eine Lieferung nicht erfolgt, vereinbaren wir mit Ihnen einen alternativen Liefertermin.<br \/>Eine Vertragsstrafe f\u00fcr die \u00dcberschreitung der Lieferfrist wird nicht besprochen, sofern nicht schriftlich etwas anderes mit dem Kunden vereinbart wurde.<br \/>Wenn eines der bestellten Produkte nicht auf Lager ist, wird es nachbestellt und, sobald es bei unseren Lieferanten erh\u00e4ltlich ist, an den Kunden geliefert oder vom Kunden abgeholt. Wenn eines der Produkte bei unserem Lieferanten nicht auf Lager ist und daher etwas sp\u00e4ter als der vereinbarte Liefertermin geliefert wird, f\u00fchrt dies in keiner Weise zu einem Rabatt oder einer Geldstrafe zugunsten des Kunden.<br \/>Wir sind auch nicht verantwortlich f\u00fcr Verz\u00f6gerungen bei der Lieferung, die durch die Nichtverf\u00fcgbarkeit einer Person zur Abnahme der Produkte verursacht werden. Es liegt in Ihrer Verantwortung, die Post oder den Spediteur bez\u00fcglich der Waren zu kontaktieren, die nicht geliefert werden konnten, weil Sie nicht verf\u00fcgbar waren.<\/p><p><strong>6. LIEFERKOSTEN<\/strong><br \/>Sofern nichts anderes schriftlich vereinbart wurde, gehen die Kosten f\u00fcr Transport und Versicherung zu Lasten des Auftraggebers.<\/p><p>Kostenlose Lieferung innerhalb von 3\u20137 Werktagen f\u00fcr Bestellungen \u00fcber 950 \u20ac (zzgl. MwSt.) innerhalb Belgiens und der s\u00fcdlichen Niederlande. F\u00fcr Bestellungen unter diesem Betrag werden 95 \u20ac (zzgl. MwSt.) berechnet. Die Versandkosten au\u00dferhalb Belgiens und der s\u00fcdlichen Niederlande variieren.<\/p><p>Achtung! Kostenlose Lieferung gilt nicht f\u00fcr die folgenden NIEDERL\u00c4NDISCHEN Postleitzahlen:<\/p><p><b>Von\u00a0 \u00a0 \u00a0\u00a0<\/b><b>Bis<\/b><br \/>1120\u00a0 \u2013\u00a0\u00a01159<br \/>1440\u00a0 \u2013\u00a0 1999<br \/>6900\u00a0 \u2013\u00a0\u00a09999<\/p><p>Versandkosten nach Frankreich und in die n\u00f6rdlichen Niederlande sind auf Anfrage erh\u00e4ltlich. Die Preise werden Ihnen vorab per E-Mail zur Genehmigung zugesandt.<\/p><p>Wenn ein Sattelzug Ihre Stra\u00dfe oder Adresse nicht erreichen kann, informieren Sie uns bitte bei der Lieferung vor dem Versand, um zus\u00e4tzliche Geb\u00fchren zu vermeiden, die anfallen k\u00f6nnten.<\/p><p><strong>7. LIEFERUNG<\/strong><br \/>Wenn die T\u00fcr breit genug ist, werden die gekauften Waren ins Erdgeschoss gebracht. Wenn die Ware nicht durch die T\u00fcr passt, wird die gekaufte Ware vor die Au\u00dfent\u00fcr gestellt. Wenn unsere Mitarbeiter die gekauften Produkte dennoch aus gutem Willen durch das Fenster oder durch einen anderen Ort als die T\u00fcr transportieren, haften wir nicht f\u00fcr Sch\u00e4den an der gelieferten Ware, im Innen- oder Au\u00dfenbereich oder an anderen Gegenst\u00e4nden des Kunden.\u00a0<\/p><p><strong>Lieferung \/ Risiko<\/strong><br \/>Das Risiko des Verlustes, der Zerst\u00f6rung und \/ oder der Besch\u00e4digung der Ware geht zum Zeitpunkt der Lieferung auf den K\u00e4ufer \u00fcber.<\/p><p><strong>7-1. ARTIKEL BEIM TRANSPORT BESCH\u00c4DIGT<br \/><\/strong>Wir behandeln Ihre Bestellung mit gr\u00f6\u00dftm\u00f6glicher Sorgfalt. Sollte bei Erhalt dennoch etwas nicht in Ordnung sein, m\u00fcssen Sie uns dies innerhalb von 2 Werktagen nach Empfang schriftlich mitteilen.<\/p><p><strong>Wie melde ich einen Transportschaden nach Erhalt der Ware?<br \/><\/strong>Bitte senden Sie uns eine E-Mail mit folgenden Unterlagen:<\/p><ul><li>Fotos des Schadens<\/li><li>Kopie der Rechnung<\/li><li>Kopie des Lieferscheins des Spediteurs<\/li><\/ul><p>Nach Eingang Ihres Schadenformulars erhalten Sie innerhalb von 2 Werktagen eine R\u00fcckmeldung von uns, ob der Schaden anerkannt wird. Nach der Annahme des Schadens werden wir uns mit Ihnen in Verbindung setzen, um die Schadensregulierung ordnungsgem\u00e4\u00df abzuwickeln.<\/p><p><strong>8. R\u00dcCKGABEN UND AUSTAUSCH<\/strong><br \/>Im Falle einer Stornierung einer Standardbestellung wird dem Kunden ein Betrag als Ausgleich f\u00fcr unsere Kosten in Rechnung gestellt, dessen Wert 30% des Nettoverkaufspreises der gesamten Rechnung oder des Bestellformulars entspricht, f\u00fcr das eine Stornierung eingereicht wurde. Im Falle einer Stornierung einer Bestellung f\u00fcr Sonderanfertigungen oder personalisierte Arbeiten entspricht dieser Betrag 100% des Nettoverkaufspreises der gesamten Rechnung oder des bestellten Bestellformulars.<\/p><p><strong>9. ZAHLUNG<br \/><\/strong>Der K\u00e4ufer muss eine Anzahlung von 30 % oder den gesamten Betrag leisten, um die Bestellung zu best\u00e4tigen. Die Anzahlung kann in bar, \u00fcber Bancontact oder per Bank\u00fcberweisung erfolgen. F\u00fcr ma\u00dfgeschneiderte oder personalisierte Bestellungen ist eine Anzahlung von 50 % des Gesamtbetrags erforderlich.<br \/>Der verbleibende Betrag ist bei Lieferung zu zahlen. Die Zahlung kann in bar (bis zu 3000 \u20ac) oder per Bankkarte erfolgen, sofern der Transport von uns durchgef\u00fchrt wird. Wird ein externer Transportdienst beauftragt, muss der gesamte Betrag vor der Lieferung bezahlt werden. Die Zahlung kann auch in bar oder per Bankkarte an unserem Standort oder per \u00dcberweisung auf ein von uns angegebenes Bankkonto erfolgen.<br \/>Alle Zahlungen m\u00fcssen in Euro erfolgen, sofern nicht anders vereinbart. Das Zahlungsdatum ist der Tag, an dem die Zahlung auf unserem Bankkonto gutgeschrieben wird. Wenn die Zahlung nicht rechtzeitig erfolgt, sind wir gezwungen, unsere Forderung zur Inkasso zu \u00fcbergeben, was zwei Wochen nach Ablauf der Zahlungsfrist als erfolgt gilt. Alle mit dem Inkasso verbundenen Kosten, einschlie\u00dflich Anwalts-, Gerichtsvollzieher- und Inkassokosten, sowohl gerichtlich als auch au\u00dfergerichtlich, gehen zu Lasten des Auftraggebers. Die au\u00dfergerichtlichen Kosten werden gem\u00e4\u00df dem Inkassotarif der Belgischen Anwaltskammer berechnet, zuz\u00fcglich des f\u00fcr das Verfahren geltenden Gehaltssatzes.<br \/>Zahlungen des Auftraggebers werden zun\u00e4chst auf Zinsen und Kosten angerechnet und anschlie\u00dfend auf die offenen Rechnungen, beginnend mit der \u00e4ltesten, auch wenn der Auftraggeber angibt, dass die Zahlung sich auf eine sp\u00e4tere Rechnung bezieht.<\/p><p><strong>10. GARANTIE<\/strong><br \/>F\u00fcr neue Produkte wird eine Garantie von 1 Jahr gew\u00e4hrt.\u00a0Horeca Meubel Center BV garantiert die verkaufte Ware und das Material f\u00fcr einen Zeitraum von einem Jahr ab Lieferdatum gegen Baufehler. Diese Garantieklausel gilt nicht f\u00fcr den normalen Verschlei\u00df von Teilen. Sind auch nicht unter Garantie: Alle M\u00e4ngel infolge mangelhafter Wartung, un\u00fcberlegter oder brutaler Verwendung der M\u00f6bel. Diese Garantiezeit von einem Jahr f\u00fcr neue M\u00f6bel kann einseitig verk\u00fcrzt werden, wenn dies von den Lieferanten\u00a0Horeca Meubel Center BV auferlegt wird.<br \/>Die Interventionen finden an Werktagen von Montag bis Freitag von 9 bis 18 Uhr statt.<br \/>Nur wenn die Gew\u00e4hrleistungsverpflichtungen in Bezug auf die von uns gelieferten Waren nicht von Dritten (wie Herstellern) \u00fcbernommen wurden, kann der K\u00e4ufer (Gew\u00e4hrleistungs-) Anspr\u00fcche gegen uns geltend machen.<br \/>Wenn der K\u00e4ufer ohne vorherige ausdr\u00fcckliche und schriftliche Genehmigung Reparaturen und \/ oder \u00c4nderungen an der Ware vorgenommen hat, erlischt jegliche Gew\u00e4hrleistungsverpflichtung unsererseits.<\/p><p><strong>11. VEREINBARUNGEN<\/strong><br \/>Vertr\u00e4ge werden erst nach unserer ausdr\u00fccklichen Annahme geschlossen, was durch die schriftliche Best\u00e4tigung an den Kunden oder durch die Tatsache, dass wir den Vertrag umsetzen, belegt wird. \u00c4nderungen oder Erg\u00e4nzungen der geschlossenen Vereinbarung m\u00fcssen uns schriftlich vorgelegt und von uns auf die oben genannte Weise akzeptiert werden.<\/p><p><strong>12. ZAHLUNGSR\u00dcCKSEITE<\/strong><br \/>Alle Zahlungsr\u00fcckst\u00e4nde f\u00fchren automatisch zur Inanspruchnahme der geschuldeten Betr\u00e4ge und des gew\u00e4hrten Nachlasses, vorbehaltlich der Kosten.<br \/>Diese Kosten beinhalten eine Erh\u00f6hung des Betrags um 10% zur Erstattung der Verwaltungskosten mit einem Mindestbetrag von 65 \u20ac.<\/p><p><strong>13. EIGENTUM<\/strong><br \/>Gekaufte Produkte bleiben bis zur vollst\u00e4ndigen Bezahlung unser Eigentum. Sobald die Ware an Sie oder einen von Ihnen benannten Dritten geliefert wurde, tragen Sie das Risiko und haften dementsprechend. Vorsch\u00fcsse k\u00f6nnen einbehalten werden, um etwaige Verluste beim Weiterverkauf auszugleichen.<\/p><p><strong>14. HAFTUNG<\/strong><br \/>Sofern im Folgenden nicht ausdr\u00fccklich anders vereinbart, gilt die gesetzliche Regelung zur M\u00e4ngelhaftung.<br \/>Die oben genannten Einschr\u00e4nkungen und verk\u00fcrzten Fristen gelten nicht f\u00fcr Anspr\u00fcche, die auf Sch\u00e4den beruhen, die von uns, unseren gesetzlichen Vertretern oder Vertretern verursacht wurden:<br \/>\u2013 bei Sch\u00e4den an K\u00f6rper, Leben oder Gesundheit<br \/>\u2013 im Falle einer vors\u00e4tzlichen oder grob fahrl\u00e4ssigen Pflichtverletzung und im Falle von b\u00f6ser Absicht<br \/>\u2013 im Falle eines Versto\u00dfes gegen wesentliche vertragliche Verpflichtungen, deren Erf\u00fcllung f\u00fcr die ordnungsgem\u00e4\u00dfe Ausf\u00fchrung des Vertrages unabdingbar ist und auf deren Erf\u00fcllung sich die andere Vertragspartei normalerweise berufen kann (Kardinalpflichten)<br \/>\u2013 im Rahmen einer gegebenen Garantie, soweit vereinbart.<br \/>Wir beschr\u00e4nken unsere Haftung auf Sch\u00e4den, die dem Kunden durch Vorsatz oder Verschulden unsererseits und ansonsten unter geb\u00fchrender Beachtung der folgenden Punkte entstehen. Folgesch\u00e4den wie Sch\u00e4den durch Betriebsunterbrechung sind unabh\u00e4ngig von der Ursache nicht entsch\u00e4digungsf\u00e4hig. Auf Wunsch muss sich der Kunde gegen diesen Schaden versichern. Die Haftung ist ansonsten auf den Rechnungsbetrag f\u00fcr die Abtretung beschr\u00e4nkt. Im Gegensatz dazu ist unsere Haftung auf den Betrag begrenzt, den der Versicherer auf der Grundlage dieser Versicherung zu zahlen hat, wenn wir f\u00fcr den entsprechenden Schaden versichert sind.<\/p><p><strong>Gebrauchtwaren \/ Outlet (gebraucht, Outlet)<\/strong><br \/>Nicht brandneue Waren werden von uns als gebrauchte Waren in dem Zustand angeboten, in dem sie sich zum Zeitpunkt des Verkaufs befinden. Ein Kauf eines Gebrauchtprodukts bedeutet daher, dass der K\u00e4ufer einen sichtbaren Mangel akzeptiert, so dass er nach dem Verkauf nicht zur R\u00fccknahme der Ware f\u00fchren kann.<\/p><p><strong>Installation und Anschluss<br \/><\/strong>Die angegebenen Preise beinhalten keine Installation, sofern im Kaufvertrag nichts anderes angegeben ist.<br \/>Montageservices k\u00f6nnen auf Anfrage angeboten werden. Diese Leistungen sind nicht im Produktpreis enthalten und werden auf der Grundlage eines individuellen Angebots durchgef\u00fchrt. Der Kunde kann diesen Service vor dem Kauf oder der Lieferung anfordern. Ein Einsatz wird erst geplant, nachdem ein von unserem Service erstelltes spezifisches Angebot best\u00e4tigt wurde.<strong><br \/><\/strong><\/p><p><strong>15. RECLAMES<\/strong><br \/>Der K\u00e4ufer garantiert die Richtigkeit und Vollst\u00e4ndigkeit der von ihm zur Verf\u00fcgung gestellten Informationen und ist daf\u00fcr verantwortlich. In Bezug auf die von uns bereitgestellten Informationen, Gr\u00f6\u00dfen, Farbechtheiten und dergleichen muss der K\u00e4ufer die \u00fcblichen Toleranzen und geringf\u00fcgigen \u00c4nderungen der von uns gelieferten Waren ber\u00fccksichtigen. Die von uns gelieferte Ware kann daher von der Beschreibung in der Bestellung abweichen, wenn und soweit es sich um kleine Gr\u00f6\u00dfenunterschiede, Mengenunterschiede und nachrangige \u00c4nderungen handelt.<br \/>M\u00e4ngel, die zum Zeitpunkt der Lieferung \u00e4u\u00dferlich nicht sichtbar waren oder bei sorgf\u00e4ltiger und rechtzeitiger Pr\u00fcfung nicht erkennbar waren, m\u00fcssen uns vom K\u00e4ufer innerhalb von 24 Stunden nach Feststellung dieser M\u00e4ngel mitgeteilt werden.<\/p><p><strong>16. ALLGEMEINES<\/strong><br \/>Wenn eine Bestimmung dieser Allgemeinen Gesch\u00e4ftsbedingungen nicht g\u00fcltig oder nicht zul\u00e4ssig ist, schr\u00e4nkt dies die Wirkung der anderen Bestimmungen nicht ein.<br \/>Wir k\u00f6nnen diese Allgemeinen Gesch\u00e4ftsbedingungen im Laufe der Zeit ohne vorherige Ank\u00fcndigung \u00e4ndern oder anderweitig bearbeiten. Bitte \u00fcberpr\u00fcfen Sie regelm\u00e4\u00dfig unsere Website, um festzustellen, welche Allgemeinen Gesch\u00e4ftsbedingungen derzeit gelten.<\/p><p><strong>17. ANWENDBARES RECHT<\/strong><br \/>F\u00fcr alle unsere Vereinbarungen gilt belgisches Recht. Alle Streitigkeiten aus den Vereinbarungen, f\u00fcr die diese Gesch\u00e4ftsbedingungen gelten, werden vom zust\u00e4ndigen Gericht in Antwerpen beigelegt, vorbehaltlich der Zust\u00e4ndigkeit des Amtsgerichts in gesetzlich geregelten F\u00e4llen. Im Gegensatz dazu gelten die Bestimmungen des Wiener Kaufrechts f\u00fcr internationale Transaktionen unter Beibehaltung der Zust\u00e4ndigkeit des Amtsgerichts in Br\u00fcssel oder des Amtsgerichts.<\/p><p><strong>18. ONLINE-STREITBEHEBUNG<\/strong><br \/>Die Europ\u00e4ische Kommission bietet eine Online-Plattform zur Streitbeilegung f\u00fcr Verbraucher an, die unter https:\/\/ec.europa.eu\/consumers\/odr\/ zu finden ist. Wir sind nicht verpflichtet, an Streitbeilegungsverfahren teilzunehmen.<\/p>\t\t\t\t\t\t\t\t<\/div>\n\t\t\t\t<\/div>\n\t\t\t\t\t<\/div>\n\t\t\t\t<\/div>\n\t\t\t\t<\/div>\n\t\t","protected":false},"excerpt":{"rendered":"<p>Allgemeine Gesch\u00e4ftsbedingungen f\u00fcr horecacenter.com Zuletzt aktualisiert: 10. Januar 2025 1. INFORMATIONEN \u00dcBER UNSDiese Website wird von\u00a0Horeca Meubel Center BV (\u201ewir\u201c)<\/p>\n","protected":false},"author":1,"featured_media":0,"parent":0,"menu_order":1,"comment_status":"closed","ping_status":"open","template":"","meta":{"footnotes":""},"class_list":["post-128238","page","type-page","status-publish","hentry"],"_links":{"self":[{"href":"https:\/\/horecacenter.com\/de\/wp-json\/wp\/v2\/pages\/128238","targetHints":{"allow":["GET"]}}],"collection":[{"href":"https:\/\/horecacenter.com\/de\/wp-json\/wp\/v2\/pages"}],"about":[{"href":"https:\/\/horecacenter.com\/de\/wp-json\/wp\/v2\/types\/page"}],"author":[{"embeddable":true,"href":"https:\/\/horecacenter.com\/de\/wp-json\/wp\/v2\/users\/1"}],"replies":[{"embeddable":true,"href":"https:\/\/horecacenter.com\/de\/wp-json\/wp\/v2\/comments?post=128238"}],"version-history":[{"count":3,"href":"https:\/\/horecacenter.com\/de\/wp-json\/wp\/v2\/pages\/128238\/revisions"}],"predecessor-version":[{"id":170761,"href":"https:\/\/horecacenter.com\/de\/wp-json\/wp\/v2\/pages\/128238\/revisions\/170761"}],"wp:attachment":[{"href":"https:\/\/horecacenter.com\/de\/wp-json\/wp\/v2\/media?parent=128238"}],"curies":[{"name":"wp","href":"https:\/\/api.w.org\/{rel}","templated":true}]}}