{"id":128289,"date":"2020-12-23T15:34:58","date_gmt":"2020-12-23T15:34:58","guid":{"rendered":"https:\/\/horecacenter.com\/?page_id=128289"},"modified":"2026-01-14T08:15:57","modified_gmt":"2026-01-14T08:15:57","slug":"lieferbedingungen","status":"publish","type":"page","link":"https:\/\/horecacenter.com\/de\/lieferbedingungen\/","title":{"rendered":"Lieferbedingungen"},"content":{"rendered":"\t\t<div data-elementor-type=\"wp-page\" data-elementor-id=\"128289\" class=\"elementor elementor-128289 elementor-17721\" data-elementor-post-type=\"page\">\n\t\t\t\t<div class=\"elementor-element elementor-element-5a2a7f8a e-con-full wd-section-stretch-content e-flex e-con e-parent\" data-id=\"5a2a7f8a\" data-element_type=\"container\">\n\t\t<div class=\"elementor-element elementor-element-468153ed e-con-full e-flex e-con e-child\" data-id=\"468153ed\" data-element_type=\"container\">\n\t\t\t\t<div class=\"elementor-element elementor-element-1aca4d6b elementor-widget elementor-widget-heading\" data-id=\"1aca4d6b\" data-element_type=\"widget\" data-widget_type=\"heading.default\">\n\t\t\t\t<div class=\"elementor-widget-container\">\n\t\t\t\t\t<h2 class=\"elementor-heading-title elementor-size-default\">Unsere Lieferbedingungen f\u00fcr <span style=\"color:#0078D7\">horecacenter.com<\/span><\/h2>\t\t\t\t<\/div>\n\t\t\t\t<\/div>\n\t\t\t\t<div class=\"elementor-element elementor-element-3fc47280 elementor-widget elementor-widget-heading\" data-id=\"3fc47280\" data-element_type=\"widget\" data-widget_type=\"heading.default\">\n\t\t\t\t<div class=\"elementor-widget-container\">\n\t\t\t\t\t<h2 class=\"elementor-heading-title elementor-size-default\">Zuletzt aktualisiert: 10. Januar 2025<\/h2>\t\t\t\t<\/div>\n\t\t\t\t<\/div>\n\t\t\t\t<\/div>\n\t\t<div class=\"elementor-element elementor-element-4a4d1921 e-con-full e-flex e-con e-child\" data-id=\"4a4d1921\" data-element_type=\"container\">\n\t\t\t\t<div class=\"elementor-element elementor-element-2ff0264f elementor-widget elementor-widget-image\" data-id=\"2ff0264f\" data-element_type=\"widget\" data-widget_type=\"image.default\">\n\t\t\t\t<div class=\"elementor-widget-container\">\n\t\t\t\t\t\t\t\t\t\t\t\t\t\t\t<img decoding=\"async\" width=\"150\" height=\"150\" src=\"https:\/\/horecacenter.com\/wp-content\/uploads\/2025\/01\/horeca-center-supply-conditions-levering-400x400.png\" class=\"attachment-thumbnail size-thumbnail wp-image-128273\" alt=\"\" srcset=\"https:\/\/horecacenter.com\/wp-content\/uploads\/2025\/01\/horeca-center-supply-conditions-levering-400x400.png 400w, https:\/\/horecacenter.com\/wp-content\/uploads\/2025\/01\/horeca-center-supply-conditions-levering-430x430.png 430w\" sizes=\"100vw\" \/>\t\t\t\t\t\t\t\t\t\t\t\t\t\t\t<\/div>\n\t\t\t\t<\/div>\n\t\t\t\t<\/div>\n\t\t\t\t<\/div>\n\t\t<div class=\"wd-negative-gap elementor-element elementor-element-2f15d02c e-flex e-con-boxed e-con e-parent\" data-id=\"2f15d02c\" data-element_type=\"container\">\n\t\t\t\t\t<div class=\"e-con-inner\">\n\t\t\t\t<div class=\"elementor-element elementor-element-93a2b52 color-scheme-inherit text-left elementor-widget elementor-widget-text-editor\" data-id=\"93a2b52\" data-element_type=\"widget\" data-widget_type=\"text-editor.default\">\n\t\t\t\t<div class=\"elementor-widget-container\">\n\t\t\t\t\t\t\t\t\t<p><span style=\"font-size: 14px; font-weight: bold; color: #black;\">1. Zahlung<\/span><\/p><p><span style=\"font-size: 14px;\"><b>1.1 Wie hoch ist die Anzahlung, die ich leisten muss?<br \/><\/b><\/span><span style=\"font-family: 'Open Sans', sans-serif; font-size: 14px; font-style: normal; font-variant-ligatures: normal; font-variant-caps: normal; font-weight: 400;\">Wir verlangen eine Anzahlung von 30 %, um Ihre Bestellung bearbeiten zu k\u00f6nnen.\u00a0Bestellen Sie ma\u00dfgefertigte Produkte? Dann verlangen wir eine Anzahlung von 50 %.<br \/><\/span><span style=\"font-family: 'Open Sans', sans-serif; font-size: 14px; font-style: normal; font-variant-ligatures: normal; font-variant-caps: normal; font-weight: 400;\">Der Restbetrag muss sp\u00e4testens bei der Lieferung vor dem Entladen der Produkte bezahlt werden.<br \/><\/span><span style=\"font-family: 'Open Sans', sans-serif; font-size: 14px; font-style: normal; font-variant-ligatures: normal; font-variant-caps: normal; font-weight: 400;\">Bei ma\u00dfgefertigten Produkten muss der Restbetrag sp\u00e4testens einige Tage vor der Lieferung bezahlt werden.<\/span><\/p><p style=\"margin-bottom: 1.5em; color: #black; font-family: 'Open Sans', sans-serif; font-size: 14px; font-style: normal; font-variant-ligatures: normal; font-variant-caps: normal; font-weight: 400;\"><span style=\"font-weight: bold;\">1.2 Wann muss ich den Restbetrag bezahlen?<br \/><\/span>Der Restbetrag ist bei der Lieferung der Produkte zu bezahlen. Die Zahlungsm\u00f6glichkeiten h\u00e4ngen davon ab, wie Ihre Bestellung geliefert wird:<\/p><p style=\"margin-bottom: 1.5em; color: #black; font-family: 'Open Sans', sans-serif; font-size: 14px; font-style: normal; font-variant-ligatures: normal; font-variant-caps: normal; font-weight: 400;\"><span style=\"font-weight: bold;\">A. Lieferung mit unserem eigenen Fahrer<br \/><\/span><span style=\"text-indent: 35.4pt;\">Sie haben die Wahl:<\/span><\/p><ul style=\"margin-bottom: 1.5em; margin-left: 3em; padding-left: 0px; color: #black; font-family: 'Open Sans', sans-serif; font-size: 14px; font-style: normal; font-variant-ligatures: normal; font-variant-caps: normal; font-weight: 400;\"><li style=\"margin-bottom: 0px;\">Vorab per \u00dcberweisung auf unser Bankkonto<\/li><li>Bei Lieferung an den Fahrer:<br \/><ul style=\"margin-top: 0px; margin-left: 1.5em; padding-left: 0px;\"><li style=\"margin-bottom: 0px;\">Barzahlung (bis zu 3.000 \u20ac)<\/li><li>Mit Bancontact \/ mobilem Zahlungsterminal<\/li><\/ul><\/li><\/ul><p style=\"margin-bottom: 1.5em; color: #black; font-family: 'Open Sans', sans-serif; font-size: 14px; font-style: normal; font-variant-ligatures: normal; font-variant-caps: normal; font-weight: 400;\"><span style=\"font-weight: bold;\">B. Lieferung \u00fcber eine externe Spedition<\/span><\/p><ul style=\"margin-bottom: 1.5em; margin-left: 3em; padding-left: 0px; color: #black; font-family: 'Open Sans', sans-serif; font-size: 14px; font-style: normal; font-variant-ligatures: normal; font-variant-caps: normal; font-weight: 400;\"><li style=\"margin-bottom: 0px;\">Der gesamte Kaufbetrag muss im Voraus per \u00dcberweisung oder \u00fcber Mollie bezahlt werden<\/li><li>Der externe Fahrer kann bei der Lieferung keine Zahlungen entgegennehmen<\/li><\/ul><p style=\"margin-bottom: 1.5em; color: #black; font-family: 'Open Sans', sans-serif; font-size: 14px; font-style: normal; font-variant-ligatures: normal; font-variant-caps: normal; font-weight: 400;\"><span style=\"font-weight: bold;\">C. Abholung in unserem Showroom<br \/><\/span>Sie k\u00f6nnen bezahlen:<\/p><ul style=\"margin-bottom: 1.5em; margin-left: 3em; padding-left: 0px; color: #black; font-family: 'Open Sans', sans-serif; font-size: 14px; font-style: normal; font-variant-ligatures: normal; font-variant-caps: normal; font-weight: 400;\"><li style=\"margin-bottom: 0px;\">Barzahlung (bis zu 3.000 \u20ac)<\/li><li>Mit Bancontact<\/li><\/ul><p style=\"margin-bottom: 1.5em; color: #black; font-family: 'Open Sans', sans-serif; font-size: 14px; font-style: normal; font-variant-ligatures: normal; font-variant-caps: normal; font-weight: 400;\"><span style=\"font-weight: bold;\">Achtung:<\/span>\u00a0Sind Sie unsicher, ob Ihre Lieferung durch unseren eigenen Fahrer oder durch eine externe Spedition erfolgt? Fragen Sie gerne bei Ihrer Bestellung nach!<\/p><p style=\"margin-bottom: 1.5em; color: #black; font-family: 'Open Sans', sans-serif; font-size: 14px; font-style: normal; font-variant-ligatures: normal; font-variant-caps: normal; font-weight: 400;\"><span style=\"font-weight: bold;\">2. Best\u00e4tigung der Lagerverf\u00fcgbarkeit<\/span><br \/>Nach Aufgabe Ihrer Bestellung erhalten Sie eine Best\u00e4tigung per E-Mail. In dieser Best\u00e4tigung wird angegeben, ob Ihre Artikel auf Lager sind. Sollte ein Teil oder die gesamte Bestellung nicht auf Lager sein, informieren wir Sie \u00fcber die voraussichtliche Lieferzeit.<\/p><p style=\"margin-bottom: 1.5em; color: #black; font-family: 'Open Sans', sans-serif; font-size: 14px; font-style: normal; font-variant-ligatures: normal; font-variant-caps: normal; font-weight: 400;\"><span style=\"font-weight: bold;\">3. Selbstabholung<\/span><br \/>M\u00f6chten Sie Ihre Artikel selbst abholen? Falls die Artikel auf Lager sind, k\u00f6nnen sie jederzeit abgeholt werden.<\/p><p style=\"margin-bottom: 1.5em; color: #black; font-family: 'Open Sans', sans-serif; font-size: 14px; font-style: normal; font-variant-ligatures: normal; font-variant-caps: normal; font-weight: 400;\"><span style=\"font-weight: bold;\">Wir empfehlen, uns vorab telefonisch zu informieren<\/span>, bevor Sie vorbeikommen, damit wir Ihre Bestellung rechtzeitig bereitstellen k\u00f6nnen.<br \/>Sie k\u00f6nnen in unserem Showroom mit Bancontact oder bar bezahlen (Bargeld bis maximal 3.000 \u20ac).<\/p><p style=\"margin-bottom: 1.5em; color: #black; font-family: 'Open Sans', sans-serif; font-size: 14px; font-style: normal; font-variant-ligatures: normal; font-variant-caps: normal; font-weight: 400;\"><span style=\"font-weight: bold;\">4. Lieferungen innerhalb Belgiens<\/span><\/p><p style=\"margin-bottom: 1.5em; color: #black; font-family: 'Open Sans', sans-serif; font-size: 14px; font-style: normal; font-variant-ligatures: normal; font-variant-caps: normal; font-weight: 400;\"><span style=\"font-weight: bold;\">4.1 Wann liefern wir kostenlos?<\/span><br \/>Bei Bestellungen \u00fcber 950 \u20ac ohne Mehrwertsteuer bieten wir innerhalb Belgiens eine kostenlose Lieferung an.<\/p><p style=\"margin-bottom: 1.5em; color: #black; font-family: 'Open Sans', sans-serif; font-size: 14px; font-style: normal; font-variant-ligatures: normal; font-variant-caps: normal; font-weight: 400;\"><span style=\"font-weight: bold;\">4.2 Wann zahlen Sie Lieferkosten?<\/span><br \/>F\u00fcr Bestellungen unter 950 \u20ac zzgl. MwSt. berechnen wir eine Versandkostenpauschale von 95 \u20ac. Dieser Betrag wird automatisch von unserer Website berechnet.<\/p><p style=\"margin-bottom: 1.5em; color: #black; font-family: 'Open Sans', sans-serif; font-size: 14px; font-style: normal; font-variant-ligatures: normal; font-variant-caps: normal; font-weight: 400;\"><span style=\"font-weight: bold;\">4.3 Wie erfolgt die Lieferung?<\/span><br \/>Sobald wir eine Anzahlung von mindestens 30 % des Gesamtbetrags erhalten haben, rufen wir Sie an, um einen Liefertermin zu vereinbaren. Am Tag der Lieferung ruft unser Fahrer Sie etwa 30 Minuten vorher an.<\/p><p style=\"margin-bottom: 1.5em; color: #black; font-family: 'Open Sans', sans-serif; font-size: 14px; font-style: normal; font-variant-ligatures: normal; font-variant-caps: normal; font-weight: 400;\"><span style=\"font-weight: bold;\">Achtung:<\/span>\u00a0Bei Lieferungen \u00fcber eine externe Spedition muss der gesamte Rechnungsbetrag im Voraus bezahlt werden. Der Fahrer kann bei der Lieferung keine Zahlungen in unserem Namen annehmen.<\/p><p style=\"margin-bottom: 1.5em; color: #black; font-family: 'Open Sans', sans-serif; font-size: 14px; font-style: normal; font-variant-ligatures: normal; font-variant-caps: normal; font-weight: 400;\"><span style=\"font-weight: bold;\">5. Lieferungen innerhalb der Niederlande<\/span><\/p><p style=\"margin-bottom: 1.5em; color: #black; font-family: 'Open Sans', sans-serif; font-size: 14px; font-style: normal; font-variant-ligatures: normal; font-variant-caps: normal; font-weight: 400;\"><span style=\"font-weight: bold;\">5.1 F\u00fcr Adressen im S\u00fcden der Niederlande<\/span><\/p><p style=\"margin-bottom: 1.5em; color: #black; font-family: 'Open Sans', sans-serif; font-size: 14px; font-style: normal; font-variant-ligatures: normal; font-variant-caps: normal; font-weight: 400;\"><span style=\"font-weight: bold;\">5.1.1 Wann liefern wir kostenlos?<\/span><br \/>Ab einem Mindestbestellwert von 950,00 \u20ac ohne MwSt. liefern wir im S\u00fcden der Niederlande kostenlos (Achtung, f\u00fcr den Norden der Niederlande gelten andere Regeln, siehe ganz unten).<\/p><p style=\"margin-bottom: 1.5em; color: #black; font-family: 'Open Sans', sans-serif; font-size: 14px; font-style: normal; font-variant-ligatures: normal; font-variant-caps: normal; font-weight: 400;\">Die folgenden Postleitzahlen sind stets lieferkostenpflichtig, auch bei Bestellungen \u00fcber 950,00 \u20ac.<\/p><p style=\"margin-bottom: 1.5em; color: #black; font-family: 'Open Sans', sans-serif; font-size: 14px; font-style: normal; font-variant-ligatures: normal; font-variant-caps: normal; font-weight: 400;\">Von \u00a0\u00a0\u00a0\u00a0\u00a0\u00a0 Bis<br \/>1120 \u2013 1159<br \/>1440 \u2013 1999<br \/>6900 \u2013 9999<\/p><p style=\"margin-bottom: 1.5em; color: #black; font-family: 'Open Sans', sans-serif; font-size: 14px; font-style: normal; font-variant-ligatures: normal; font-variant-caps: normal; font-weight: 400;\">Liegt Ihre Adresse in einem dieser Postleitzahlen? Dann senden wir Ihnen nach Aufgabe Ihrer Bestellung ein angepasstes Angebot mit den Lieferkosten. Nach Ihrer Zustimmung liefern wir Ihre Bestellung.<\/p><p style=\"margin-bottom: 1.5em; color: #black; font-family: 'Open Sans', sans-serif; font-size: 14px; font-style: normal; font-variant-ligatures: normal; font-variant-caps: normal; font-weight: 400;\"><span style=\"font-weight: bold;\">5.1.2 Wann zahlen Sie Lieferkosten?<\/span><br \/>F\u00fcr Bestellungen unter 950 \u20ac zzgl. MwSt. berechnen wir eine Versandkostenpauschale von 95 \u20ac. Dieser Betrag wird automatisch von unserer Website berechnet. Bei Bestellungen \u00fcber 950 \u20ac zzgl. MwSt. liefern wir in die s\u00fcdlichen Niederlande versandkostenfrei.<\/p><p style=\"margin-bottom: 1.5em; color: #black; font-family: 'Open Sans', sans-serif; font-size: 14px; font-style: normal; font-variant-ligatures: normal; font-variant-caps: normal; font-weight: 400;\"><span style=\"font-weight: bold;\">Wichtig:<\/span>\u00a0Ist Ihre Stra\u00dfe oder Adresse f\u00fcr einen LKW mit Anh\u00e4nger schwer zug\u00e4nglich?\u00a0Bitte informieren Sie uns rechtzeitig, um zus\u00e4tzliche Kosten zu vermeiden.<\/p><p style=\"margin-bottom: 1.5em; color: #black; font-family: 'Open Sans', sans-serif; font-size: 14px; font-style: normal; font-variant-ligatures: normal; font-variant-caps: normal; font-weight: 400;\"><span style=\"font-weight: bold;\">6. Lieferungen nach Nord-Niederlande<\/span><\/p><p style=\"margin-bottom: 1.5em; color: #black; font-family: 'Open Sans', sans-serif; font-size: 14px; font-style: normal; font-variant-ligatures: normal; font-variant-caps: normal; font-weight: 400;\"><span style=\"font-weight: bold;\">6.1 Wann zahlen Sie Lieferkosten?<\/span><br \/>Sie wohnen im Norden der Niederlande? Dann fallen immer Lieferkosten an, unabh\u00e4ngig vom Bestellwert. Nach Erhalt Ihrer Bestellung erstellen wir ein Angebot f\u00fcr die Lieferkosten. Auch wenn Ihre Adresse weiter als eine bestimmte Anzahl Kilometer von unserem Lager entfernt ist, gilt dasselbe Verfahren wie bei Bestellungen in den Norden der Niederlande.<\/p><p style=\"margin-bottom: 1.5em; color: #black; font-family: 'Open Sans', sans-serif; font-size: 14px; font-style: normal; font-variant-ligatures: normal; font-variant-caps: normal; font-weight: 400;\">F\u00fcr Lieferungen in den Norden der Niederlande nutzen wir eine externe Spedition, die die Lieferung f\u00fcr uns \u00fcbernimmt. In diesem Fall muss der gesamte Rechnungsbetrag im Voraus bezahlt werden, da die externe Spedition keine Zahlungen in unserem Namen entgegennehmen kann.<\/p><p style=\"margin-bottom: 1.5em; color: #black; font-family: 'Open Sans', sans-serif; font-size: 14px; font-style: normal; font-variant-ligatures: normal; font-variant-caps: normal; font-weight: 400;\"><span style=\"font-weight: bold;\">Wichtig:<\/span>\u00a0Ist Ihre Stra\u00dfe oder Adresse f\u00fcr einen LKW mit Anh\u00e4nger schwer zug\u00e4nglich? Bitte informieren Sie uns rechtzeitig, um zus\u00e4tzliche Kosten zu vermeiden.<\/p><p style=\"margin-bottom: 1.5em; color: #black; font-family: 'Open Sans', sans-serif; font-size: 14px; font-style: normal; font-variant-ligatures: normal; font-variant-caps: normal; font-weight: 400;\"><span style=\"font-weight: bold;\">7. Lieferungen nach Frankreich<\/span><br \/>F\u00fcr Lieferungen nach Frankreich fallen\u00a0<span style=\"font-weight: bold;\">immer Lieferkosten an<\/span>, unabh\u00e4ngig vom Bestellwert. Alle Lieferungen erfolgen \u00fcber eine externe Spedition und werden als Palettenversand durchgef\u00fchrt.<br \/>Wenn Sie eine Bestellung \u00fcber unsere Website aufgeben, werden wir Sie kontaktieren und Sie erhalten ein Angebot f\u00fcr die Lieferkosten.<br \/>Der gesamte Rechnungsbetrag, einschlie\u00dflich der Lieferkosten, muss im Voraus bezahlt werden, da die externe Spedition keine Zahlungen in unserem Namen entgegennehmen kann.<br \/><br \/><strong>8. Montage<\/strong><br \/>Die Montage kann bei der Lieferung durchgef\u00fchrt werden, sofern zuvor ein Angebot genehmigt wurde. Ohne schriftliche Best\u00e4tigung sind unsere Spediteure nicht berechtigt, Montagearbeiten auszuf\u00fchren. Wenn der Kunde diesen Service in Anspruch nehmen m\u00f6chte, muss die Anfrage vor der Planung der Lieferung gestellt werden. Unser Team pr\u00fcft die Verf\u00fcgbarkeit und best\u00e4tigt die Kosten des Einsatzes.<\/p><p style=\"margin-bottom: 1.5em; color: #black; font-family: 'Open Sans', sans-serif; font-size: 14px; font-style: normal; font-variant-ligatures: normal; font-variant-caps: normal; font-weight: 400;\"><span style=\"font-weight: bold;\">Wichtig:<\/span>\u00a0Ist Ihre Stra\u00dfe oder Adresse f\u00fcr einen LKW mit Anh\u00e4nger schwer zug\u00e4nglich? Bitte informieren Sie uns rechtzeitig, um zus\u00e4tzliche Kosten zu vermeiden.<\/p>\t\t\t\t\t\t\t\t<\/div>\n\t\t\t\t<\/div>\n\t\t\t\t<div class=\"elementor-element elementor-element-0159fa7 hc-levering-image-area elementor-widget elementor-widget-image\" data-id=\"0159fa7\" data-element_type=\"widget\" data-widget_type=\"image.default\">\n\t\t\t\t<div class=\"elementor-widget-container\">\n\t\t\t\t\t\t\t\t\t\t\t\t\t\t\t<img decoding=\"async\" width=\"150\" height=\"150\" src=\"https:\/\/horecacenter.com\/wp-content\/uploads\/2026\/01\/DE-400x400.png\" class=\"attachment-thumbnail size-thumbnail wp-image-176883\" alt=\"\" srcset=\"https:\/\/horecacenter.com\/wp-content\/uploads\/2026\/01\/DE-400x400.png 400w, https:\/\/horecacenter.com\/wp-content\/uploads\/2026\/01\/DE-430x430.png 430w\" sizes=\"100vw\" \/>\t\t\t\t\t\t\t\t\t\t\t\t\t\t\t<\/div>\n\t\t\t\t<\/div>\n\t\t\t\t\t<\/div>\n\t\t\t\t<\/div>\n\t\t\t\t<\/div>\n\t\t","protected":false},"excerpt":{"rendered":"<p>Unsere Lieferbedingungen f\u00fcr horecacenter.com Zuletzt aktualisiert: 10. Januar 2025 1. Zahlung 1.1 Wie hoch ist die Anzahlung, die ich leisten<\/p>\n","protected":false},"author":1,"featured_media":0,"parent":0,"menu_order":1,"comment_status":"closed","ping_status":"open","template":"","meta":{"footnotes":""},"class_list":["post-128289","page","type-page","status-publish","hentry"],"_links":{"self":[{"href":"https:\/\/horecacenter.com\/de\/wp-json\/wp\/v2\/pages\/128289","targetHints":{"allow":["GET"]}}],"collection":[{"href":"https:\/\/horecacenter.com\/de\/wp-json\/wp\/v2\/pages"}],"about":[{"href":"https:\/\/horecacenter.com\/de\/wp-json\/wp\/v2\/types\/page"}],"author":[{"embeddable":true,"href":"https:\/\/horecacenter.com\/de\/wp-json\/wp\/v2\/users\/1"}],"replies":[{"embeddable":true,"href":"https:\/\/horecacenter.com\/de\/wp-json\/wp\/v2\/comments?post=128289"}],"version-history":[{"count":6,"href":"https:\/\/horecacenter.com\/de\/wp-json\/wp\/v2\/pages\/128289\/revisions"}],"predecessor-version":[{"id":176888,"href":"https:\/\/horecacenter.com\/de\/wp-json\/wp\/v2\/pages\/128289\/revisions\/176888"}],"wp:attachment":[{"href":"https:\/\/horecacenter.com\/de\/wp-json\/wp\/v2\/media?parent=128289"}],"curies":[{"name":"wp","href":"https:\/\/api.w.org\/{rel}","templated":true}]}}