{"id":129019,"date":"2024-11-29T09:13:47","date_gmt":"2024-11-29T09:13:47","guid":{"rendered":"https:\/\/horecacenter.com\/?page_id=129019"},"modified":"2025-01-14T07:58:34","modified_gmt":"2025-01-14T07:58:34","slug":"massgeschneidertes-design","status":"publish","type":"page","link":"https:\/\/horecacenter.com\/de\/massgeschneidertes-design\/","title":{"rendered":"Ma\u00dfgeschneidertes Design"},"content":{"rendered":"\t\t<div data-elementor-type=\"wp-page\" data-elementor-id=\"129019\" class=\"elementor elementor-129019 elementor-121373\" data-elementor-post-type=\"page\">\n\t\t\t\t<div class=\"elementor-element elementor-element-2c8840c e-con-full e-flex e-con e-parent\" data-id=\"2c8840c\" data-element_type=\"container\">\n\t\t<div class=\"wd-negative-gap elementor-element elementor-element-d72c723 e-flex e-con-boxed e-con e-child\" data-id=\"d72c723\" data-element_type=\"container\">\n\t\t\t\t\t<div class=\"e-con-inner\">\n\t\t\t\t<div class=\"elementor-element elementor-element-7fc2add elementor-widget elementor-widget-image\" data-id=\"7fc2add\" data-element_type=\"widget\" data-widget_type=\"image.default\">\n\t\t\t\t<div class=\"elementor-widget-container\">\n\t\t\t\t\t\t\t\t\t\t\t\t\t\t\t<img decoding=\"async\" width=\"3000\" height=\"3000\" src=\"https:\/\/horecacenter.com\/wp-content\/uploads\/2025\/01\/V2-Hoofd-Categorie-Ontwerp-Op-Maat-4-1.jpg\" class=\"attachment-full size-full wp-image-127521\" alt=\"\" srcset=\"https:\/\/horecacenter.com\/wp-content\/uploads\/2025\/01\/V2-Hoofd-Categorie-Ontwerp-Op-Maat-4-1.jpg 3000w, https:\/\/horecacenter.com\/wp-content\/uploads\/2025\/01\/V2-Hoofd-Categorie-Ontwerp-Op-Maat-4-1-900x900.jpg 900w, https:\/\/horecacenter.com\/wp-content\/uploads\/2025\/01\/V2-Hoofd-Categorie-Ontwerp-Op-Maat-4-1-1080x1080.jpg 1080w, https:\/\/horecacenter.com\/wp-content\/uploads\/2025\/01\/V2-Hoofd-Categorie-Ontwerp-Op-Maat-4-1-400x400.jpg 400w, https:\/\/horecacenter.com\/wp-content\/uploads\/2025\/01\/V2-Hoofd-Categorie-Ontwerp-Op-Maat-4-1-768x768.jpg 768w, https:\/\/horecacenter.com\/wp-content\/uploads\/2025\/01\/V2-Hoofd-Categorie-Ontwerp-Op-Maat-4-1-1536x1536.jpg 1536w, https:\/\/horecacenter.com\/wp-content\/uploads\/2025\/01\/V2-Hoofd-Categorie-Ontwerp-Op-Maat-4-1-2048x2048.jpg 2048w, https:\/\/horecacenter.com\/wp-content\/uploads\/2025\/01\/V2-Hoofd-Categorie-Ontwerp-Op-Maat-4-1-430x430.jpg 430w, https:\/\/horecacenter.com\/wp-content\/uploads\/2025\/01\/V2-Hoofd-Categorie-Ontwerp-Op-Maat-4-1-1200x1200.jpg 1200w, https:\/\/horecacenter.com\/wp-content\/uploads\/2025\/01\/V2-Hoofd-Categorie-Ontwerp-Op-Maat-4-1-150x150.jpg 150w\" sizes=\"(max-width: 2000px) 2000px, (max-width: 1600px) 1600px, (max-width: 1200px) 1200px, (max-width: 992px) 992px, (max-width: 768px) 768px, (max-width: 576px) 576px, 100vw\" \/>\t\t\t\t\t\t\t\t\t\t\t\t\t\t\t<\/div>\n\t\t\t\t<\/div>\n\t\t\t\t\t<\/div>\n\t\t\t\t<\/div>\n\t\t<div class=\"wd-negative-gap elementor-element elementor-element-b8ae848 e-flex e-con-boxed e-con e-child\" data-id=\"b8ae848\" data-element_type=\"container\">\n\t\t\t\t\t<div class=\"e-con-inner\">\n\t\t\t\t<div class=\"elementor-element elementor-element-452925d color-scheme-inherit text-left elementor-widget elementor-widget-text-editor\" data-id=\"452925d\" data-element_type=\"widget\" data-widget_type=\"text-editor.default\">\n\t\t\t\t<div class=\"elementor-widget-container\">\n\t\t\t\t\t\t\t\t\t<h3><span style=\"color: #0078d7;\"><strong>Ma\u00dfgeschneidertes Design bei Horeca Meubel Center!<\/strong><\/span><\/h3><div>Bei Horeca Meubel Center verstehen wir, dass jedes Projekt einzigartig ist. Deshalb bieten wir ma\u00dfgeschneiderte Designl\u00f6sungen an, mit denen Sie Ihre idealen M\u00f6bel erstellen k\u00f6nnen, die perfekt zu Ihrem Stil und Ihren Bed\u00fcrfnissen passen.<\/div><div>\u00a0<\/div><div><p><span style=\"color: #0078d7;\"><strong>Mit unserem Ma\u00dfkonzept profitieren Sie von:<\/strong><\/span><\/p><\/div><ul><li><strong>Auswahl an verschiedenen Stoffen:<\/strong> W\u00e4hlen Sie aus einer breiten Palette hochwertiger Materialien, um das gew\u00fcnschte Aussehen und die gew\u00fcnschte Haltbarkeit zu gew\u00e4hrleisten.<\/li><li><strong>Eine gro\u00dfe Auswahl an Farben:<\/strong> Schaffen Sie die richtige Atmosph\u00e4re mit Farben und Stoffen, die zu Ihrem Interieur und Ihrer Markenidentit\u00e4t passen.<\/li><li><strong>Verschiedene Gr\u00f6\u00dfen:<\/strong> W\u00e4hlen Sie die richtige Gr\u00f6\u00dfe f\u00fcr Ihre M\u00f6bel, damit sie perfekt in Ihren Raum passen.<\/li><li><strong>Kombination von M\u00f6beln:<\/strong> Stellen Sie eine einzigartige Kombination aus St\u00fchlen, Tischen, Sofas und mehr zusammen, die auf Ihren Raum abgestimmt ist.<\/li><li><strong>Hilfe bei der Dekoration:<\/strong> Unsere erfahrenen Berater unterst\u00fctzen Sie gerne bei der Kombination von M\u00f6beln und der Gestaltung eines harmonischen Interieurs.<\/li><\/ul><p>Mit unserem ma\u00dfgeschneiderten Service setzen wir Ihre Ideen in die Realit\u00e4t um und helfen Ihnen, einen einzigartigen, stilvollen und funktionalen Raum zu schaffen.<br \/><em>Horeca Meubel Center: Ihr Partner f\u00fcr ma\u00dfgeschneiderte M\u00f6bel und komplette Innenraumideen! M\u00f6chten Sie Ihr Traumprojekt realisieren? Kontaktieren Sie uns \u00fcber das untenstehende Formular:<\/em><\/p>\t\t\t\t\t\t\t\t<\/div>\n\t\t\t\t<\/div>\n\t\t\t\t\t<\/div>\n\t\t\t\t<\/div>\n\t\t\t\t<\/div>\n\t\t<div class=\"elementor-element elementor-element-f70d94a e-con-full e-flex e-con e-parent\" data-id=\"f70d94a\" data-element_type=\"container\">\n\t\t<div class=\"wd-negative-gap elementor-element elementor-element-51fa896 e-flex e-con-boxed e-con e-child\" data-id=\"51fa896\" data-element_type=\"container\">\n\t\t\t\t\t<div class=\"e-con-inner\">\n\t\t\t\t<div class=\"elementor-element elementor-element-a405dc9 wd-width-100 elementor-widget elementor-widget-wd_title\" data-id=\"a405dc9\" data-element_type=\"widget\" data-widget_type=\"wd_title.default\">\n\t\t\t\t<div class=\"elementor-widget-container\">\n\t\t\t\t\t\t\t<div class=\"title-wrapper wd-set-mb reset-last-child wd-title-color-default wd-title-style-default wd-title-size-default text-left\">\n\n\t\t\t\n\t\t\t<div class=\"liner-continer\">\n\t\t\t\t<h4 class=\"woodmart-title-container title wd-fontsize-l\">Kontaktieren Sie Uns<\/h4> \n\t\t\t\t\t\t\t<\/div>\n\n\t\t\t\t\t<\/div>\n\t\t\t\t\t\t<\/div>\n\t\t\t\t<\/div>\n\t\t\t\t<div class=\"elementor-element elementor-element-65e0314 elementor-button-align-start elementor-mobile-button-align-stretch contact-form elementor-widget elementor-widget-form\" data-id=\"65e0314\" data-element_type=\"widget\" data-settings=\"{&quot;step_next_label&quot;:&quot;Next&quot;,&quot;step_previous_label&quot;:&quot;Previous&quot;,&quot;button_width&quot;:&quot;100&quot;,&quot;step_type&quot;:&quot;number_text&quot;,&quot;step_icon_shape&quot;:&quot;circle&quot;}\" data-widget_type=\"form.default\">\n\t\t\t\t<div class=\"elementor-widget-container\">\n\t\t\t\t\t\t\t<form class=\"elementor-form\" method=\"post\" name=\"Contact-Page-Form\" aria-label=\"Contact-Page-Form\">\n\t\t\t<input type=\"hidden\" name=\"post_id\" value=\"129019\"\/>\n\t\t\t<input type=\"hidden\" name=\"form_id\" value=\"65e0314\"\/>\n\t\t\t<input type=\"hidden\" name=\"referer_title\" value=\"Ma\u00dfgeschneidertes Design - Horeca Center\" \/>\n\n\t\t\t\t\t\t\t<input type=\"hidden\" name=\"queried_id\" value=\"129019\"\/>\n\t\t\t\n\t\t\t<div class=\"elementor-form-fields-wrapper elementor-labels-above\">\n\t\t\t\t\t\t\t\t<div class=\"elementor-field-type-text elementor-field-group elementor-column elementor-field-group-name elementor-col-100 elementor-field-required elementor-mark-required\">\n\t\t\t\t\t\t\t\t\t\t\t\t<label for=\"form-field-name\" class=\"elementor-field-label\">\n\t\t\t\t\t\t\t\tIhr Name\t\t\t\t\t\t\t<\/label>\n\t\t\t\t\t\t\t\t\t\t\t\t\t\t<input size=\"1\" type=\"text\" name=\"form_fields[name]\" id=\"form-field-name\" class=\"elementor-field elementor-size-sm  elementor-field-textual\" placeholder=\"Name\" required=\"required\">\n\t\t\t\t\t\t\t\t\t\t\t<\/div>\n\t\t\t\t\t\t\t\t<div class=\"elementor-field-type-email elementor-field-group elementor-column elementor-field-group-email elementor-col-100 elementor-field-required elementor-mark-required\">\n\t\t\t\t\t\t\t\t\t\t\t\t<label for=\"form-field-email\" class=\"elementor-field-label\">\n\t\t\t\t\t\t\t\tIhre E-Mail\t\t\t\t\t\t\t<\/label>\n\t\t\t\t\t\t\t\t\t\t\t\t\t\t<input size=\"1\" type=\"email\" name=\"form_fields[email]\" id=\"form-field-email\" class=\"elementor-field elementor-size-sm  elementor-field-textual\" placeholder=\"E-Mail\" required=\"required\">\n\t\t\t\t\t\t\t\t\t\t\t<\/div>\n\t\t\t\t\t\t\t\t<div class=\"elementor-field-type-email elementor-field-group elementor-column elementor-field-group-field_d80cc2b elementor-col-100 elementor-field-required elementor-mark-required\">\n\t\t\t\t\t\t\t\t\t\t\t\t<label for=\"form-field-field_d80cc2b\" class=\"elementor-field-label\">\n\t\t\t\t\t\t\t\tIhre Telefonnummer\t\t\t\t\t\t\t<\/label>\n\t\t\t\t\t\t\t\t\t\t\t\t\t\t<input size=\"1\" type=\"email\" name=\"form_fields[field_d80cc2b]\" id=\"form-field-field_d80cc2b\" class=\"elementor-field elementor-size-sm  elementor-field-textual\" placeholder=\"Telefonnummer\" required=\"required\">\n\t\t\t\t\t\t\t\t\t\t\t<\/div>\n\t\t\t\t\t\t\t\t<div class=\"elementor-field-type-textarea elementor-field-group elementor-column elementor-field-group-message elementor-col-100 elementor-field-required elementor-mark-required\">\n\t\t\t\t\t\t\t\t\t\t\t\t<label for=\"form-field-message\" class=\"elementor-field-label\">\n\t\t\t\t\t\t\t\tIhre Nachricht\t\t\t\t\t\t\t<\/label>\n\t\t\t\t\t\t<textarea class=\"elementor-field-textual elementor-field  elementor-size-sm\" name=\"form_fields[message]\" id=\"form-field-message\" rows=\"4\" placeholder=\"Wie k\u00f6nnen wir Ihnen helfen?\" required=\"required\"><\/textarea>\t\t\t\t<\/div>\n\t\t\t\t\t\t\t\t<div class=\"elementor-field-type-recaptcha_v3 elementor-field-group elementor-column elementor-field-group-field_3f52a92 elementor-col-100 recaptcha_v3-bottomright\">\n\t\t\t\t\t<div class=\"elementor-field\" id=\"form-field-field_3f52a92\"><div class=\"elementor-g-recaptcha\" data-sitekey=\"6LetFcUdAAAAAED4gls9-PGU0lzCFa1-5T_ix1TX\" data-type=\"v3\" data-action=\"Form\" data-badge=\"bottomright\" data-size=\"invisible\"><\/div><\/div>\t\t\t\t<\/div>\n\t\t\t\t\t\t\t\t<div class=\"elementor-field-group elementor-column elementor-field-type-submit elementor-col-100 e-form__buttons\">\n\t\t\t\t\t<button class=\"elementor-button elementor-size-sm\" type=\"submit\">\n\t\t\t\t\t\t<span class=\"elementor-button-content-wrapper\">\n\t\t\t\t\t\t\t\t\t\t\t\t\t\t\t<span class=\"elementor-button-icon\">\n\t\t\t\t\t\t\t\t\t<svg aria-hidden=\"true\" class=\"e-font-icon-svg e-fas-arrow-right\" viewBox=\"0 0 448 512\" xmlns=\"http:\/\/www.w3.org\/2000\/svg\"><path d=\"M190.5 66.9l22.2-22.2c9.4-9.4 24.6-9.4 33.9 0L441 239c9.4 9.4 9.4 24.6 0 33.9L246.6 467.3c-9.4 9.4-24.6 9.4-33.9 0l-22.2-22.2c-9.5-9.5-9.3-25 .4-34.3L311.4 296H24c-13.3 0-24-10.7-24-24v-32c0-13.3 10.7-24 24-24h287.4L190.9 101.2c-9.8-9.3-10-24.8-.4-34.3z\"><\/path><\/svg>\t\t\t\t\t\t\t\t\t\t\t\t\t\t\t\t\t<\/span>\n\t\t\t\t\t\t\t\t\t\t\t\t\t\t\t\t\t\t\t\t\t\t<span class=\"elementor-button-text\">Senden<\/span>\n\t\t\t\t\t\t\t\t\t\t\t\t\t<\/span>\n\t\t\t\t\t<\/button>\n\t\t\t\t<\/div>\n\t\t\t<\/div>\n\t\t<\/form>\n\t\t\t\t\t\t<\/div>\n\t\t\t\t<\/div>\n\t\t\t\t\t<\/div>\n\t\t\t\t<\/div>\n\t\t<div class=\"wd-negative-gap elementor-element elementor-element-eaee802 elementor-hidden-tablet elementor-hidden-mobile e-flex e-con-boxed e-con e-child\" data-id=\"eaee802\" data-element_type=\"container\">\n\t\t\t\t\t<div class=\"e-con-inner\">\n\t\t\t\t<div class=\"elementor-element elementor-element-0eaebc6 elementor-widget elementor-widget-image\" data-id=\"0eaebc6\" data-element_type=\"widget\" data-widget_type=\"image.default\">\n\t\t\t\t<div class=\"elementor-widget-container\">\n\t\t\t\t\t\t\t\t\t\t\t\t\t\t\t<img decoding=\"async\" width=\"2048\" height=\"2048\" src=\"https:\/\/horecacenter.com\/wp-content\/uploads\/2025\/01\/Ontwerp-op-maat-bij-Horeca-Meubel-Center.jpg\" class=\"attachment-full size-full wp-image-128132\" alt=\"\" srcset=\"https:\/\/horecacenter.com\/wp-content\/uploads\/2025\/01\/Ontwerp-op-maat-bij-Horeca-Meubel-Center.jpg 2048w, https:\/\/horecacenter.com\/wp-content\/uploads\/2025\/01\/Ontwerp-op-maat-bij-Horeca-Meubel-Center-900x900.jpg 900w, https:\/\/horecacenter.com\/wp-content\/uploads\/2025\/01\/Ontwerp-op-maat-bij-Horeca-Meubel-Center-1080x1080.jpg 1080w, https:\/\/horecacenter.com\/wp-content\/uploads\/2025\/01\/Ontwerp-op-maat-bij-Horeca-Meubel-Center-400x400.jpg 400w, https:\/\/horecacenter.com\/wp-content\/uploads\/2025\/01\/Ontwerp-op-maat-bij-Horeca-Meubel-Center-768x768.jpg 768w, https:\/\/horecacenter.com\/wp-content\/uploads\/2025\/01\/Ontwerp-op-maat-bij-Horeca-Meubel-Center-1536x1536.jpg 1536w, https:\/\/horecacenter.com\/wp-content\/uploads\/2025\/01\/Ontwerp-op-maat-bij-Horeca-Meubel-Center-430x430.jpg 430w, https:\/\/horecacenter.com\/wp-content\/uploads\/2025\/01\/Ontwerp-op-maat-bij-Horeca-Meubel-Center-1200x1200.jpg 1200w, https:\/\/horecacenter.com\/wp-content\/uploads\/2025\/01\/Ontwerp-op-maat-bij-Horeca-Meubel-Center-150x150.jpg 150w\" sizes=\"(max-width: 1600px) 1600px, (max-width: 1200px) 1200px, (max-width: 992px) 992px, (max-width: 768px) 768px, (max-width: 576px) 576px, 100vw\" \/>\t\t\t\t\t\t\t\t\t\t\t\t\t\t\t<\/div>\n\t\t\t\t<\/div>\n\t\t\t\t\t<\/div>\n\t\t\t\t<\/div>\n\t\t\t\t<\/div>\n\t\t\t\t<\/div>\n\t\t","protected":false},"excerpt":{"rendered":"<p>Ma\u00dfgeschneidertes Design bei Horeca Meubel Center! Bei Horeca Meubel Center verstehen wir, dass jedes Projekt einzigartig ist. Deshalb bieten wir<\/p>\n","protected":false},"author":1,"featured_media":0,"parent":0,"menu_order":0,"comment_status":"closed","ping_status":"closed","template":"","meta":{"footnotes":""},"class_list":["post-129019","page","type-page","status-publish","hentry"],"_links":{"self":[{"href":"https:\/\/horecacenter.com\/de\/wp-json\/wp\/v2\/pages\/129019","targetHints":{"allow":["GET"]}}],"collection":[{"href":"https:\/\/horecacenter.com\/de\/wp-json\/wp\/v2\/pages"}],"about":[{"href":"https:\/\/horecacenter.com\/de\/wp-json\/wp\/v2\/types\/page"}],"author":[{"embeddable":true,"href":"https:\/\/horecacenter.com\/de\/wp-json\/wp\/v2\/users\/1"}],"replies":[{"embeddable":true,"href":"https:\/\/horecacenter.com\/de\/wp-json\/wp\/v2\/comments?post=129019"}],"version-history":[{"count":0,"href":"https:\/\/horecacenter.com\/de\/wp-json\/wp\/v2\/pages\/129019\/revisions"}],"wp:attachment":[{"href":"https:\/\/horecacenter.com\/de\/wp-json\/wp\/v2\/media?parent=129019"}],"curies":[{"name":"wp","href":"https:\/\/api.w.org\/{rel}","templated":true}]}}