{"id":174980,"date":"2025-12-31T10:07:22","date_gmt":"2025-12-31T10:07:22","guid":{"rendered":"https:\/\/horecacenter.com\/partnerprogramm\/"},"modified":"2026-01-16T08:32:58","modified_gmt":"2026-01-16T08:32:58","slug":"partnerprogramm","status":"publish","type":"page","link":"https:\/\/horecacenter.com\/de\/partnerprogramm\/","title":{"rendered":"Partnerprogramm"},"content":{"rendered":"    <div class=\"hc-partner-container\">\n        <div class=\"hc-partner-row\">\n            <div class=\"hc-partner-info\">\n                <\/p>\n<h2>Partner von Horeca Center werden?<\/h2>\n<p><span class=\"hc-partner-span-one\">Entdecken Sie das Partnerprogramm f\u00fcr professionelles Mobiliar f\u00fcr Restaurants und Caf\u00e9s.<\/span><\/p>\n<p><span class=\"hc-partner-span-two\">Werden Sie Partner und profitieren Sie von attraktiven Konditionen!<\/span>Sind Sie Objekteinrichter oder Innenausbauer? Dann arbeiten wir gerne mit Ihnen im Rahmen des Horeca Center Partnerprogramms zusammen.<\/p>\n<h3><strong>Wiederverk\u00e4ufer von Horeca Center<\/strong><\/h3>\n<p>Das Partnerprogramm von Horeca Center bietet reduzierte Preise auf ein umfangreiches Sortiment an Tischen, St\u00fchlen, B\u00e4nken und Terrassenm\u00f6beln f\u00fcr Restaurants und Caf\u00e9s.\u00dcber das Formular auf dieser Seite k\u00f6nnen Sie sich nach Ihrer Registrierung ganz einfach anmelden.<\/p>\n<p>Entdecken Sie das vollst\u00e4ndige Sortiment auf <a href=\"https:\/\/horecacenter.com\/de\/\">https:\/\/horecacenter.com<\/a> und erfahren Sie, warum sich immer mehr Gastronomieunternehmer im Restaurant- und Caf\u00e9markt f\u00fcr Horeca Center als festen M\u00f6belpartner entscheiden.<\/p>\n<p>            <\/div>\n\n            <div class=\"hc-partner-form-wrapper\">\n                <form id=\"hc-partner-form\" class=\"hc-partner-form\">\n                    <div class=\"hc-partner-field\">\n                        <label>FIRMENNAME*<\/label>\n                        <input type=\"text\" name=\"company_name\" required>\n                    <\/div>\n                    \n                    <div class=\"hc-partner-field\">\n                        <label>FACHBEREICH*<\/label>\n\t\t\t\t\t\t<select name=\"expertise\" id=\"hc-expertise\">\n                                                            <option value=\"Innenarchitekt\">Innenarchitekt<\/option>\n                                                            <option value=\"Innenausbauer\">Innenausbauer<\/option>\n                                                            <option value=\"Messebauer\">Messebauer<\/option>\n                                                            <option value=\"Andere\">Andere<\/option>\n                                                    <\/select>\n                    <\/div>\n\n                    <div id=\"hc-other-field\" class=\"hc-partner-field\" style=\"display:none;\">\n                        <label>BITTE ANGEBEN<\/label>\n                        <input type=\"text\" name=\"expertise_other\">\n                    <\/div>\n\n                    <div class=\"hc-partner-field\">\n                        <label>TELEFONNUMMER*<\/label>\n                        <input type=\"tel\" name=\"phone\" required>\n                    <\/div>\n\n                    <div class=\"hc-partner-field\">\n                        <label>E-MAIL-ADRESSE*<\/label>\n                        <input type=\"email\" name=\"email\" required>\n                    <\/div>\n\n                    <div class=\"hc-partner-field\">\n                        <label>RECHNUNGSADRESSE*<\/label>\n                        <textarea name=\"address\" rows=\"4\" required><\/textarea>\n                    <\/div>\n\n                    <div class=\"hc-partner-field\">\n                        <div class=\"g-recaptcha\" data-sitekey=\"6LfRH8UdAAAAANj7J4ctJ54iE3F847QL7SiGup0t\"><\/div>\n                    <\/div>\n\n                    <div id=\"hc-form-status\"><\/div>\n                    \n                    <button type=\"submit\" id=\"hc-submit-btn\" class=\"hc-partner-submit\">\n                        ABSENDEN                    <\/button>\n                <\/form>\n            <\/div>\n        <\/div>\n    <\/div>\n    <script src=\"https:\/\/www.google.com\/recaptcha\/api.js?hl=de\" async defer><\/script>\n    \n","protected":false},"excerpt":{"rendered":"","protected":false},"author":4012,"featured_media":0,"parent":0,"menu_order":0,"comment_status":"closed","ping_status":"closed","template":"elementor_header_footer","meta":{"footnotes":""},"class_list":["post-174980","page","type-page","status-publish","hentry"],"_links":{"self":[{"href":"https:\/\/horecacenter.com\/de\/wp-json\/wp\/v2\/pages\/174980","targetHints":{"allow":["GET"]}}],"collection":[{"href":"https:\/\/horecacenter.com\/de\/wp-json\/wp\/v2\/pages"}],"about":[{"href":"https:\/\/horecacenter.com\/de\/wp-json\/wp\/v2\/types\/page"}],"author":[{"embeddable":true,"href":"https:\/\/horecacenter.com\/de\/wp-json\/wp\/v2\/users\/4012"}],"replies":[{"embeddable":true,"href":"https:\/\/horecacenter.com\/de\/wp-json\/wp\/v2\/comments?post=174980"}],"version-history":[{"count":1,"href":"https:\/\/horecacenter.com\/de\/wp-json\/wp\/v2\/pages\/174980\/revisions"}],"predecessor-version":[{"id":177047,"href":"https:\/\/horecacenter.com\/de\/wp-json\/wp\/v2\/pages\/174980\/revisions\/177047"}],"wp:attachment":[{"href":"https:\/\/horecacenter.com\/de\/wp-json\/wp\/v2\/media?parent=174980"}],"curies":[{"name":"wp","href":"https:\/\/api.w.org\/{rel}","templated":true}]}}