{"id":196729,"date":"2026-04-23T11:54:49","date_gmt":"2026-04-23T11:54:49","guid":{"rendered":"https:\/\/horecacenter.com\/cookie-policies\/"},"modified":"2026-04-23T11:54:49","modified_gmt":"2026-04-23T11:54:49","slug":"cookie-policies","status":"publish","type":"page","link":"https:\/\/horecacenter.com\/de\/cookie-policies\/","title":{"rendered":"Cookie Policies"},"content":{"rendered":"<div class=\"wpconsent-cookie-policy\"><h2 class=\"wpconsent-cookie-category-name\">Essentiell<\/h2><p class=\"wpconsent-cookie-category-description\">Essentielle Cookies erm\u00f6glichen grundlegende Funktionen und sind f\u00fcr die ordnungsgem\u00e4\u00dfe Funktion der Website erforderlich.<\/p><table class=\"wpconsent-cookie-policy-table\"><tr><th>Name<\/th><th>Beschreibung<\/th><th>Dauer<\/th><\/tr><tr><td>wpconsent_geolocation<\/td><td>Dieses Cookie wird verwendet, um die Zustimmungseinstellungen basierend auf dem Standort des Besuchers zu speichern.<\/td><td>30 Tage<\/td><\/tr><tr><td>wpconsent_preferences<\/td><td>Dieses Cookie wird verwendet, um die Cookie-Zustimmungseinstellungen des Benutzers zu speichern.<\/td><td>30 Tage<\/td><\/tr><\/table><h3 class=\"wpconsent-cookie-service-name\">CloudFlare<\/h3><p class=\"wpconsent-cookie-service-description\">CloudFlare bietet L\u00f6sungen f\u00fcr Web-Performance und Sicherheit, die die Geschwindigkeit der Website verbessern und vor Bedrohungen sch\u00fctzen.<\/p><a href=\"https:\/\/developers.cloudflare.com\/fundamentals\/reference\/policies-compliances\/cloudflare-cookies\/\" rel=\"nofollow noopener\" target=\"_blank\">Learn more<\/a><table class=\"wpconsent-cookie-policy-table\"><tr><th>Name<\/th><th>Beschreibung<\/th><th>Dauer<\/th><\/tr><tr><td>cf_use_ob<\/td><td>Das cf_use_ob-Cookie informiert Cloudflare, dass die angeforderte Ressource aus dem Always Online-Cache \u00fcber den vorgesehenen Port abgerufen werden soll. Anwendbare Werte sind: 0, 80 und 443. Die Cookies cf_ob_info und cf_use_ob sind persistente Cookies, die nach 30 Sekunden ablaufen.<\/td><td>Sitzung<\/td><\/tr><tr><td>__cfwaitingroom<\/td><td>Das __cfwaitingroom-Cookie wird nur verwendet, um Besucher zu verfolgen, die auf eine aktivierte Warteschlange f\u00fcr eine bestimmte Host- und Pfadkombination zugreifen. Besucher, die einen Browser verwenden, der Cookies nicht akzeptiert, k\u00f6nnen die Host- und Pfadkombination nicht besuchen, w\u00e4hrend die Warteschlange aktiv ist.<\/td><td>Sitzung<\/td><\/tr><tr><td>cf_chl_rc_i<\/td><td>Diese Cookies sind f\u00fcr den internen Gebrauch bestimmt, um Cloudflare zu erm\u00f6glichen, Produktionsprobleme bei Kunden zu identifizieren.<\/td><td>Sitzung<\/td><\/tr><tr><td>cf_chl_rc_ni<\/td><td>Diese Cookies sind f\u00fcr den internen Gebrauch bestimmt, um Cloudflare zu erm\u00f6glichen, Produktionsprobleme bei Kunden zu identifizieren.<\/td><td>Sitzung<\/td><\/tr><tr><td>cf_chl_rc_m<\/td><td>Diese Cookies sind f\u00fcr den internen Gebrauch bestimmt, um Cloudflare zu erm\u00f6glichen, Produktionsprobleme bei Kunden zu identifizieren.<\/td><td>Sitzung<\/td><\/tr><tr><td>__cfruid<\/td><td>Wird vom Inhaltsnetzwerk Cloudflare verwendet, um vertrauensw\u00fcrdigen Webverkehr zu identifizieren.<\/td><td>Sitzung<\/td><\/tr><tr><td>__cf_bm<\/td><td>Die Bot-Produkte von Cloudflare identifizieren und mindern automatisierten Datenverkehr, um Ihre Website vor sch\u00e4dlichen Bots zu sch\u00fctzen. Cloudflare platziert das __cf_bm-Cookie auf Endbenutzerger\u00e4ten, die auf von Bot Management oder Bot Fight Mode gesch\u00fctzte Kundenseiten zugreifen. Das __cf_bm-Cookie ist f\u00fcr das ordnungsgem\u00e4\u00dfe Funktionieren dieser Bot-L\u00f6sungen erforderlich.<\/td><td>Sitzung<\/td><\/tr><tr><td>__cflb<\/td><td>Bei der Aktivierung der Sitzungsaffinit\u00e4t mit dem Cloudflare Load Balancer setzt Cloudflare ein __cflb-Cookie mit einem einzigartigen Wert bei der ersten Antwort an den anfordernden Client. Cloudflare leitet zuk\u00fcnftige Anfragen an dieselbe Quelle weiter, um die Nutzung von Netzwerkressourcen zu optimieren. Im Falle eines Failovers setzt Cloudflare ein neues __cflb-Cookie, um zuk\u00fcnftige Anfragen an den Failover-Pool zu leiten.<\/td><td>Sitzung<\/td><\/tr><tr><td>_cfuvid<\/td><td>Das Cookie _cfuvid wird nur gesetzt, wenn eine Website diese Option in einer Rate Limiting-Regel verwendet, und wird nur verwendet, um dem Cloudflare WAF zu erm\u00f6glichen, einzelne Benutzer zu unterscheiden, die dieselbe IP-Adresse teilen.<\/td><td>Sitzung<\/td><\/tr><tr><td>cf_clearance<\/td><td>Ob ein CAPTCHA oder eine Javascript-Herausforderung gel\u00f6st wurde.<\/td><td>Sitzung<\/td><\/tr><tr><td>__cfseq<\/td><td>Die Sequenzregeln verwenden Cookies, um die Reihenfolge der Anfragen, die ein Benutzer gestellt hat, sowie die Zeit zwischen den Anfragen zu verfolgen und sie \u00fcber Cloudflare-Regeln verf\u00fcgbar zu machen. Dies erm\u00f6glicht es Ihnen, Regeln zu schreiben, die g\u00fcltige oder ung\u00fcltige Sequenzen abgleichen. Die spezifischen Cookies, die zur Validierung von Sequenzen verwendet werden, werden Sequenz-Cookies genannt.<\/td><td>Sitzung<\/td><\/tr><tr><td>cf_ob_info<\/td><td>Das Cookie cf_ob_info liefert Informationen \u00fcber: Den HTTP-Statuscode, der vom urspr\u00fcnglichen Webserver zur\u00fcckgegeben wurde. Die Ray-ID der urspr\u00fcnglichen fehlgeschlagenen Anfrage. Das Rechenzentrum, das den Datenverkehr bedient.<\/td><td>Sitzung<\/td><\/tr><\/table><h3 class=\"wpconsent-cookie-service-name\">Google reCAPTCHA<\/h3><p class=\"wpconsent-cookie-service-description\">Google reCAPTCHA hilft, Websites vor Spam und Missbrauch zu sch\u00fctzen, indem Benutzerinteraktionen durch Herausforderungen verifiziert werden.<\/p><table class=\"wpconsent-cookie-policy-table\"><tr><th>Name<\/th><th>Beschreibung<\/th><th>Dauer<\/th><\/tr><tr><td>_GRECAPTCHA<\/td><td>Google reCAPTCHA setzt ein notwendiges Cookie (_GRECAPTCHA), wenn es ausgef\u00fchrt wird, um seine Risikoanalyse bereitzustellen.<\/td><td>179 Tage<\/td><\/tr><\/table><h3 class=\"wpconsent-cookie-service-name\">WooCommerce<\/h3><p class=\"wpconsent-cookie-service-description\">WooCommerce ist eine anpassbare E-Commerce-Plattform zum Erstellen von Online-Shops mit WordPress.<\/p><table class=\"wpconsent-cookie-policy-table\"><tr><th>Name<\/th><th>Beschreibung<\/th><th>Dauer<\/th><\/tr><tr><td>wp_woocommerce_session_<\/td><td>Enth\u00e4lt einen eindeutigen Code f\u00fcr jeden Kunden, damit bekannt ist, wo die Warenkorbdaten in der Datenbank f\u00fcr jeden Kunden zu finden sind.<\/td><td>2 Tage<\/td><\/tr><tr><td>woocommerce_recently_viewed<\/td><td>Steuert das Widget f\u00fcr k\u00fcrzlich angesehene Produkte<\/td><td>Sitzung<\/td><\/tr><tr><td>store_notice<\/td><td>Erm\u00f6glicht es den Kunden, die Store-Benachrichtigung abzulehnen.<\/td><td>Sitzung<\/td><\/tr><tr><td>woocommerce_snooze_suggestions__<\/td><td>Erm\u00f6glicht es Benutzern des Dashboards, Marktplatzvorschl\u00e4ge abzulehnen, sofern aktiviert.<\/td><td>2 Tage<\/td><\/tr><tr><td>woocommerce_dismissed_suggestions__<\/td><td>Anzahl der abgelehnten Vorschl\u00e4ge, sofern aktiviert.<\/td><td>1 Monat<\/td><\/tr><tr><td>woocommerce_cart_hash<\/td><td>Hilft WooCommerce festzustellen, wann sich der Inhalt\/die Daten des Warenkorbs \u00e4ndern.<\/td><td>Sitzung<\/td><\/tr><tr><td>woocommerce_items_in_cart<\/td><td>Hilft WooCommerce festzustellen, wann sich der Inhalt\/die Daten des Warenkorbs \u00e4ndern.<\/td><td>Sitzung<\/td><\/tr><\/table><h3 class=\"wpconsent-cookie-service-name\">Google Tag Manager<\/h3><p class=\"wpconsent-cookie-service-description\">Google Tag Manager vereinfacht die Verwaltung von Marketing-Tags auf Ihrer Website, ohne dass Code\u00e4nderungen erforderlich sind.<\/p><table class=\"wpconsent-cookie-policy-table\"><tr><th>Name<\/th><th>Beschreibung<\/th><th>Dauer<\/th><\/tr><tr><td>cookiePreferences<\/td><td>Registriert die Cookie-Pr\u00e4ferenzen eines Benutzers<\/td><td>2 Jahre<\/td><\/tr><tr><td>td<\/td><td>Registriert statistische Daten zum Verhalten der Benutzer auf der Website. Wird f\u00fcr interne Analysen durch den Website-Betreiber verwendet.<\/td><td>Sitzung<\/td><\/tr><\/table><h3 class=\"wpconsent-cookie-service-name\">Anmeldung<\/h3><p class=\"wpconsent-cookie-service-description\">Diese Cookies werden zur Verwaltung der Anmeldefunktionalit\u00e4t auf dieser Website verwendet.<\/p><table class=\"wpconsent-cookie-policy-table\"><tr><th>Name<\/th><th>Beschreibung<\/th><th>Dauer<\/th><\/tr><tr><td>wordpress_logged_in<\/td><td>Wird verwendet, um angemeldete Benutzer zu speichern.<\/td><td>Persistent<\/td><\/tr><tr><td>wordpress_sec<\/td><td>Wird verwendet, um den Benutzer \u00fcber mehrere Sitzungen hinweg zu verfolgen.<\/td><td>15 Tage<\/td><\/tr><tr><td>wordpress_test_cookie<\/td><td>Wird verwendet, um festzustellen, ob Cookies aktiviert sind.<\/td><td>Sitzung<\/td><\/tr><\/table><h2 class=\"wpconsent-cookie-category-name\">Statistiken<\/h2><p class=\"wpconsent-cookie-category-description\">Statistik-Cookies sammeln Informationen anonym. Diese Informationen helfen uns zu verstehen, wie Besucher unsere Website nutzen.<\/p><h3 class=\"wpconsent-cookie-service-name\">Google Analytics<\/h3><p class=\"wpconsent-cookie-service-description\">Google Analytics ist ein leistungsstarkes Tool, das den Website-Verkehr verfolgt und analysiert, um fundierte Marketingentscheidungen zu treffen.<\/p><a href=\"https:\/\/policies.google.com\/privacy\" rel=\"nofollow noopener\" target=\"_blank\">Learn more<\/a><table class=\"wpconsent-cookie-policy-table\"><tr><th>Name<\/th><th>Beschreibung<\/th><th>Dauer<\/th><\/tr><tr><td>__utmc<\/td><td>Wird nur mit alten Urchin-Versionen von Google Analytics und nicht mit GA.js verwendet. Wurde verwendet, um zwischen neuen Sitzungen und Besuchen am Ende einer Sitzung zu unterscheiden.<\/td><td>Ende der Sitzung (Browser)<\/td><\/tr><tr><td>__utmz<\/td><td>Enth\u00e4lt Informationen \u00fcber die Verkehrsquelle oder Kampagne, die den Benutzer auf die Website geleitet hat. Das Cookie wird gesetzt, wenn das GA.js-JavaScript geladen wird, und aktualisiert, wenn Daten an den Google Analytics-Server gesendet werden.<\/td><td>6 Monate nach letzter Aktivit\u00e4t<\/td><\/tr><tr><td>__utmv<\/td><td>Enth\u00e4lt benutzerdefinierte Informationen, die vom Webentwickler \u00fcber die Methode _setCustomVar in Google Analytics festgelegt wurden. Dieses Cookie wird jedes Mal aktualisiert, wenn neue Daten an den Google Analytics-Server gesendet werden.<\/td><td>2 Jahre nach letzter Aktivit\u00e4t<\/td><\/tr><tr><td>__utmx<\/td><td>Wird verwendet, um festzustellen, ob ein Benutzer in einen A\/B- oder multivariaten Test einbezogen ist.<\/td><td>18 Monate<\/td><\/tr><tr><td>_ga<\/td><td>ID, die zur Identifizierung von Benutzern verwendet wird.<\/td><td>2 Jahre<\/td><\/tr><tr><td>_gali<\/td><td>Wird von Google Analytics verwendet, um festzustellen, welche Links auf einer Seite angeklickt werden.<\/td><td>30 Sekunden<\/td><\/tr><tr><td>_ga_<\/td><td>ID, die zur Identifizierung von Benutzern verwendet wird.<\/td><td>2 Jahre<\/td><\/tr><tr><td>_gid<\/td><td>ID, die verwendet wird, um Benutzer 24 Stunden nach der letzten Aktivit\u00e4t zu identifizieren<\/td><td>24 Stunden<\/td><\/tr><tr><td>_gat<\/td><td>Verwendet zur \u00dcberwachung der Anzahl der Serveranfragen an Google Analytics bei Verwendung des Google Tag Managers<\/td><td>1 Minute<\/td><\/tr><tr><td>_gac_<\/td><td>Enth\u00e4lt Informationen zu den Marketingkampagnen des Benutzers. Diese werden mit Google AdWords \/ Google Ads geteilt, wenn die Google Ads- und Google Analytics-Konten miteinander verkn\u00fcpft sind.<\/td><td>90 Tage<\/td><\/tr><tr><td>__utma<\/td><td>ID, die zur Identifizierung von Benutzern und Sitzungen verwendet wird.<\/td><td>2 Jahre nach letzter Aktivit\u00e4t<\/td><\/tr><tr><td>__utmt<\/td><td>Wird verwendet, um die Anzahl der Anfragen an den Google Analytics-Server zu \u00fcberwachen.<\/td><td>10 Minuten<\/td><\/tr><tr><td>__utmb<\/td><td>Wird verwendet, um neue Sitzungen und Besuche zu unterscheiden. Dieses Cookie wird gesetzt, wenn die GA.js-JavaScript-Bibliothek geladen wird und kein bestehendes __utmb-Cookie vorhanden ist. Das Cookie wird jedes Mal aktualisiert, wenn Daten an den Google Analytics-Server gesendet werden.<\/td><td>30 Minuten nach letzter Aktivit\u00e4t<\/td><\/tr><\/table><h3 class=\"wpconsent-cookie-service-name\">Microsoft Clarity<\/h3><p class=\"wpconsent-cookie-service-description\">Clarity ist ein Webanalyse-Dienst, der den Website-Verkehr verfolgt und berichtet.<\/p><a href=\"https:\/\/clarity.microsoft.com\/privacy\" rel=\"nofollow noopener\" target=\"_blank\">Learn more<\/a><table class=\"wpconsent-cookie-policy-table\"><tr><th>Name<\/th><th>Beschreibung<\/th><th>Dauer<\/th><\/tr><tr><td>ANONCHK<\/td><td>Gibt an, ob MUID an ANID \u00fcbertragen wird, ein Cookie, das f\u00fcr Werbung verwendet wird. Clarity verwendet ANID nicht, daher ist dies immer auf 0 gesetzt.<\/td><td>Sitzung<\/td><\/tr><tr><td>CLID<\/td><td>Identifiziert, wann Clarity diesen Nutzer zum ersten Mal auf einer Website gesehen hat, die Clarity verwendet.<\/td><td>12 Monate<\/td><\/tr><tr><td>_clsk<\/td><td>Verbindet mehrere Seitenaufrufe eines Nutzers zu einer einzigen Clarity-Sitzungsaufzeichnung.<\/td><td>12 Monate<\/td><\/tr><tr><td>_clck<\/td><td>Speichert die Clarity-Benutzer-ID und Pr\u00e4ferenzen, die einzigartig f\u00fcr diese Website sind und der gleichen Benutzer-ID zugeordnet werden.<\/td><td>12 Monate<\/td><\/tr><\/table><h3 class=\"wpconsent-cookie-service-name\">WooCommerce Sourcebuster<\/h3><p class=\"wpconsent-cookie-service-description\">SourceBuster wird von WooCommerce zur Zuordnung von Bestellungen basierend auf der Benutzerquelle verwendet.<\/p><table class=\"wpconsent-cookie-policy-table\"><tr><th>Name<\/th><th>Beschreibung<\/th><th>Dauer<\/th><\/tr><tr><td>sbjs_session<\/td><td>Die Anzahl der Seitenaufrufe in dieser Sitzung und der aktuelle Seitenpfad<\/td><td>30 Minuten<\/td><\/tr><tr><td>sbjs_udata<\/td><td>Informationen \u00fcber den Benutzer-Agenten des Besuchers, wie IP, den Browser und den Ger\u00e4tetyp<\/td><td>Sitzung<\/td><\/tr><tr><td>sbjs_first<\/td><td>Informationen \u00fcber die Herkunft des Traffics f\u00fcr den ersten Besuch des Besuchers in Ihrem Gesch\u00e4ft (nur anwendbar, wenn der Besucher vor Ablauf der Sitzung zur\u00fcckkehrt)<\/td><td>Sitzung<\/td><\/tr><tr><td>sbjs_current<\/td><td>Informationen \u00fcber die Herkunft des Traffics f\u00fcr den aktuellen Besuch des Besuchers in Ihrem Gesch\u00e4ft<\/td><td>Sitzung<\/td><\/tr><tr><td>sbjs_first_add<\/td><td>Zeitstempel, verweisende URL und Einstiegsseite f\u00fcr den ersten Besuch Ihres Besuchers in Ihrem Gesch\u00e4ft (nur anwendbar, wenn der Besucher vor Ablauf der Sitzung zur\u00fcckkehrt)<\/td><td>Sitzung<\/td><\/tr><tr><td>sbjs_current_add<\/td><td>Zeitstempel, verweisende URL und Einstiegsseite f\u00fcr den aktuellen Besuch Ihres Besuchers in Ihrem Gesch\u00e4ft<\/td><td>Sitzung<\/td><\/tr><tr><td>sbjs_migrations<\/td><td>Technische Daten zur Unterst\u00fctzung von Migrationen zwischen verschiedenen Versionen der Tracking-Funktion<\/td><td>Sitzung<\/td><\/tr><\/table><h2 class=\"wpconsent-cookie-category-name\">Marketing<\/h2><p class=\"wpconsent-cookie-category-description\">Marketing-Cookies werden verwendet, um Besucher auf Websites zu verfolgen. Ziel ist es, Anzeigen zu zeigen, die f\u00fcr den einzelnen Benutzer relevant und ansprechend sind.<\/p><h3 class=\"wpconsent-cookie-service-name\">Youtube<\/h3><p class=\"wpconsent-cookie-service-description\">Eine Plattform zum Teilen von Videos, auf der Nutzer Videos hochladen, ansehen und \u00fcber verschiedene Genres und Themen teilen k\u00f6nnen.<\/p><a href=\"https:\/\/www.youtube.com\/howyoutubeworks\/our-commitments\/protecting-user-data\/\" rel=\"nofollow noopener\" target=\"_blank\">Learn more<\/a><table class=\"wpconsent-cookie-policy-table\"><tr><th>Name<\/th><th>Beschreibung<\/th><th>Dauer<\/th><\/tr><tr><td>GPS<\/td><td>Registriert eine eindeutige ID auf mobilen Ger\u00e4ten, um eine Verfolgung basierend auf dem geografischen GPS-Standort zu erm\u00f6glichen.<\/td><td>1 Tag<\/td><\/tr><tr><td>VISITOR_INFO1_LIVE<\/td><td>Versucht, die Bandbreite der Nutzer auf Seiten mit integrierten YouTube-Videos zu sch\u00e4tzen. Wird auch f\u00fcr Marketingzwecke verwendet.<\/td><td>179 Tage<\/td><\/tr><tr><td>PREF<\/td><td>Dieses Cookie speichert Ihre Pr\u00e4ferenzen und andere Informationen, insbesondere die bevorzugte Sprache, wie viele Suchergebnisse Ihnen auf Ihrer Seite angezeigt werden sollen und ob Sie den SafeSearch-Filter von Google aktiviert haben m\u00f6chten.<\/td><td>10 Jahre ab Setzen\/Aktualisierung<\/td><\/tr><tr><td>YSC<\/td><td>Registriert eine eindeutige ID, um Statistiken dar\u00fcber zu f\u00fchren, welche Videos von YouTube der Nutzer angesehen hat.<\/td><td>Sitzung<\/td><\/tr><tr><td>DEVICE_INFO<\/td><td>Wird verwendet, um zu erkennen, ob der Besucher die Marketingkategorie im Cookie-Banner akzeptiert hat. Dieses Cookie ist notwendig f\u00fcr die GDPR-Konformit\u00e4t der Website.<\/td><td>179 Tage<\/td><\/tr><tr><td>LOGIN_INFO<\/td><td>Dieses Cookie wird verwendet, um YouTube-Videos, die auf der Website eingebettet sind, abzuspielen.<\/td><td>2 Jahre<\/td><\/tr><tr><td>VISITOR_PRIVACY_METADATA<\/td><td>Youtube-Besucher Datenschutzmetadaten-Cookie<\/td><td>180 Tage<\/td><\/tr><\/table><h3 class=\"wpconsent-cookie-service-name\">Google Ads<\/h3><p class=\"wpconsent-cookie-service-description\">Google Ads ist eine Online-Werbeplattform, die es Unternehmen erm\u00f6glicht, gezielte Anzeigen zu erstellen, die in den Google-Suchergebnissen und auf Partnerseiten angezeigt werden.<\/p><a href=\"https:\/\/policies.google.com\/privacy\" rel=\"nofollow noopener\" target=\"_blank\">Learn more<\/a><table class=\"wpconsent-cookie-policy-table\"><tr><th>Name<\/th><th>Beschreibung<\/th><th>Dauer<\/th><\/tr><tr><td>__Secure-1PSID<\/td><td>Zielgerichteter Cookie. Wird verwendet, um ein Benutzerprofil zu erstellen und dem Benutzer relevante und personalisierte Google-Anzeigen anzuzeigen.<\/td><td>2 Jahre<\/td><\/tr><tr><td>__Secure-1PSIDCC<\/td><td>Zielgerichteter Cookie. Wird verwendet, um ein Benutzerprofil zu erstellen und dem Benutzer relevante und personalisierte Google-Anzeigen anzuzeigen.<\/td><td>2 Jahre<\/td><\/tr><tr><td>__Secure-3PAPISID<\/td><td>Profilierung der Interessen von Website-Besuchern, um relevante und personalisierte Anzeigen durch Retargeting zu schalten.<\/td><td>2 Jahre<\/td><\/tr><tr><td>AEC<\/td><td>AEC-Cookies stellen sicher, dass Anfragen innerhalb einer Browsersitzung vom Benutzer und nicht von anderen Seiten gestellt werden. Diese Cookies verhindern, dass b\u00f6sartige Seiten im Namen eines Benutzers ohne dessen Wissen handeln.<\/td><td>6 Monate<\/td><\/tr><tr><td>ADS_VISITOR_ID<\/td><td>Cookie, das erforderlich ist, um die Optionen und Webdienste vor Ort zu nutzen.<\/td><td>2 Monate<\/td><\/tr><tr><td>__Secure-3PSIDCC<\/td><td>Zielgerichteter Cookie. Wird verwendet, um ein Benutzerprofil zu erstellen und dem Benutzer relevante und personalisierte Google-Anzeigen anzuzeigen.<\/td><td>2 Jahre<\/td><\/tr><tr><td>__Secure-3PSIDTS<\/td><td>Zielgerichteter Cookie. Wird verwendet, um ein Benutzerprofil zu erstellen und dem Benutzer relevante und personalisierte Google-Anzeigen anzuzeigen.<\/td><td>2 Jahre<\/td><\/tr><tr><td>__Secure-1PSIDTS<\/td><td>Zielgerichteter Cookie. Wird verwendet, um ein Benutzerprofil zu erstellen und dem Benutzer relevante und personalisierte Google-Anzeigen anzuzeigen.<\/td><td>2 Jahre<\/td><\/tr><tr><td>__Secure-1PAPISID<\/td><td>Zielgerichteter Cookie. Wird verwendet, um ein Benutzerprofil zu erstellen und dem Benutzer relevante und personalisierte Google-Anzeigen anzuzeigen.<\/td><td>2 Jahre<\/td><\/tr><tr><td>__Secure-3PSID<\/td><td>Zielgerichtetes Cookie. Wird verwendet, um die Interessen der Website-Besucher zu profilieren und relevante sowie personalisierte Google-Anzeigen anzuzeigen.<\/td><td>2 Jahre<\/td><\/tr><tr><td>Conversion<\/td><td>Google verwendet Cookies f\u00fcr Werbung, einschlie\u00dflich der Bereitstellung und Darstellung von Anzeigen, der Personalisierung von Anzeigen (abh\u00e4ngig von Ihren Anzeigeneinstellungen unter g.co\/adsettings), der Begrenzung der Anzahl der Anzeigen, die einem Benutzer angezeigt werden, der Stummschaltung von Anzeigen, die Sie nicht mehr sehen m\u00f6chten, und der Messung der Wirksamkeit von Anzeigen.<\/td><td>90 Tage<\/td><\/tr><tr><td>_gcl_aw<\/td><td>Google verwendet Cookies f\u00fcr Werbung, einschlie\u00dflich der Bereitstellung und Darstellung von Anzeigen, der Personalisierung von Anzeigen (abh\u00e4ngig von Ihren Anzeigeneinstellungen unter g.co\/adsettings), der Begrenzung der Anzahl der Anzeigen, die einem Benutzer angezeigt werden, der Stummschaltung von Anzeigen, die Sie nicht mehr sehen m\u00f6chten, und der Messung der Wirksamkeit von Anzeigen.<\/td><td>90 Tage<\/td><\/tr><tr><td>_gcl_gs<\/td><td>Google verwendet Cookies f\u00fcr Werbung, einschlie\u00dflich der Bereitstellung und Darstellung von Anzeigen, der Personalisierung von Anzeigen (abh\u00e4ngig von Ihren Anzeigeneinstellungen unter g.co\/adsettings), der Begrenzung der Anzahl der Anzeigen, die einem Benutzer angezeigt werden, der Stummschaltung von Anzeigen, die Sie nicht mehr sehen m\u00f6chten, und der Messung der Wirksamkeit von Anzeigen.<\/td><td>90 Tage<\/td><\/tr><tr><td>_gcl_gb<\/td><td>Google verwendet Cookies f\u00fcr Werbung, einschlie\u00dflich der Bereitstellung und Darstellung von Anzeigen, der Personalisierung von Anzeigen (abh\u00e4ngig von Ihren Anzeigeneinstellungen unter g.co\/adsettings), der Begrenzung der Anzahl der Anzeigen, die einem Benutzer angezeigt werden, der Stummschaltung von Anzeigen, die Sie nicht mehr sehen m\u00f6chten, und der Messung der Wirksamkeit von Anzeigen.<\/td><td>90 Tage<\/td><\/tr><tr><td>_gac_gb_<\/td><td>Google verwendet Cookies f\u00fcr Werbung, einschlie\u00dflich der Bereitstellung und Darstellung von Anzeigen, der Personalisierung von Anzeigen (abh\u00e4ngig von Ihren Anzeigeneinstellungen unter g.co\/adsettings), der Begrenzung der Anzahl der Anzeigen, die einem Benutzer angezeigt werden, der Stummschaltung von Anzeigen, die Sie nicht mehr sehen m\u00f6chten, und der Messung der Wirksamkeit von Anzeigen.<\/td><td>90 Tage<\/td><\/tr><tr><td>FPGCLGB<\/td><td>Google verwendet Cookies f\u00fcr Werbung, einschlie\u00dflich der Bereitstellung und Darstellung von Anzeigen, der Personalisierung von Anzeigen (abh\u00e4ngig von Ihren Anzeigeneinstellungen unter g.co\/adsettings), der Begrenzung der Anzahl der Anzeigen, die einem Benutzer angezeigt werden, der Stummschaltung von Anzeigen, die Sie nicht mehr sehen m\u00f6chten, und der Messung der Wirksamkeit von Anzeigen.<\/td><td>90 Tage<\/td><\/tr><tr><td>FPGCLAW<\/td><td>Google verwendet Cookies f\u00fcr Werbung, einschlie\u00dflich der Bereitstellung und Darstellung von Anzeigen, der Personalisierung von Anzeigen (abh\u00e4ngig von Ihren Anzeigeneinstellungen unter g.co\/adsettings), der Begrenzung der Anzahl der Anzeigen, die einem Benutzer angezeigt werden, der Stummschaltung von Anzeigen, die Sie nicht mehr sehen m\u00f6chten, und der Messung der Wirksamkeit von Anzeigen.<\/td><td>90 Tage<\/td><\/tr><\/table><\/div>\n","protected":false},"excerpt":{"rendered":"","protected":false},"author":4012,"featured_media":0,"parent":0,"menu_order":0,"comment_status":"closed","ping_status":"closed","template":"","meta":{"footnotes":""},"class_list":["post-196729","page","type-page","status-publish","hentry"],"_links":{"self":[{"href":"https:\/\/horecacenter.com\/de\/wp-json\/wp\/v2\/pages\/196729","targetHints":{"allow":["GET"]}}],"collection":[{"href":"https:\/\/horecacenter.com\/de\/wp-json\/wp\/v2\/pages"}],"about":[{"href":"https:\/\/horecacenter.com\/de\/wp-json\/wp\/v2\/types\/page"}],"author":[{"embeddable":true,"href":"https:\/\/horecacenter.com\/de\/wp-json\/wp\/v2\/users\/4012"}],"replies":[{"embeddable":true,"href":"https:\/\/horecacenter.com\/de\/wp-json\/wp\/v2\/comments?post=196729"}],"version-history":[{"count":0,"href":"https:\/\/horecacenter.com\/de\/wp-json\/wp\/v2\/pages\/196729\/revisions"}],"wp:attachment":[{"href":"https:\/\/horecacenter.com\/de\/wp-json\/wp\/v2\/media?parent=196729"}],"curies":[{"name":"wp","href":"https:\/\/api.w.org\/{rel}","templated":true}]}}