{"id":116120,"date":"2024-09-10T08:20:29","date_gmt":"2024-09-10T08:20:29","guid":{"rendered":"https:\/\/horecacenter.com\/?post_type=product&#038;p=116120"},"modified":"2025-12-31T08:30:43","modified_gmt":"2025-12-31T08:30:43","slug":"horeca-klapptisch-basis-aluminium-stahl-70-x-40-hoehe-72-cm-schwarz","status":"publish","type":"product","link":"https:\/\/horecacenter.com\/de\/produkt\/horeca-klapptisch-basis-aluminium-stahl-70-x-40-hoehe-72-cm-schwarz\/","title":{"rendered":"Horeca Klapptisch Basis &#8211; 70&#215;40 H\u00f6he 72 cm &#8211; Gusseisen"},"content":{"rendered":"<ul>\n<li><span style=\"color: #000000;\">Verstellbare Beinkappen<\/span><\/li>\n<li><span style=\"color: #000000;\">Bodenschutz und verstellbarer Fu\u00df unter dem Fu\u00df<\/span><\/li>\n<li><span style=\"color: #000000;\">Lieferung in flacher Verpackung<\/span><\/li>\n<li><span style=\"color: #000000;\">1 Jahr Werksgarantie<\/span><\/li>\n<li><span style=\"color: #000000;\">Die Tischgestelle sind unmontiert<\/span><\/li>\n<li><span style=\"color: #000000;\">Das zur Montage ben\u00f6tigte Material ist im Karton enthalten<\/span><\/li>\n<\/ul>\n<p><span style=\"color: #000000;\"><strong>Geeignet f\u00fcr folgende Abmessungen:<\/strong><\/span><\/p>\n<ul>\n<li><span style=\"color: #000000;\">70\u00d7110 cm<\/span><\/li>\n<li><span style=\"color: #000000;\">70\u00d7120 cm<\/span><\/li>\n<li><span style=\"color: #000000;\">80&#215;120 cm<\/span><\/li>\n<\/ul>\n<p><span style=\"color: #000000;\"><strong>Geeignet f\u00fcr alle unsere Tischplatten, die f\u00fcr den Innen- und Au\u00dfenbereich bestimmt sind.<\/strong><\/span><\/p>\n","protected":false},"excerpt":{"rendered":"<p>Verstellbare Beinkappen Bodenschutz und verstellbarer Fu\u00df unter dem Fu\u00df Lieferung in flacher Verpackung 1 Jahr Werksgarantie Die Tischgestelle sind unmontiert<\/p>\n","protected":false},"featured_media":116110,"comment_status":"open","ping_status":"closed","template":"","meta":[],"product_brand":[],"product_cat":[9811,9851],"product_tag":[],"class_list":{"0":"post-116120","1":"product","2":"type-product","3":"status-publish","4":"has-post-thumbnail","6":"product_cat-tischgestelle","7":"product_cat-terrasse-tischgestelle","8":"pa_frame-nicht-stapelbar-frame-de","9":"pa_product-color-color-schwarz-de","10":"pa_product-material-material-gusseisen","11":"pa_product-more-dimensions-ja-de","12":"pa_product-usage-usage-innen-de","13":"pa_product-usage-usage-draussen-de","14":"pa_table-base-height-cm-72-cm-de","16":"first","17":"instock","18":"sale","19":"taxable","20":"shipping-taxable","21":"purchasable","22":"product-type-simple"},"_links":{"self":[{"href":"https:\/\/horecacenter.com\/de\/wp-json\/wp\/v2\/product\/116120","targetHints":{"allow":["GET"]}}],"collection":[{"href":"https:\/\/horecacenter.com\/de\/wp-json\/wp\/v2\/product"}],"about":[{"href":"https:\/\/horecacenter.com\/de\/wp-json\/wp\/v2\/types\/product"}],"replies":[{"embeddable":true,"href":"https:\/\/horecacenter.com\/de\/wp-json\/wp\/v2\/comments?post=116120"}],"version-history":[{"count":1,"href":"https:\/\/horecacenter.com\/de\/wp-json\/wp\/v2\/product\/116120\/revisions"}],"predecessor-version":[{"id":169957,"href":"https:\/\/horecacenter.com\/de\/wp-json\/wp\/v2\/product\/116120\/revisions\/169957"}],"wp:featuredmedia":[{"embeddable":true,"href":"https:\/\/horecacenter.com\/de\/wp-json\/wp\/v2\/media\/116110"}],"wp:attachment":[{"href":"https:\/\/horecacenter.com\/de\/wp-json\/wp\/v2\/media?parent=116120"}],"wp:term":[{"taxonomy":"product_brand","embeddable":true,"href":"https:\/\/horecacenter.com\/de\/wp-json\/wp\/v2\/product_brand?post=116120"},{"taxonomy":"product_cat","embeddable":true,"href":"https:\/\/horecacenter.com\/de\/wp-json\/wp\/v2\/product_cat?post=116120"},{"taxonomy":"product_tag","embeddable":true,"href":"https:\/\/horecacenter.com\/de\/wp-json\/wp\/v2\/product_tag?post=116120"}],"curies":[{"name":"wp","href":"https:\/\/api.w.org\/{rel}","templated":true}]}}