{"id":137685,"date":"2025-04-01T13:45:34","date_gmt":"2025-04-01T13:45:34","guid":{"rendered":"https:\/\/horecacenter.com\/?post_type=product&#038;p=137685"},"modified":"2026-03-13T09:53:33","modified_gmt":"2026-03-13T09:53:33","slug":"horeca-samt-sessel-artes","status":"publish","type":"product","link":"https:\/\/horecacenter.com\/de\/produkt\/horeca-samt-sessel-artes\/","title":{"rendered":"Horeca Sessel &#8211; ARTES &#8211; Olive Samt"},"content":{"rendered":"<p>Dieser Armstuhl ist mit <strong>olivfarbenem Samt\/Velours<\/strong> bezogen, einem luxuri\u00f6sen Stoff mit weicher Struktur und eleganter Ausstrahlung. Samt sorgt f\u00fcr Komfort und wird h\u00e4ufig in Restaurants, Caf\u00e9s und Hotels verwendet.<\/p>\n<p><strong>Eleganter Gastronomie Armstuhl mit Komfort<\/strong><\/p>\n<p>Der <strong>Gastronomie Armstuhl ARTES \u2013 Oliv Samt\/Velours<\/strong> kombiniert modernes Design mit ergonomischer Sitzform und integrierten Armlehnen. Die olivgr\u00fcne Farbe verleiht Restaurants und Hotelinterieurs eine warme und stilvolle Atmosph\u00e4re. Das schwarze Metallgestell sorgt f\u00fcr Stabilit\u00e4t. Zur Pflege den Samt vorsichtig mit einer weichen B\u00fcrste oder einem leicht feuchten Tuch reinigen. Aggressive Reinigungsmittel vermeiden. Planen Sie eine Neuer\u00f6ffnung oder Renovierung? Kontaktieren Sie uns per <strong>Telefon<\/strong>, <strong>WhatsApp<\/strong> oder <strong>E-Mail<\/strong> oder besuchen Sie unseren Showroom.<\/p>\n<p><span style=\"color: #000000;\"><strong>Zus\u00e4tzliche Information:<\/strong><\/span><\/p>\n<ul>\n<li><span style=\"color: #000000;\">Die St\u00fchle sind nicht zusammengebaut und werden immer paarweise in Pappkartons verpackt<\/span><\/li>\n<li><span style=\"color: #000000;\">Der Sitz wird mit 4 Schrauben am Rahmen befestigt<\/span><\/li>\n<li><span style=\"color: #000000;\">Das f\u00fcr die Montage erforderliche Material ist im Lieferumfang enthalten<\/span><\/li>\n<li><span style=\"color: #000000;\">Die St\u00fchle sind leicht zu montieren<\/span><\/li>\n<\/ul>\n","protected":false},"excerpt":{"rendered":"<p>Dieser Armstuhl ist mit olivfarbenem Samt\/Velours bezogen, einem luxuri\u00f6sen Stoff mit weicher Struktur und eleganter Ausstrahlung. Samt sorgt f\u00fcr Komfort<\/p>\n","protected":false},"featured_media":145169,"comment_status":"closed","ping_status":"closed","template":"","meta":[],"product_brand":[],"product_cat":[10051,17403,17400,9859,10511],"product_tag":[],"class_list":{"0":"post-137685","1":"product","2":"type-product","3":"status-publish","4":"has-post-thumbnail","6":"product_cat-sessel","7":"product_cat-stuehle-aus-metall-stoff-vintage","8":"product_cat-stuehle-aus-metall-stoff","9":"product_cat-neu","10":"product_cat-kommt-demnaechst","11":"pa_armrest-armrest-ja-de","12":"pa_frame-nicht-stapelbar-frame-de","13":"pa_product-arm-height-cm-6450-arm-height-cm-de","14":"pa_product-color-color-olive-de","15":"pa_product-frame-color-schwarz-frame-color-de","16":"pa_product-material-metallrahmen-material-de","17":"pa_product-more-colors-ja-de","18":"pa_product-seat-height-cm-4450-seat-height-cm-de","19":"pa_product-seat-width-cm-41-seat-width-cm-de","20":"pa_product-seats-1-seats-de","21":"pa_product-upholstery-upholstery-samt-de","22":"pa_product-usage-usage-innen-de","24":"first","25":"instock","26":"sale","27":"taxable","28":"shipping-taxable","29":"purchasable","30":"product-type-simple"},"_links":{"self":[{"href":"https:\/\/horecacenter.com\/de\/wp-json\/wp\/v2\/product\/137685","targetHints":{"allow":["GET"]}}],"collection":[{"href":"https:\/\/horecacenter.com\/de\/wp-json\/wp\/v2\/product"}],"about":[{"href":"https:\/\/horecacenter.com\/de\/wp-json\/wp\/v2\/types\/product"}],"replies":[{"embeddable":true,"href":"https:\/\/horecacenter.com\/de\/wp-json\/wp\/v2\/comments?post=137685"}],"version-history":[{"count":3,"href":"https:\/\/horecacenter.com\/de\/wp-json\/wp\/v2\/product\/137685\/revisions"}],"predecessor-version":[{"id":189487,"href":"https:\/\/horecacenter.com\/de\/wp-json\/wp\/v2\/product\/137685\/revisions\/189487"}],"wp:featuredmedia":[{"embeddable":true,"href":"https:\/\/horecacenter.com\/de\/wp-json\/wp\/v2\/media\/145169"}],"wp:attachment":[{"href":"https:\/\/horecacenter.com\/de\/wp-json\/wp\/v2\/media?parent=137685"}],"wp:term":[{"taxonomy":"product_brand","embeddable":true,"href":"https:\/\/horecacenter.com\/de\/wp-json\/wp\/v2\/product_brand?post=137685"},{"taxonomy":"product_cat","embeddable":true,"href":"https:\/\/horecacenter.com\/de\/wp-json\/wp\/v2\/product_cat?post=137685"},{"taxonomy":"product_tag","embeddable":true,"href":"https:\/\/horecacenter.com\/de\/wp-json\/wp\/v2\/product_tag?post=137685"}],"curies":[{"name":"wp","href":"https:\/\/api.w.org\/{rel}","templated":true}]}}