{"id":140081,"date":"2025-05-21T12:16:24","date_gmt":"2025-05-21T12:16:24","guid":{"rendered":"https:\/\/horecacenter.com\/?post_type=product&#038;p=140081"},"modified":"2026-03-13T12:54:13","modified_gmt":"2026-03-13T12:54:13","slug":"horeca-stuehl-samt-bistro-hunter","status":"publish","type":"product","link":"https:\/\/horecacenter.com\/de\/produkt\/horeca-stuehl-samt-bistro-hunter\/","title":{"rendered":"Horeca St\u00fchl &#8211; BISTRO &#8211; Hunter Samt"},"content":{"rendered":"<p>Der Bezug aus <strong>Hunter Samt\/Velours<\/strong> hat eine weiche und luxuri\u00f6se Struktur. Samt wird in der Gastronomie h\u00e4ufig verwendet, da er Komfort und Eleganz verbindet. Die huntergr\u00fcne Farbe schafft eine warme Atmosph\u00e4re.<\/p>\n<p><strong>Moderner Gastronomie Stuhl<\/strong><\/p>\n<p>Der <strong>Gastronomie Stuhl BISTRO \u2013 Hunter Samt<\/strong> verbindet modernes Design mit angenehmem Sitzkomfort. Die gepolsterte Sitzfl\u00e4che und die ergonomische R\u00fcckenlehne bieten guten Halt. Ideal f\u00fcr Restaurants, Caf\u00e9s und Hotels. Das schwarze Metallgestell sorgt f\u00fcr Stabilit\u00e4t im t\u00e4glichen Einsatz. Durch sein zeitloses Design passt der Stuhl in viele Gastronomiekonzepte. Eine stilvolle und praktische L\u00f6sung. Zur Pflege regelm\u00e4\u00dfig mit einer weichen B\u00fcrste oder Staubsauger reinigen. Flecken k\u00f6nnen mit einem leicht feuchten Tuch entfernt werden. Aggressive Reinigungsmittel vermeiden. Planen Sie ein neues Gastronomieprojekt? Unser Team unterst\u00fctzt Sie gerne bei der Auswahl. Kontaktieren Sie uns per <strong>Telefon<\/strong>, <strong>WhatsApp<\/strong> oder <strong>E-Mail<\/strong> oder besuchen Sie unseren Showroom.<\/p>\n<p><span style=\"color: #000000;\"><strong>Zus\u00e4tzliche Information:<\/strong><\/span><\/p>\n<ul>\n<li><span style=\"color: #000000;\">Die St\u00fchle sind nicht zusammengebaut und werden immer paarweise in Pappkartons verpackt<\/span><\/li>\n<li><span style=\"color: #000000;\">Der Sitz wird mit 4 Schrauben am Rahmen befestigt<\/span><\/li>\n<li><span style=\"color: #000000;\">Das f\u00fcr die Montage erforderliche Material ist im Lieferumfang enthalten<\/span><\/li>\n<li><span style=\"color: #000000;\">Die St\u00fchle sind leicht zu montieren<\/span><\/li>\n<\/ul>\n","protected":false},"excerpt":{"rendered":"<p>Der Bezug aus Hunter Samt\/Velours hat eine weiche und luxuri\u00f6se Struktur. Samt wird in der Gastronomie h\u00e4ufig verwendet, da er<\/p>\n","protected":false},"featured_media":140309,"comment_status":"closed","ping_status":"closed","template":"","meta":[],"product_brand":[],"product_cat":[9859,17403,17400],"product_tag":[],"class_list":{"0":"post-140081","1":"product","2":"type-product","3":"status-publish","4":"has-post-thumbnail","6":"product_cat-neu","7":"product_cat-stuehle-aus-metall-stoff-vintage","8":"product_cat-stuehle-aus-metall-stoff","9":"pa_armrest-armrest-nein-de","10":"pa_frame-nicht-stapelbar-frame-de","11":"pa_product-color-color-hunter-de","12":"pa_product-frame-color-schwarz-frame-color-de","13":"pa_product-material-metallrahmen-material-de","14":"pa_product-more-colors-ja-de","15":"pa_product-seat-depth-cm-3750-seat-depth-cm-de","16":"pa_product-seat-height-cm-50-seat-height-cm-de","17":"pa_product-seat-width-cm-46-seat-width-cm-de","18":"pa_product-seats-1-seats-de","19":"pa_product-upholstery-upholstery-samt-de","20":"pa_product-usage-usage-innen-de","22":"first","23":"outofstock","24":"sale","25":"taxable","26":"shipping-taxable","27":"purchasable","28":"product-type-simple"},"_links":{"self":[{"href":"https:\/\/horecacenter.com\/de\/wp-json\/wp\/v2\/product\/140081","targetHints":{"allow":["GET"]}}],"collection":[{"href":"https:\/\/horecacenter.com\/de\/wp-json\/wp\/v2\/product"}],"about":[{"href":"https:\/\/horecacenter.com\/de\/wp-json\/wp\/v2\/types\/product"}],"replies":[{"embeddable":true,"href":"https:\/\/horecacenter.com\/de\/wp-json\/wp\/v2\/comments?post=140081"}],"version-history":[{"count":4,"href":"https:\/\/horecacenter.com\/de\/wp-json\/wp\/v2\/product\/140081\/revisions"}],"predecessor-version":[{"id":189697,"href":"https:\/\/horecacenter.com\/de\/wp-json\/wp\/v2\/product\/140081\/revisions\/189697"}],"wp:featuredmedia":[{"embeddable":true,"href":"https:\/\/horecacenter.com\/de\/wp-json\/wp\/v2\/media\/140309"}],"wp:attachment":[{"href":"https:\/\/horecacenter.com\/de\/wp-json\/wp\/v2\/media?parent=140081"}],"wp:term":[{"taxonomy":"product_brand","embeddable":true,"href":"https:\/\/horecacenter.com\/de\/wp-json\/wp\/v2\/product_brand?post=140081"},{"taxonomy":"product_cat","embeddable":true,"href":"https:\/\/horecacenter.com\/de\/wp-json\/wp\/v2\/product_cat?post=140081"},{"taxonomy":"product_tag","embeddable":true,"href":"https:\/\/horecacenter.com\/de\/wp-json\/wp\/v2\/product_tag?post=140081"}],"curies":[{"name":"wp","href":"https:\/\/api.w.org\/{rel}","templated":true}]}}