{"id":145717,"date":"2025-08-13T07:10:38","date_gmt":"2025-08-13T07:10:38","guid":{"rendered":"https:\/\/horecacenter.com\/?post_type=product&#038;p=145717"},"modified":"2026-03-26T08:58:50","modified_gmt":"2026-03-26T08:58:50","slug":"horeca-lounge-sitz-bellini-bank-kupfer-samt","status":"publish","type":"product","link":"https:\/\/horecacenter.com\/de\/produkt\/horeca-lounge-sitz-bellini-bank-kupfer-samt\/","title":{"rendered":"Horeca Lounge-Sitz &#8211; BELLINI BANK &#8211; Kupfer Samt"},"content":{"rendered":"<p>Der <strong>kupferfarbene Samtbezug<\/strong> verleiht dieser Loungebank eine warme und luxuri\u00f6se Ausstrahlung. Die weiche Oberfl\u00e4che sorgt f\u00fcr hohen Sitzkomfort im t\u00e4glichen Gastronomieeinsatz.<\/p>\n<p><strong>Elegante Lounge Bank f\u00fcr Gastronomie<\/strong><\/p>\n<p>Die <strong>Gastronomie Lounge Bank BELLINI \u2013 Samt Kupfer<\/strong> kombiniert stilvolles Design mit optimalem Komfort. Ideal f\u00fcr Restaurants, Caf\u00e9s und Hotels. Die abgerundete R\u00fcckenlehne mit vertikalen N\u00e4hten und Knopfdetails sorgt f\u00fcr eine edle Optik, w\u00e4hrend die stabilen schwarzen Beine Langlebigkeit garantieren. Pflegeleicht und f\u00fcr den t\u00e4glichen Gebrauch geeignet. Mit einer weichen B\u00fcrste oder einem leicht feuchten Tuch reinigen. F\u00fcr gr\u00f6\u00dfere Projekte kontaktieren Sie uns per <strong>Telefon<\/strong>, <strong>WhatsApp<\/strong> oder <strong>E-Mail<\/strong> oder besuchen Sie unseren Showroom.<\/p>\n","protected":false},"excerpt":{"rendered":"<p>Der kupferfarbene Samtbezug verleiht dieser Loungebank eine warme und luxuri\u00f6se Ausstrahlung. Die weiche Oberfl\u00e4che sorgt f\u00fcr hohen Sitzkomfort im t\u00e4glichen<\/p>\n","protected":false},"featured_media":145700,"comment_status":"closed","ping_status":"closed","template":"","meta":[],"product_brand":[],"product_cat":[10223,10175,9859],"product_tag":[17426,13189,17434,17668,17417],"class_list":{"0":"post-145717","1":"product","2":"type-product","3":"status-publish","4":"has-post-thumbnail","6":"product_cat-aperitiver-sitze","7":"product_cat-aperitive-sitze","8":"product_cat-neu","9":"product_tag-horeca-furniture","10":"product_tag-restaurant-bistro","11":"product_tag-horeca-moebel","12":"product_tag-restaurant-inrichting","13":"product_tag-meubles-horeca","14":"pa_product-color-color-kupfer-de","15":"pa_product-frame-color-schwarz-frame-color-de","16":"pa_product-more-colors-ja-de","17":"pa_product-more-dimensions-ja-de","18":"pa_product-seats-2-seats-de","19":"pa_product-upholstery-upholstery-samt-de","20":"pa_product-usage-usage-innen-de","22":"first","23":"outofstock","24":"sale","25":"taxable","26":"shipping-taxable","27":"purchasable","28":"product-type-simple"},"_links":{"self":[{"href":"https:\/\/horecacenter.com\/de\/wp-json\/wp\/v2\/product\/145717","targetHints":{"allow":["GET"]}}],"collection":[{"href":"https:\/\/horecacenter.com\/de\/wp-json\/wp\/v2\/product"}],"about":[{"href":"https:\/\/horecacenter.com\/de\/wp-json\/wp\/v2\/types\/product"}],"replies":[{"embeddable":true,"href":"https:\/\/horecacenter.com\/de\/wp-json\/wp\/v2\/comments?post=145717"}],"version-history":[{"count":3,"href":"https:\/\/horecacenter.com\/de\/wp-json\/wp\/v2\/product\/145717\/revisions"}],"predecessor-version":[{"id":191555,"href":"https:\/\/horecacenter.com\/de\/wp-json\/wp\/v2\/product\/145717\/revisions\/191555"}],"wp:featuredmedia":[{"embeddable":true,"href":"https:\/\/horecacenter.com\/de\/wp-json\/wp\/v2\/media\/145700"}],"wp:attachment":[{"href":"https:\/\/horecacenter.com\/de\/wp-json\/wp\/v2\/media?parent=145717"}],"wp:term":[{"taxonomy":"product_brand","embeddable":true,"href":"https:\/\/horecacenter.com\/de\/wp-json\/wp\/v2\/product_brand?post=145717"},{"taxonomy":"product_cat","embeddable":true,"href":"https:\/\/horecacenter.com\/de\/wp-json\/wp\/v2\/product_cat?post=145717"},{"taxonomy":"product_tag","embeddable":true,"href":"https:\/\/horecacenter.com\/de\/wp-json\/wp\/v2\/product_tag?post=145717"}],"curies":[{"name":"wp","href":"https:\/\/api.w.org\/{rel}","templated":true}]}}