{"id":145990,"date":"2025-08-15T13:32:58","date_gmt":"2025-08-15T13:32:58","guid":{"rendered":"https:\/\/horecacenter.com\/?post_type=product&#038;p=145990"},"modified":"2026-01-03T08:49:28","modified_gmt":"2026-01-03T08:49:28","slug":"horeca-tischfuss-gusseisen-45x45-hoehe-72-cm-schwarz-ce143","status":"publish","type":"product","link":"https:\/\/horecacenter.com\/de\/produkt\/horeca-tischfuss-gusseisen-45x45-hoehe-72-cm-schwarz-ce143\/","title":{"rendered":"Horeca-Tischgestell Mit 3 F\u00fc\u00dfen &#8211; 45&#215;45 H\u00f6he 72 cm &#8211; Gusseisen"},"content":{"rendered":"<p><span style=\"color: #000000;\">Dieses anmutige Tischbein ist \u00fcberall sch\u00f6n, weil es dekorativ und funktional sowie \u00e4u\u00dferst zuverl\u00e4ssig und robust ist. Ideal f\u00fcr Terrassen, G\u00e4rten und andere Au\u00dfenbereiche in der N\u00e4he von Restaurants, Bistros und Caf\u00e9s. Das Bein ist schwer genug, um Tische bei allen Wetterbedingungen an Ort.<\/span><\/p>\n<ul>\n<li id=\"tw-target-text\" dir=\"ltr\" data-placeholder=\"\u00c7eviri\"><span lang=\"de\" style=\"color: #000000;\">Verstellbare Beinkappen<\/span><\/li>\n<li dir=\"ltr\" data-placeholder=\"\u00c7eviri\"><span lang=\"de\" style=\"color: #000000;\">Bodenschutz und verstellbarer Fu\u00df unter dem Fu\u00df<\/span><\/li>\n<li dir=\"ltr\" data-placeholder=\"\u00c7eviri\"><span lang=\"de\" style=\"color: #000000;\">Lieferung in flacher Verpackung<\/span><\/li>\n<li dir=\"ltr\" data-placeholder=\"\u00c7eviri\"><span lang=\"de\" style=\"color: #000000;\">1 Jahr Garantie<\/span><\/li>\n<li dir=\"ltr\" data-placeholder=\"\u00c7eviri\"><span style=\"color: #000000;\">Die Tischgestelle sind unmontiert<\/span><\/li>\n<li dir=\"ltr\" data-placeholder=\"\u00c7eviri\"><span style=\"color: #000000;\">Das zur Montage ben\u00f6tigte Material ist im Karton enthalten<\/span><\/li>\n<\/ul>\n<p dir=\"ltr\" data-placeholder=\"\u00c7eviri\"><span style=\"color: #000000;\"><strong><span lang=\"de\">Geeignet unter folgenden Abmessungen: <\/span><\/strong><\/span><\/p>\n<ul>\n<li dir=\"ltr\" data-placeholder=\"\u00c7eviri\"><span lang=\"de\" style=\"color: #000000;\">60&#215;60 cm<\/span><\/li>\n<li dir=\"ltr\" data-placeholder=\"\u00c7eviri\"><span lang=\"de\" style=\"color: #000000;\">70&#215;70 cm<\/span><\/li>\n<li dir=\"ltr\" data-placeholder=\"\u00c7eviri\"><span lang=\"de\" style=\"color: #000000;\">80&#215;80 cm<\/span><\/li>\n<li dir=\"ltr\" data-placeholder=\"\u00c7eviri\"><span lang=\"de\" style=\"color: #000000;\">\u00d8 70 cm<\/span><\/li>\n<li dir=\"ltr\" data-placeholder=\"\u00c7eviri\"><span lang=\"de\" style=\"color: #000000;\">\u00d8 80 cm<\/span><\/li>\n<\/ul>\n","protected":false},"excerpt":{"rendered":"<p>Dieses anmutige Tischbein ist \u00fcberall sch\u00f6n, weil es dekorativ und funktional sowie \u00e4u\u00dferst zuverl\u00e4ssig und robust ist. Ideal f\u00fcr Terrassen,<\/p>\n","protected":false},"featured_media":145984,"comment_status":"closed","ping_status":"closed","template":"","meta":[],"product_brand":[],"product_cat":[9811,9851],"product_tag":[],"class_list":{"0":"post-145990","1":"product","2":"type-product","3":"status-publish","4":"has-post-thumbnail","6":"product_cat-tischgestelle","7":"product_cat-terrasse-tischgestelle","8":"pa_frame-nicht-stapelbar-frame-de","9":"pa_product-color-color-schwarz-de","10":"pa_product-dimensions-bottom-pl-45x45-de","11":"pa_product-material-material-gusseisen","12":"pa_product-usage-usage-innen-de","13":"pa_product-usage-usage-draussen-de","14":"pa_table-base-height-cm-72-cm-de","16":"first","17":"instock","18":"sale","19":"taxable","20":"shipping-taxable","21":"purchasable","22":"product-type-simple"},"_links":{"self":[{"href":"https:\/\/horecacenter.com\/de\/wp-json\/wp\/v2\/product\/145990","targetHints":{"allow":["GET"]}}],"collection":[{"href":"https:\/\/horecacenter.com\/de\/wp-json\/wp\/v2\/product"}],"about":[{"href":"https:\/\/horecacenter.com\/de\/wp-json\/wp\/v2\/types\/product"}],"replies":[{"embeddable":true,"href":"https:\/\/horecacenter.com\/de\/wp-json\/wp\/v2\/comments?post=145990"}],"version-history":[{"count":1,"href":"https:\/\/horecacenter.com\/de\/wp-json\/wp\/v2\/product\/145990\/revisions"}],"predecessor-version":[{"id":173271,"href":"https:\/\/horecacenter.com\/de\/wp-json\/wp\/v2\/product\/145990\/revisions\/173271"}],"wp:featuredmedia":[{"embeddable":true,"href":"https:\/\/horecacenter.com\/de\/wp-json\/wp\/v2\/media\/145984"}],"wp:attachment":[{"href":"https:\/\/horecacenter.com\/de\/wp-json\/wp\/v2\/media?parent=145990"}],"wp:term":[{"taxonomy":"product_brand","embeddable":true,"href":"https:\/\/horecacenter.com\/de\/wp-json\/wp\/v2\/product_brand?post=145990"},{"taxonomy":"product_cat","embeddable":true,"href":"https:\/\/horecacenter.com\/de\/wp-json\/wp\/v2\/product_cat?post=145990"},{"taxonomy":"product_tag","embeddable":true,"href":"https:\/\/horecacenter.com\/de\/wp-json\/wp\/v2\/product_tag?post=145990"}],"curies":[{"name":"wp","href":"https:\/\/api.w.org\/{rel}","templated":true}]}}