{"id":148627,"date":"2025-09-06T10:44:36","date_gmt":"2025-09-06T10:44:36","guid":{"rendered":"https:\/\/horecacenter.com\/?post_type=product&#038;p=148627"},"modified":"2026-01-03T06:57:49","modified_gmt":"2026-01-03T06:57:49","slug":"horeca-sitzbank-napoli-kunstleder-taupe","status":"publish","type":"product","link":"https:\/\/horecacenter.com\/de\/produkt\/horeca-sitzbank-napoli-kunstleder-taupe\/","title":{"rendered":"Horeca Sitzbank &#8211; NAPOLI &#8211; Taupe Kunstleder"},"content":{"rendered":"<p><span style=\"color: #000000;\">Napoli ist ein absoluter Klassiker von h\u00f6chster Qualit\u00e4t! Dieses Sofa besteht aus hochwertigem Leder mit einem luxuri\u00f6sen Aussehen. Geeignet f\u00fcr ein elegantes Interieur. Bedeckt mit pflegeleichtem Santiago Kunstleder. Es ist f\u00fcr alle Catering-Betriebe geeignet und bietet mit seiner Breite von 120 cm Platz f\u00fcr 2 Personen. Lieferung mit schwarzer MDF-Basis und Standard-Kunststoffgleitnagel unten.<\/span><\/p>\n<p><span style=\"color: #000000;\">Dieses Produkt ist auch als Ma\u00dfanfertigung bis 200 cm sowie mit verschiedenen Stoffen und Farben erh\u00e4ltlich.<\/span><\/p>\n<p><span style=\"color: #000000;\">Aufmerksamkeit ! Die Ma\u00dfe der B\u00e4nke k\u00f6nnen je nach verwendetem Material um 1 bis 2 cm variieren.<\/span><\/p>\n","protected":false},"excerpt":{"rendered":"<p>Napoli ist ein absoluter Klassiker von h\u00f6chster Qualit\u00e4t! Dieses Sofa besteht aus hochwertigem Leder mit einem luxuri\u00f6sen Aussehen. Geeignet f\u00fcr<\/p>\n","protected":false},"featured_media":150457,"comment_status":"closed","ping_status":"closed","template":"","meta":[],"product_brand":[],"product_cat":[10055],"product_tag":[17415,17417,17426,17434],"class_list":{"0":"post-148627","1":"product","2":"type-product","3":"status-publish","4":"has-post-thumbnail","6":"product_cat-napoli-banke","7":"product_tag-cafe-inrichting","8":"product_tag-meubles-horeca","9":"product_tag-horeca-furniture","10":"product_tag-horeca-moebel","11":"pa_dimension-160cm-de","12":"pa_dimension-180cm-de","13":"pa_dimension-200cm-de","14":"pa_dimension-120cm-de","15":"pa_dimension-140cm-de","16":"pa_dimension-150cm-de","17":"pa_product-color-color-taupe-de","18":"pa_product-frame-color-wenge-frame-color-de","19":"pa_product-seat-height-cm-45-seat-height-cm-de","20":"pa_product-upholstery-upholstery-kunstleder-de","21":"pa_product-usage-usage-innen-de","23":"first","24":"onbackorder","25":"sale","26":"taxable","27":"shipping-taxable","28":"purchasable","29":"product-type-variable","30":"hc-var-dimension"},"_links":{"self":[{"href":"https:\/\/horecacenter.com\/de\/wp-json\/wp\/v2\/product\/148627","targetHints":{"allow":["GET"]}}],"collection":[{"href":"https:\/\/horecacenter.com\/de\/wp-json\/wp\/v2\/product"}],"about":[{"href":"https:\/\/horecacenter.com\/de\/wp-json\/wp\/v2\/types\/product"}],"replies":[{"embeddable":true,"href":"https:\/\/horecacenter.com\/de\/wp-json\/wp\/v2\/comments?post=148627"}],"version-history":[{"count":1,"href":"https:\/\/horecacenter.com\/de\/wp-json\/wp\/v2\/product\/148627\/revisions"}],"predecessor-version":[{"id":164391,"href":"https:\/\/horecacenter.com\/de\/wp-json\/wp\/v2\/product\/148627\/revisions\/164391"}],"wp:featuredmedia":[{"embeddable":true,"href":"https:\/\/horecacenter.com\/de\/wp-json\/wp\/v2\/media\/150457"}],"wp:attachment":[{"href":"https:\/\/horecacenter.com\/de\/wp-json\/wp\/v2\/media?parent=148627"}],"wp:term":[{"taxonomy":"product_brand","embeddable":true,"href":"https:\/\/horecacenter.com\/de\/wp-json\/wp\/v2\/product_brand?post=148627"},{"taxonomy":"product_cat","embeddable":true,"href":"https:\/\/horecacenter.com\/de\/wp-json\/wp\/v2\/product_cat?post=148627"},{"taxonomy":"product_tag","embeddable":true,"href":"https:\/\/horecacenter.com\/de\/wp-json\/wp\/v2\/product_tag?post=148627"}],"curies":[{"name":"wp","href":"https:\/\/api.w.org\/{rel}","templated":true}]}}