{"id":148839,"date":"2025-09-08T11:48:37","date_gmt":"2025-09-08T11:48:37","guid":{"rendered":"https:\/\/horecacenter.com\/?post_type=product&#038;p=148839"},"modified":"2026-01-03T06:55:06","modified_gmt":"2026-01-03T06:55:06","slug":"horeca-essbank-troje-kunstleder-silber","status":"publish","type":"product","link":"https:\/\/horecacenter.com\/de\/produkt\/horeca-essbank-troje-kunstleder-silber\/","title":{"rendered":"Horeca Essbank &#8211; TROJE &#8211; Silbernes Kunstleder"},"content":{"rendered":"<p><span style=\"color: #000000;\">Unsere Vintage-Kollektion bietet einen stilvollen und robusten Look.<\/span><br \/>\n<span style=\"color: #000000;\">Dank der schmalen Beine und der ausgepr\u00e4gten Linien bietet diese Kollektion die notwendige Atmosph\u00e4re und den Komfort in Ihrem Interieur.<\/span><\/p>\n<p><span style=\"color: #000000;\">Das Design eines Projekts ist entscheidend. Unsere professionellen Berater h\u00f6ren auf Ihre W\u00fcnsche und Erwartungen, um Ihnen bei der Gestaltung Ihres Interieurs so gut wie m\u00f6glich zu helfen.<\/span><br \/>\n<span style=\"color: #000000;\">Die Showroom-Modelle helfen Ihnen, Inspiration f\u00fcr das Interieur zu finden.<\/span><br \/>\n<span style=\"color: #000000;\">Unsere Berater nehmen sich gerne Zeit f\u00fcr Sie, um alles bis ins kleinste Detail zu besprechen. Bitte vereinbaren Sie einen Termin unter +32 3 685 73 03.<\/span><\/p>\n<p>Aufmerksamkeit ! Die Ma\u00dfe der B\u00e4nke k\u00f6nnen je nach verwendetem Material um 1 bis 2 cm variieren.<\/p>\n","protected":false},"excerpt":{"rendered":"<p>Unsere Vintage-Kollektion bietet einen stilvollen und robusten Look. Dank der schmalen Beine und der ausgepr\u00e4gten Linien bietet diese Kollektion die<\/p>\n","protected":false},"featured_media":147038,"comment_status":"closed","ping_status":"closed","template":"","meta":[],"product_brand":[],"product_cat":[15848,10167],"product_tag":[17417,17426,17434,17667,17668,17670,17943],"class_list":{"0":"post-148839","1":"product","2":"type-product","3":"status-publish","4":"has-post-thumbnail","6":"product_cat-troje-banken-de","7":"product_cat-vintage-b-nke","8":"product_tag-meubles-horeca","9":"product_tag-horeca-furniture","10":"product_tag-horeca-moebel","11":"product_tag-restaurant-furniture","12":"product_tag-restaurant-inrichting","13":"product_tag-restaurant-moebel","14":"product_tag-restaurant-meubelen","15":"pa_dimension-140cm-de","16":"pa_dimension-150cm-de","17":"pa_dimension-160cm-de","18":"pa_dimension-180cm-de","19":"pa_dimension-200cm-de","20":"pa_dimension-120cm-de","21":"pa_product-color-color-silber-de","22":"pa_product-frame-color-schwarz-frame-color-de","23":"pa_product-more-colors-ja-de","24":"pa_product-seat-height-cm-45-seat-height-cm-de","25":"pa_product-upholstery-upholstery-kunstleder-de","26":"pa_product-usage-usage-innen-de","28":"first","29":"onbackorder","30":"sale","31":"taxable","32":"shipping-taxable","33":"purchasable","34":"product-type-variable","35":"hc-var-dimension"},"_links":{"self":[{"href":"https:\/\/horecacenter.com\/de\/wp-json\/wp\/v2\/product\/148839","targetHints":{"allow":["GET"]}}],"collection":[{"href":"https:\/\/horecacenter.com\/de\/wp-json\/wp\/v2\/product"}],"about":[{"href":"https:\/\/horecacenter.com\/de\/wp-json\/wp\/v2\/types\/product"}],"replies":[{"embeddable":true,"href":"https:\/\/horecacenter.com\/de\/wp-json\/wp\/v2\/comments?post=148839"}],"version-history":[{"count":1,"href":"https:\/\/horecacenter.com\/de\/wp-json\/wp\/v2\/product\/148839\/revisions"}],"predecessor-version":[{"id":164247,"href":"https:\/\/horecacenter.com\/de\/wp-json\/wp\/v2\/product\/148839\/revisions\/164247"}],"wp:featuredmedia":[{"embeddable":true,"href":"https:\/\/horecacenter.com\/de\/wp-json\/wp\/v2\/media\/147038"}],"wp:attachment":[{"href":"https:\/\/horecacenter.com\/de\/wp-json\/wp\/v2\/media?parent=148839"}],"wp:term":[{"taxonomy":"product_brand","embeddable":true,"href":"https:\/\/horecacenter.com\/de\/wp-json\/wp\/v2\/product_brand?post=148839"},{"taxonomy":"product_cat","embeddable":true,"href":"https:\/\/horecacenter.com\/de\/wp-json\/wp\/v2\/product_cat?post=148839"},{"taxonomy":"product_tag","embeddable":true,"href":"https:\/\/horecacenter.com\/de\/wp-json\/wp\/v2\/product_tag?post=148839"}],"curies":[{"name":"wp","href":"https:\/\/api.w.org\/{rel}","templated":true}]}}