{"id":149190,"date":"2025-09-10T08:35:32","date_gmt":"2025-09-10T08:35:32","guid":{"rendered":"https:\/\/horecacenter.com\/?post_type=product&#038;p=149190"},"modified":"2026-04-07T11:27:42","modified_gmt":"2026-04-07T11:27:42","slug":"horeca-essbank-american-kunstleder-schwarz","status":"publish","type":"product","link":"https:\/\/horecacenter.com\/de\/produkt\/horeca-essbank-american-kunstleder-schwarz\/","title":{"rendered":"Horeca Essbank &#8211; AMERICAN &#8211; Schwarzes Kunstleder"},"content":{"rendered":"<p><span style=\"color: #000000;\">Amerikanisches Sofa der alten Schule mit einem feinen Rand, der einen Kontrast bietet. Dar\u00fcber hinaus ist es auch leicht zu warten. Es ist f\u00fcr alle Catering-Betriebe geeignet und bietet mit seiner Breite von 120 cm Platz f\u00fcr 2 Personen.<\/span><\/p>\n<p><span style=\"color: #000000;\">Aufmerksamkeit ! Die Ma\u00dfe der B\u00e4nke k\u00f6nnen je nach verwendetem Material um 1 bis 2 cm variieren.<\/span><\/p>\n","protected":false},"excerpt":{"rendered":"<p>Amerikanisches Sofa der alten Schule mit einem feinen Rand, der einen Kontrast bietet. Dar\u00fcber hinaus ist es auch leicht zu<\/p>\n","protected":false},"featured_media":72425,"comment_status":"closed","ping_status":"closed","template":"","meta":[],"product_brand":[],"product_cat":[9791],"product_tag":[17670,17943,17417,17426,17434,17667,17668],"class_list":{"0":"post-149190","1":"product","2":"type-product","3":"status-publish","4":"has-post-thumbnail","6":"product_cat-american-banke","7":"product_tag-restaurant-moebel","8":"product_tag-restaurant-meubelen","9":"product_tag-meubles-horeca","10":"product_tag-horeca-furniture","11":"product_tag-horeca-moebel","12":"product_tag-restaurant-furniture","13":"product_tag-restaurant-inrichting","14":"pa_product-color-color-schwarz-de","15":"pa_product-color-color-rot-de","16":"pa_product-frame-color-wenge-frame-color-de","17":"pa_product-more-colors-ja-de","18":"pa_product-seat-height-cm-44-seat-height-cm-de","19":"pa_product-seats-2-seats-de","20":"pa_product-upholstery-upholstery-kunstleder-de","21":"pa_product-usage-usage-innen-de","23":"first","24":"instock","25":"sale","26":"taxable","27":"shipping-taxable","28":"purchasable","29":"product-type-simple"},"_links":{"self":[{"href":"https:\/\/horecacenter.com\/de\/wp-json\/wp\/v2\/product\/149190","targetHints":{"allow":["GET"]}}],"collection":[{"href":"https:\/\/horecacenter.com\/de\/wp-json\/wp\/v2\/product"}],"about":[{"href":"https:\/\/horecacenter.com\/de\/wp-json\/wp\/v2\/types\/product"}],"replies":[{"embeddable":true,"href":"https:\/\/horecacenter.com\/de\/wp-json\/wp\/v2\/comments?post=149190"}],"version-history":[{"count":3,"href":"https:\/\/horecacenter.com\/de\/wp-json\/wp\/v2\/product\/149190\/revisions"}],"predecessor-version":[{"id":165157,"href":"https:\/\/horecacenter.com\/de\/wp-json\/wp\/v2\/product\/149190\/revisions\/165157"}],"wp:featuredmedia":[{"embeddable":true,"href":"https:\/\/horecacenter.com\/de\/wp-json\/wp\/v2\/media\/72425"}],"wp:attachment":[{"href":"https:\/\/horecacenter.com\/de\/wp-json\/wp\/v2\/media?parent=149190"}],"wp:term":[{"taxonomy":"product_brand","embeddable":true,"href":"https:\/\/horecacenter.com\/de\/wp-json\/wp\/v2\/product_brand?post=149190"},{"taxonomy":"product_cat","embeddable":true,"href":"https:\/\/horecacenter.com\/de\/wp-json\/wp\/v2\/product_cat?post=149190"},{"taxonomy":"product_tag","embeddable":true,"href":"https:\/\/horecacenter.com\/de\/wp-json\/wp\/v2\/product_tag?post=149190"}],"curies":[{"name":"wp","href":"https:\/\/api.w.org\/{rel}","templated":true}]}}