{"id":161464,"date":"2025-10-30T11:41:43","date_gmt":"2025-10-30T11:41:43","guid":{"rendered":"https:\/\/horecacenter.com\/?post_type=product&#038;p=161464"},"modified":"2026-03-05T09:42:09","modified_gmt":"2026-03-05T09:42:09","slug":"horeca-stuhl-nila-kunstleder","status":"publish","type":"product","link":"https:\/\/horecacenter.com\/de\/produkt\/horeca-stuhl-nila-kunstleder\/","title":{"rendered":"Horeca Stuhl &#8211; NILA &#8211; Bordeaux Kunstleder"},"content":{"rendered":"<p>Dieser Gastronomiestuhl ist mit <strong>bordeauxfarbenem Kunstleder<\/strong> bezogen, das speziell f\u00fcr den intensiven Einsatz in Restaurants, Caf\u00e9s und Hotels entwickelt wurde. Das Material ist langlebig, pflegeleicht und bietet eine elegante Optik.<\/p>\n<p><strong>Moderner Gastronomie Stuhl mit Stil<\/strong><\/p>\n<p>Der <strong>Gastronomie Stuhl NILA \u2013 Bordeaux Kunstleder<\/strong> kombiniert modernes Design mit ergonomischem Sitzkomfort f\u00fcr professionelle Gastronomiebetriebe. Sitzfl\u00e4che und R\u00fcckenlehne unterst\u00fctzen G\u00e4ste auch bei l\u00e4ngeren Aufenthalten. Das dezente Karomuster in der R\u00fcckenlehne verleiht Restaurants, Bistros und Hotelinterieurs eine moderne Ausstrahlung. Das stabile Metallgestell sorgt f\u00fcr zuverl\u00e4ssige Stabilit\u00e4t. Zur Pflege regelm\u00e4\u00dfig mit einem weichen leicht feuchten Tuch reinigen. Flecken k\u00f6nnen mit einer milden Seifenl\u00f6sung entfernt werden. Planen Sie eine Neuer\u00f6ffnung oder Renovierung? Kontaktieren Sie uns per <strong>Telefon<\/strong>, <strong>WhatsApp<\/strong> oder <strong>E-Mail<\/strong> oder besuchen Sie unseren Showroom f\u00fcr professionelle Beratung.<\/p>\n<p><span style=\"color: #000000;\"><strong>Zus\u00e4tzliche Information:<\/strong><\/span><\/p>\n<ul>\n<li><span style=\"color: #000000;\">Die St\u00fchle sind nicht zusammengebaut und werden immer paarweise in Pappkartons verpackt<\/span><\/li>\n<li><span style=\"color: #000000;\">Der Sitz wird mit 4 Schrauben am Rahmen befestigt<\/span><\/li>\n<li><span style=\"color: #000000;\">Das f\u00fcr die Montage erforderliche Material ist im Lieferumfang enthalten<\/span><\/li>\n<li><span style=\"color: #000000;\">Die St\u00fchle sind leicht zu montieren<\/span><\/li>\n<\/ul>\n<p>&nbsp;<\/p>\n","protected":false},"excerpt":{"rendered":"<p>Dieser Gastronomiestuhl ist mit bordeauxfarbenem Kunstleder bezogen, das speziell f\u00fcr den intensiven Einsatz in Restaurants, Caf\u00e9s und Hotels entwickelt wurde.<\/p>\n","protected":false},"featured_media":161443,"comment_status":"closed","ping_status":"closed","template":"","meta":[],"product_brand":[],"product_cat":[17653,17394,17397,9859,10511],"product_tag":[17426,17434,17417],"class_list":{"0":"post-161464","1":"product","2":"type-product","3":"status-publish","4":"has-post-thumbnail","6":"product_cat-outlet-de","7":"product_cat-stuehle-aus-metall-kunstleder","8":"product_cat-stuehle-aus-metall-kunstleder-industriell","9":"product_cat-neu","10":"product_cat-kommt-demnaechst","11":"product_tag-horeca-furniture","12":"product_tag-horeca-moebel","13":"product_tag-meubles-horeca","14":"pa_armrest-armrest-nein-de","15":"pa_frame-nicht-stapelbar-frame-de","16":"pa_product-color-color-bordeaux-de","17":"pa_product-frame-color-schwarz-frame-color-de","18":"pa_product-material-metallrahmen-material-de","19":"pa_product-more-colors-ja-de","20":"pa_product-seat-height-cm-51-seat-height-cm-de","21":"pa_product-seat-width-cm-46-seat-width-cm-de","22":"pa_product-seats-1-seats-de","23":"pa_product-upholstery-upholstery-kunstleder-de","24":"pa_product-usage-usage-innen-de","26":"first","27":"instock","28":"sale","29":"taxable","30":"shipping-taxable","31":"purchasable","32":"product-type-simple"},"_links":{"self":[{"href":"https:\/\/horecacenter.com\/de\/wp-json\/wp\/v2\/product\/161464","targetHints":{"allow":["GET"]}}],"collection":[{"href":"https:\/\/horecacenter.com\/de\/wp-json\/wp\/v2\/product"}],"about":[{"href":"https:\/\/horecacenter.com\/de\/wp-json\/wp\/v2\/types\/product"}],"replies":[{"embeddable":true,"href":"https:\/\/horecacenter.com\/de\/wp-json\/wp\/v2\/comments?post=161464"}],"version-history":[{"count":2,"href":"https:\/\/horecacenter.com\/de\/wp-json\/wp\/v2\/product\/161464\/revisions"}],"predecessor-version":[{"id":186272,"href":"https:\/\/horecacenter.com\/de\/wp-json\/wp\/v2\/product\/161464\/revisions\/186272"}],"wp:featuredmedia":[{"embeddable":true,"href":"https:\/\/horecacenter.com\/de\/wp-json\/wp\/v2\/media\/161443"}],"wp:attachment":[{"href":"https:\/\/horecacenter.com\/de\/wp-json\/wp\/v2\/media?parent=161464"}],"wp:term":[{"taxonomy":"product_brand","embeddable":true,"href":"https:\/\/horecacenter.com\/de\/wp-json\/wp\/v2\/product_brand?post=161464"},{"taxonomy":"product_cat","embeddable":true,"href":"https:\/\/horecacenter.com\/de\/wp-json\/wp\/v2\/product_cat?post=161464"},{"taxonomy":"product_tag","embeddable":true,"href":"https:\/\/horecacenter.com\/de\/wp-json\/wp\/v2\/product_tag?post=161464"}],"curies":[{"name":"wp","href":"https:\/\/api.w.org\/{rel}","templated":true}]}}