{"id":162471,"date":"2025-11-20T08:52:28","date_gmt":"2025-11-20T08:52:28","guid":{"rendered":"https:\/\/horecacenter.com\/?post_type=product&#038;p=162471"},"modified":"2026-03-13T09:11:41","modified_gmt":"2026-03-13T09:11:41","slug":"horeca-sessel-oslo-samt-gruen","status":"publish","type":"product","link":"https:\/\/horecacenter.com\/de\/produkt\/horeca-sessel-oslo-samt-gruen\/","title":{"rendered":"Horeca Sessel &#8211; OSLO &#8211; Gr\u00fcn Samt"},"content":{"rendered":"<p>Dieser Armstuhl ist mit <strong>gr\u00fcnem Samt\/Velours<\/strong> bezogen, einem luxuri\u00f6sen Stoff mit weicher Struktur und eleganter Ausstrahlung. Samt sorgt f\u00fcr Komfort und wird h\u00e4ufig in Restaurants, Caf\u00e9s und Hotels verwendet.<\/p>\n<p><strong>Eleganter Gastronomie Armstuhl mit Komfort<\/strong><\/p>\n<p>Der <strong>Gastronomie Armstuhl OSLO \u2013 Gr\u00fcn Samt\/Velours<\/strong> kombiniert modernes Design mit ergonomischer Sitzform und integrierten Armlehnen. Dadurch genie\u00dfen G\u00e4ste eine besonders angenehme Sitzposition. Die tiefgr\u00fcne Farbe verleiht Restaurants und Hotelinterieurs eine stilvolle Atmosph\u00e4re. Die <strong>goldfarbenen Metallbeine<\/strong> sorgen f\u00fcr ein luxuri\u00f6ses Detail und einen eleganten Kontrast. Zur Pflege den Samt vorsichtig mit einer weichen B\u00fcrste oder einem leicht feuchten Tuch reinigen. Aggressive Reinigungsmittel sollten vermieden werden. Planen Sie eine Neuer\u00f6ffnung oder Renovierung? Kontaktieren Sie uns per <strong>Telefon<\/strong>, <strong>WhatsApp<\/strong> oder <strong>E-Mail<\/strong> oder besuchen Sie unseren Showroom f\u00fcr professionelle Beratung.<\/p>\n<p><span style=\"color: #000000;\"><strong>Zus\u00e4tzliche Information:<\/strong><\/span><\/p>\n<ul>\n<li><span style=\"color: #000000;\">Die St\u00fchle sind nicht zusammengebaut und werden immer paarweise in Pappkartons verpackt<\/span><\/li>\n<li><span style=\"color: #000000;\">Der Sitz wird mit 4 Schrauben am Rahmen befestigt<\/span><\/li>\n<li><span style=\"color: #000000;\">Das f\u00fcr die Montage erforderliche Material ist im Lieferumfang enthalten<\/span><\/li>\n<li><span style=\"color: #000000;\">Die St\u00fchle sind leicht zu montieren<\/span><\/li>\n<\/ul>\n","protected":false},"excerpt":{"rendered":"<p>Dieser Armstuhl ist mit gr\u00fcnem Samt\/Velours bezogen, einem luxuri\u00f6sen Stoff mit weicher Struktur und eleganter Ausstrahlung. Samt sorgt f\u00fcr Komfort<\/p>\n","protected":false},"featured_media":145357,"comment_status":"closed","ping_status":"closed","template":"","meta":[],"product_brand":[],"product_cat":[17403,17400,10051],"product_tag":[],"class_list":{"0":"post-162471","1":"product","2":"type-product","3":"status-publish","4":"has-post-thumbnail","6":"product_cat-stuehle-aus-metall-stoff-vintage","7":"product_cat-stuehle-aus-metall-stoff","8":"product_cat-sessel","9":"pa_armrest-armrest-ja-de","10":"pa_frame-nicht-stapelbar-frame-de","11":"pa_product-arm-height-cm-64-arm-height-cm-de","12":"pa_product-color-color-gruen-de","13":"pa_product-frame-color-gold-frame-color-de","14":"pa_product-material-metallrahmen-material-de","15":"pa_product-more-colors-ja-de","16":"pa_product-seat-height-cm-4850-seat-height-cm-de","17":"pa_product-seat-width-cm-41-50-seat-width-cm-de","18":"pa_product-seats-1-seats-de","19":"pa_product-upholstery-upholstery-samt-de","20":"pa_product-usage-usage-innen-de","22":"first","23":"instock","24":"sale","25":"taxable","26":"shipping-taxable","27":"purchasable","28":"product-type-simple"},"_links":{"self":[{"href":"https:\/\/horecacenter.com\/de\/wp-json\/wp\/v2\/product\/162471","targetHints":{"allow":["GET"]}}],"collection":[{"href":"https:\/\/horecacenter.com\/de\/wp-json\/wp\/v2\/product"}],"about":[{"href":"https:\/\/horecacenter.com\/de\/wp-json\/wp\/v2\/types\/product"}],"replies":[{"embeddable":true,"href":"https:\/\/horecacenter.com\/de\/wp-json\/wp\/v2\/comments?post=162471"}],"version-history":[{"count":4,"href":"https:\/\/horecacenter.com\/de\/wp-json\/wp\/v2\/product\/162471\/revisions"}],"predecessor-version":[{"id":189442,"href":"https:\/\/horecacenter.com\/de\/wp-json\/wp\/v2\/product\/162471\/revisions\/189442"}],"wp:featuredmedia":[{"embeddable":true,"href":"https:\/\/horecacenter.com\/de\/wp-json\/wp\/v2\/media\/145357"}],"wp:attachment":[{"href":"https:\/\/horecacenter.com\/de\/wp-json\/wp\/v2\/media?parent=162471"}],"wp:term":[{"taxonomy":"product_brand","embeddable":true,"href":"https:\/\/horecacenter.com\/de\/wp-json\/wp\/v2\/product_brand?post=162471"},{"taxonomy":"product_cat","embeddable":true,"href":"https:\/\/horecacenter.com\/de\/wp-json\/wp\/v2\/product_cat?post=162471"},{"taxonomy":"product_tag","embeddable":true,"href":"https:\/\/horecacenter.com\/de\/wp-json\/wp\/v2\/product_tag?post=162471"}],"curies":[{"name":"wp","href":"https:\/\/api.w.org\/{rel}","templated":true}]}}