{"id":162719,"date":"2025-11-20T13:36:14","date_gmt":"2025-11-20T13:36:14","guid":{"rendered":"https:\/\/horecacenter.com\/?post_type=product&#038;p=162719"},"modified":"2026-03-05T06:59:33","modified_gmt":"2026-03-05T06:59:33","slug":"horeca-stuhl-spectra-cognac-kunstleder-2","status":"publish","type":"product","link":"https:\/\/horecacenter.com\/de\/produkt\/horeca-stuhl-spectra-cognac-kunstleder-2\/","title":{"rendered":"Horeca Stuhl &#8211; SPECTRA &#8211; Cognac Kunstleder"},"content":{"rendered":"<p>Dieser Gastronomiestuhl ist mit <strong>cognacfarbenem Kunstleder<\/strong> bezogen, das speziell f\u00fcr den intensiven Einsatz in Restaurants, Caf\u00e9s und Hotels entwickelt wurde. Das Material ist langlebig, pflegeleicht und verleiht dem M\u00f6bel eine elegante Optik.<\/p>\n<p><strong>Moderner Gastronomie Stuhl mit Stil<\/strong><\/p>\n<p>Der <strong>Gastronomie Stuhl SPECTRA \u2013 Cognac Kunstleder<\/strong> kombiniert minimalistisches Design mit ergonomischem Sitzkomfort f\u00fcr professionelle Gastronomiebetriebe. Sitzfl\u00e4che und R\u00fcckenlehne unterst\u00fctzen G\u00e4ste auch bei l\u00e4ngeren Aufenthalten. Die warme Cognacfarbe schafft eine stilvolle Atmosph\u00e4re in Restaurants, Bistros und Hotelinterieurs. Das stabile Metallgestell sorgt f\u00fcr zuverl\u00e4ssige Stabilit\u00e4t und lange Lebensdauer. Zur Pflege regelm\u00e4\u00dfig mit einem weichen leicht feuchten Tuch reinigen. Flecken k\u00f6nnen mit einer milden Seifenl\u00f6sung entfernt werden. Planen Sie eine Neuer\u00f6ffnung oder Renovierung? Kontaktieren Sie uns per <strong>Telefon<\/strong>, <strong>WhatsApp<\/strong> oder <strong>E-Mail<\/strong> oder besuchen Sie unseren Showroom f\u00fcr professionelle Beratung.<\/p>\n<p><span style=\"color: #000000;\"><strong>Zus\u00e4tzliche Information:<\/strong><\/span><\/p>\n<ul>\n<li><span style=\"color: #000000;\">Die St\u00fchle sind nicht zusammengebaut und werden immer paarweise in Pappkartons verpackt<\/span><\/li>\n<li><span style=\"color: #000000;\">Der Sitz wird mit 4 Schrauben am Rahmen befestigt<\/span><\/li>\n<li><span style=\"color: #000000;\">Das f\u00fcr die Montage erforderliche Material ist im Lieferumfang enthalten<\/span><\/li>\n<li><span style=\"color: #000000;\">Die St\u00fchle sind leicht zu montieren<\/span><\/li>\n<\/ul>\n","protected":false},"excerpt":{"rendered":"<p>Dieser Gastronomiestuhl ist mit cognacfarbenem Kunstleder bezogen, das speziell f\u00fcr den intensiven Einsatz in Restaurants, Caf\u00e9s und Hotels entwickelt wurde.<\/p>\n","protected":false},"featured_media":162714,"comment_status":"closed","ping_status":"closed","template":"","meta":[],"product_brand":[],"product_cat":[17653,17394,17397,9859,10511],"product_tag":[17667,17657,17668,17658,17669,17659,17670,17660,17671,17661,17672,17662,17663,17417,17664,17426,17665,17434,17666],"class_list":{"0":"post-162719","1":"product","2":"type-product","3":"status-publish","4":"has-post-thumbnail","6":"product_cat-outlet-de","7":"product_cat-stuehle-aus-metall-kunstleder","8":"product_cat-stuehle-aus-metall-kunstleder-industriell","9":"product_cat-neu","10":"product_cat-kommt-demnaechst","11":"product_tag-restaurant-furniture","12":"product_tag-chairs","13":"product_tag-restaurant-inrichting","14":"product_tag-chaises","15":"product_tag-restaurant-meubels","16":"product_tag-chaises-horeca","17":"product_tag-restaurant-moebel","18":"product_tag-chaises-industrielles","19":"product_tag-stoelen","20":"product_tag-horeca-chairs","21":"product_tag-stuehle","22":"product_tag-horeca-stoelen","23":"product_tag-horeca-stuehle","24":"product_tag-meubles-horeca","25":"product_tag-industrial-chairs","26":"product_tag-horeca-furniture","27":"product_tag-industriestuehle","28":"product_tag-horeca-moebel","29":"product_tag-meubles-de-restaurant","30":"pa_armrest-armrest-nein-de","31":"pa_frame-nicht-stapelbar-frame-de","32":"pa_product-color-color-cognac-de","33":"pa_product-frame-color-schwarz-frame-color-de","34":"pa_product-material-metallrahmen-material-de","35":"pa_product-more-colors-ja-de","36":"pa_product-seat-height-cm-47-seat-height-cm-de","37":"pa_product-seat-width-cm-45-seat-width-cm-de","38":"pa_product-seats-1-seats-de","39":"pa_product-upholstery-upholstery-kunstleder-de","40":"pa_product-usage-usage-innen-de","42":"first","43":"instock","44":"sale","45":"taxable","46":"shipping-taxable","47":"purchasable","48":"product-type-simple"},"_links":{"self":[{"href":"https:\/\/horecacenter.com\/de\/wp-json\/wp\/v2\/product\/162719","targetHints":{"allow":["GET"]}}],"collection":[{"href":"https:\/\/horecacenter.com\/de\/wp-json\/wp\/v2\/product"}],"about":[{"href":"https:\/\/horecacenter.com\/de\/wp-json\/wp\/v2\/types\/product"}],"replies":[{"embeddable":true,"href":"https:\/\/horecacenter.com\/de\/wp-json\/wp\/v2\/comments?post=162719"}],"version-history":[{"count":2,"href":"https:\/\/horecacenter.com\/de\/wp-json\/wp\/v2\/product\/162719\/revisions"}],"predecessor-version":[{"id":185936,"href":"https:\/\/horecacenter.com\/de\/wp-json\/wp\/v2\/product\/162719\/revisions\/185936"}],"wp:featuredmedia":[{"embeddable":true,"href":"https:\/\/horecacenter.com\/de\/wp-json\/wp\/v2\/media\/162714"}],"wp:attachment":[{"href":"https:\/\/horecacenter.com\/de\/wp-json\/wp\/v2\/media?parent=162719"}],"wp:term":[{"taxonomy":"product_brand","embeddable":true,"href":"https:\/\/horecacenter.com\/de\/wp-json\/wp\/v2\/product_brand?post=162719"},{"taxonomy":"product_cat","embeddable":true,"href":"https:\/\/horecacenter.com\/de\/wp-json\/wp\/v2\/product_cat?post=162719"},{"taxonomy":"product_tag","embeddable":true,"href":"https:\/\/horecacenter.com\/de\/wp-json\/wp\/v2\/product_tag?post=162719"}],"curies":[{"name":"wp","href":"https:\/\/api.w.org\/{rel}","templated":true}]}}