{"id":162831,"date":"2025-11-21T06:31:11","date_gmt":"2025-11-21T06:31:11","guid":{"rendered":"https:\/\/horecacenter.com\/?post_type=product&#038;p=162831"},"modified":"2026-03-26T13:11:04","modified_gmt":"2026-03-26T13:11:04","slug":"horeca-barstuhl-emperio-kunstleder-cognac","status":"publish","type":"product","link":"https:\/\/horecacenter.com\/de\/produkt\/horeca-barstuhl-emperio-kunstleder-cognac\/","title":{"rendered":"Horeca Metall-Barstuhl &#8211; EMPERIO &#8211; Cognac Kunstleder"},"content":{"rendered":"<p>Der <strong>cognacfarbene Kunstlederbezug<\/strong> verleiht diesem Barhocker eine warme, elegante und industrielle Ausstrahlung. Ideal f\u00fcr Gastronomiebetriebe mit stilvollem Ambiente.<\/p>\n<p><strong>Industrieller Barhocker f\u00fcr Gastronomie<\/strong><\/p>\n<p>Der <strong>Gastronomie Barhocker EMPERIO \u2013 Kunstleder Cognac<\/strong> kombiniert ein robustes schwarzes Metallgestell mit einer elegant gesteppten Sitzfl\u00e4che. Perfekt f\u00fcr Bars, Restaurants und Caf\u00e9s. Die ergonomisch geformte Sitzfl\u00e4che bietet hohen Komfort, w\u00e4hrend das stabile Metallgestell Langlebigkeit und Standfestigkeit garantiert.<\/p>\n<ul>\n<li><span style=\"color: #000000;\">Die St\u00fchle werden unmontiert geliefert und sind jeweils zu 2 in Kartons verpackt<\/span><\/li>\n<li><span style=\"color: #000000;\">Das notwendige Montagematerial befindet sich im Karton<\/span><\/li>\n<\/ul>\n<p>Das Kunstleder ist pflegeleicht und einfach zu reinigen \u2013 ideal f\u00fcr den t\u00e4glichen Einsatz in der Gastronomie. F\u00fcr gr\u00f6\u00dfere Projekte kontaktieren Sie uns per <strong>Telefon<\/strong>, <strong>WhatsApp<\/strong> oder <strong>E-Mail<\/strong> oder besuchen Sie unseren Showroom.<\/p>\n","protected":false},"excerpt":{"rendered":"<p>Der cognacfarbene Kunstlederbezug verleiht diesem Barhocker eine warme, elegante und industrielle Ausstrahlung. Ideal f\u00fcr Gastronomiebetriebe mit stilvollem Ambiente. Industrieller Barhocker<\/p>\n","protected":false},"featured_media":161347,"comment_status":"closed","ping_status":"closed","template":"","meta":[],"product_brand":[],"product_cat":[17653,10271],"product_tag":[],"class_list":{"0":"post-162831","1":"product","2":"type-product","3":"status-publish","4":"has-post-thumbnail","6":"product_cat-outlet-de","7":"product_cat-metallstangenst-hle","8":"pa_frame-nicht-stapelbar-frame-de","9":"pa_product-color-color-cognac-de","10":"pa_product-frame-color-schwarz-frame-color-de","11":"pa_product-material-metallrahmen-material-de","12":"pa_product-more-colors-ja-de","13":"pa_product-seat-depth-cm-3750-seat-depth-cm-de","14":"pa_product-seat-height-cm-76-seat-height-cm-de","15":"pa_product-seat-width-cm-4850-seat-width-cm-de","16":"pa_product-seats-1-seats-de","17":"pa_product-upholstery-upholstery-kunstleder-de","18":"pa_product-usage-usage-innen-de","20":"first","21":"instock","22":"sale","23":"taxable","24":"shipping-taxable","25":"purchasable","26":"product-type-simple"},"_links":{"self":[{"href":"https:\/\/horecacenter.com\/de\/wp-json\/wp\/v2\/product\/162831","targetHints":{"allow":["GET"]}}],"collection":[{"href":"https:\/\/horecacenter.com\/de\/wp-json\/wp\/v2\/product"}],"about":[{"href":"https:\/\/horecacenter.com\/de\/wp-json\/wp\/v2\/types\/product"}],"replies":[{"embeddable":true,"href":"https:\/\/horecacenter.com\/de\/wp-json\/wp\/v2\/comments?post=162831"}],"version-history":[{"count":6,"href":"https:\/\/horecacenter.com\/de\/wp-json\/wp\/v2\/product\/162831\/revisions"}],"predecessor-version":[{"id":191655,"href":"https:\/\/horecacenter.com\/de\/wp-json\/wp\/v2\/product\/162831\/revisions\/191655"}],"wp:featuredmedia":[{"embeddable":true,"href":"https:\/\/horecacenter.com\/de\/wp-json\/wp\/v2\/media\/161347"}],"wp:attachment":[{"href":"https:\/\/horecacenter.com\/de\/wp-json\/wp\/v2\/media?parent=162831"}],"wp:term":[{"taxonomy":"product_brand","embeddable":true,"href":"https:\/\/horecacenter.com\/de\/wp-json\/wp\/v2\/product_brand?post=162831"},{"taxonomy":"product_cat","embeddable":true,"href":"https:\/\/horecacenter.com\/de\/wp-json\/wp\/v2\/product_cat?post=162831"},{"taxonomy":"product_tag","embeddable":true,"href":"https:\/\/horecacenter.com\/de\/wp-json\/wp\/v2\/product_tag?post=162831"}],"curies":[{"name":"wp","href":"https:\/\/api.w.org\/{rel}","templated":true}]}}