{"id":163224,"date":"2025-11-21T13:06:03","date_gmt":"2025-11-21T13:06:03","guid":{"rendered":"https:\/\/horecacenter.com\/?post_type=product&#038;p=163224"},"modified":"2026-03-13T13:00:14","modified_gmt":"2026-03-13T13:00:14","slug":"horeca-sessel-artes-samt-rost","status":"publish","type":"product","link":"https:\/\/horecacenter.com\/de\/produkt\/horeca-sessel-artes-samt-rost\/","title":{"rendered":"Horeca Sessel &#8211; ARTES &#8211; Samt Rost"},"content":{"rendered":"<p>Der Bezug aus <strong>Rost Samt\/Velours<\/strong> hat eine weiche und luxuri\u00f6se Struktur. Samt wird in der Gastronomie wegen seines Komforts und seiner eleganten Optik gesch\u00e4tzt. Die Rostfarbe sorgt f\u00fcr eine warme Atmosph\u00e4re.<\/p>\n<p><strong>Eleganter Gastronomie Armstuhl<\/strong><\/p>\n<p>Der <strong>Gastronomie Armstuhl ARTES \u2013 Rost Samt<\/strong> verbindet modernes Design mit angenehmem Sitzkomfort. Armlehnen und Sitzfl\u00e4che bieten gute Unterst\u00fctzung f\u00fcr G\u00e4ste. Ideal f\u00fcr Restaurants, Caf\u00e9s und Hotels. Das schwarze Metallgestell sorgt f\u00fcr Stabilit\u00e4t im t\u00e4glichen Einsatz. Durch sein zeitloses Design passt der Stuhl in viele Gastronomiekonzepte. Eine stilvolle und praktische L\u00f6sung. Zur Pflege regelm\u00e4\u00dfig mit einer weichen B\u00fcrste oder Staubsauger reinigen. Flecken k\u00f6nnen mit einem leicht feuchten Tuch entfernt werden. Aggressive Reinigungsmittel vermeiden. Planen Sie ein neues Gastronomieprojekt? Unser Team unterst\u00fctzt Sie gerne bei der Auswahl. Kontaktieren Sie uns per <strong>Telefon<\/strong>, <strong>WhatsApp<\/strong> oder <strong>E-Mail<\/strong> oder besuchen Sie unseren Showroom.<\/p>\n<p><span style=\"color: #000000;\"><strong>Zus\u00e4tzliche Information:<\/strong><\/span><\/p>\n<ul>\n<li><span style=\"color: #000000;\">Die St\u00fchle sind nicht zusammengebaut und werden immer paarweise in Pappkartons verpackt<\/span><\/li>\n<li><span style=\"color: #000000;\">Der Sitz wird mit 4 Schrauben am Rahmen befestigt<\/span><\/li>\n<li><span style=\"color: #000000;\">Das f\u00fcr die Montage erforderliche Material ist im Lieferumfang enthalten<\/span><\/li>\n<li><span style=\"color: #000000;\">Die St\u00fchle sind leicht zu montieren<\/span><\/li>\n<\/ul>\n","protected":false},"excerpt":{"rendered":"<p>Der Bezug aus Rost Samt\/Velours hat eine weiche und luxuri\u00f6se Struktur. Samt wird in der Gastronomie wegen seines Komforts und<\/p>\n","protected":false},"featured_media":145177,"comment_status":"closed","ping_status":"closed","template":"","meta":[],"product_brand":[],"product_cat":[17403,17400,10051],"product_tag":[],"class_list":{"0":"post-163224","1":"product","2":"type-product","3":"status-publish","4":"has-post-thumbnail","6":"product_cat-stuehle-aus-metall-stoff-vintage","7":"product_cat-stuehle-aus-metall-stoff","8":"product_cat-sessel","9":"pa_armrest-armrest-ja-de","10":"pa_frame-nicht-stapelbar-frame-de","11":"pa_product-arm-height-cm-6450-arm-height-cm-de","12":"pa_product-color-color-rost-de","13":"pa_product-frame-color-schwarz-frame-color-de","14":"pa_product-material-metallrahmen-material-de","15":"pa_product-more-colors-ja-de","16":"pa_product-seat-height-cm-4450-seat-height-cm-de","17":"pa_product-seat-width-cm-41-seat-width-cm-de","18":"pa_product-seats-1-seats-de","19":"pa_product-upholstery-upholstery-samt-de","20":"pa_product-usage-usage-innen-de","22":"first","23":"outofstock","24":"sale","25":"taxable","26":"shipping-taxable","27":"purchasable","28":"product-type-simple"},"_links":{"self":[{"href":"https:\/\/horecacenter.com\/de\/wp-json\/wp\/v2\/product\/163224","targetHints":{"allow":["GET"]}}],"collection":[{"href":"https:\/\/horecacenter.com\/de\/wp-json\/wp\/v2\/product"}],"about":[{"href":"https:\/\/horecacenter.com\/de\/wp-json\/wp\/v2\/types\/product"}],"replies":[{"embeddable":true,"href":"https:\/\/horecacenter.com\/de\/wp-json\/wp\/v2\/comments?post=163224"}],"version-history":[{"count":3,"href":"https:\/\/horecacenter.com\/de\/wp-json\/wp\/v2\/product\/163224\/revisions"}],"predecessor-version":[{"id":189712,"href":"https:\/\/horecacenter.com\/de\/wp-json\/wp\/v2\/product\/163224\/revisions\/189712"}],"wp:featuredmedia":[{"embeddable":true,"href":"https:\/\/horecacenter.com\/de\/wp-json\/wp\/v2\/media\/145177"}],"wp:attachment":[{"href":"https:\/\/horecacenter.com\/de\/wp-json\/wp\/v2\/media?parent=163224"}],"wp:term":[{"taxonomy":"product_brand","embeddable":true,"href":"https:\/\/horecacenter.com\/de\/wp-json\/wp\/v2\/product_brand?post=163224"},{"taxonomy":"product_cat","embeddable":true,"href":"https:\/\/horecacenter.com\/de\/wp-json\/wp\/v2\/product_cat?post=163224"},{"taxonomy":"product_tag","embeddable":true,"href":"https:\/\/horecacenter.com\/de\/wp-json\/wp\/v2\/product_tag?post=163224"}],"curies":[{"name":"wp","href":"https:\/\/api.w.org\/{rel}","templated":true}]}}