{"id":163368,"date":"2025-11-21T15:32:35","date_gmt":"2025-11-21T15:32:35","guid":{"rendered":"https:\/\/horecacenter.com\/?post_type=product&#038;p=163368"},"modified":"2026-04-11T06:30:57","modified_gmt":"2026-04-11T06:30:57","slug":"horeca-sessel-luxor-braunes-kunstleder","status":"publish","type":"product","link":"https:\/\/horecacenter.com\/de\/produkt\/horeca-sessel-luxor-braunes-kunstleder\/","title":{"rendered":"Horeca Sessel &#8211; LUXOR &#8211; Braunes Kunstleder"},"content":{"rendered":"<p>Dieser Gastronomie Armstuhl ist mit <strong>braunem Kunstleder<\/strong> bezogen, das speziell f\u00fcr den intensiven Einsatz in Restaurants, Caf\u00e9s und Hotels entwickelt wurde. Das Material ist langlebig, pflegeleicht und bietet eine elegante Optik.<\/p>\n<p><strong>Eleganter Gastronomie Armstuhl mit Komfort<\/strong><\/p>\n<p>Der <strong>Gastronomie Armstuhl LUXOR \u2013 Braunes Kunstleder<\/strong> kombiniert modernes Design mit ergonomischem Sitzkomfort f\u00fcr professionelle Gastronomiebetriebe. Die integrierten Armlehnen bieten zus\u00e4tzlichen Komfort. Das stilvolle Steppmuster in der R\u00fcckenlehne verleiht Restaurants, Bistros und Hotelinterieurs eine luxuri\u00f6se Ausstrahlung. Das stabile Metallgestell sorgt f\u00fcr zuverl\u00e4ssige Stabilit\u00e4t. Zur Pflege regelm\u00e4\u00dfig mit einem weichen leicht feuchten Tuch reinigen. Flecken k\u00f6nnen mit einer milden Seifenl\u00f6sung entfernt werden. Planen Sie eine Neuer\u00f6ffnung oder Renovierung? Kontaktieren Sie uns per <strong>Telefon<\/strong>, <strong>WhatsApp<\/strong> oder <strong>E-Mail<\/strong> oder besuchen Sie unseren Showroom f\u00fcr professionelle Beratung.<\/p>\n<ul>\n<li><span style=\"color: #000000;\">Die St\u00fchle sind nicht zusammengebaut und werden immer paarweise in Pappkartons verpackt<\/span><\/li>\n<li><span style=\"color: #000000;\">Der Sitz wird mit 4 Schrauben am Rahmen festgeschraubt<\/span><\/li>\n<li><span style=\"color: #000000;\"> Das f\u00fcr die Montage erforderliche Material ist im Lieferumfang enthalten<\/span><\/li>\n<li><span style=\"color: #000000;\">Die St\u00fchle sind leicht zu montieren<\/span><\/li>\n<\/ul>\n","protected":false},"excerpt":{"rendered":"<p>Dieser Gastronomie Armstuhl ist mit braunem Kunstleder bezogen, das speziell f\u00fcr den intensiven Einsatz in Restaurants, Caf\u00e9s und Hotels entwickelt<\/p>\n","protected":false},"featured_media":145209,"comment_status":"closed","ping_status":"closed","template":"","meta":[],"product_brand":[],"product_cat":[17394,17397],"product_tag":[17417,17665,17426,17666,17434,17667,17657,17668,17658,17669,17659,17670,17660,17671,17661,17672,17662,17663,17664],"class_list":{"0":"post-163368","1":"product","2":"type-product","3":"status-publish","4":"has-post-thumbnail","6":"product_cat-stuehle-aus-metall-kunstleder","7":"product_cat-stuehle-aus-metall-kunstleder-industriell","8":"product_tag-meubles-horeca","9":"product_tag-industriestuehle","10":"product_tag-horeca-furniture","11":"product_tag-meubles-de-restaurant","12":"product_tag-horeca-moebel","13":"product_tag-restaurant-furniture","14":"product_tag-chairs","15":"product_tag-restaurant-inrichting","16":"product_tag-chaises","17":"product_tag-restaurant-meubels","18":"product_tag-chaises-horeca","19":"product_tag-restaurant-moebel","20":"product_tag-chaises-industrielles","21":"product_tag-stoelen","22":"product_tag-horeca-chairs","23":"product_tag-stuehle","24":"product_tag-horeca-stoelen","25":"product_tag-horeca-stuehle","26":"product_tag-industrial-chairs","27":"pa_armrest-armrest-ja-de","28":"pa_frame-nicht-stapelbar-frame-de","29":"pa_product-arm-height-cm-6650-arm-height-cm-de","30":"pa_product-color-color-braun-de","31":"pa_product-frame-color-schwarz-frame-color-de","32":"pa_product-material-metallrahmen-material-de","33":"pa_product-more-colors-ja-de","34":"pa_product-seat-height-cm-51-seat-height-cm-de","35":"pa_product-seat-width-cm-42-seat-width-cm-de","36":"pa_product-seats-1-seats-de","37":"pa_product-upholstery-upholstery-kunstleder-de","38":"pa_product-usage-usage-innen-de","40":"first","41":"outofstock","42":"sale","43":"taxable","44":"shipping-taxable","45":"purchasable","46":"product-type-simple"},"_links":{"self":[{"href":"https:\/\/horecacenter.com\/de\/wp-json\/wp\/v2\/product\/163368","targetHints":{"allow":["GET"]}}],"collection":[{"href":"https:\/\/horecacenter.com\/de\/wp-json\/wp\/v2\/product"}],"about":[{"href":"https:\/\/horecacenter.com\/de\/wp-json\/wp\/v2\/types\/product"}],"replies":[{"embeddable":true,"href":"https:\/\/horecacenter.com\/de\/wp-json\/wp\/v2\/comments?post=163368"}],"version-history":[{"count":3,"href":"https:\/\/horecacenter.com\/de\/wp-json\/wp\/v2\/product\/163368\/revisions"}],"predecessor-version":[{"id":186509,"href":"https:\/\/horecacenter.com\/de\/wp-json\/wp\/v2\/product\/163368\/revisions\/186509"}],"wp:featuredmedia":[{"embeddable":true,"href":"https:\/\/horecacenter.com\/de\/wp-json\/wp\/v2\/media\/145209"}],"wp:attachment":[{"href":"https:\/\/horecacenter.com\/de\/wp-json\/wp\/v2\/media?parent=163368"}],"wp:term":[{"taxonomy":"product_brand","embeddable":true,"href":"https:\/\/horecacenter.com\/de\/wp-json\/wp\/v2\/product_brand?post=163368"},{"taxonomy":"product_cat","embeddable":true,"href":"https:\/\/horecacenter.com\/de\/wp-json\/wp\/v2\/product_cat?post=163368"},{"taxonomy":"product_tag","embeddable":true,"href":"https:\/\/horecacenter.com\/de\/wp-json\/wp\/v2\/product_tag?post=163368"}],"curies":[{"name":"wp","href":"https:\/\/api.w.org\/{rel}","templated":true}]}}