{"id":163409,"date":"2025-11-22T07:38:15","date_gmt":"2025-11-22T07:38:15","guid":{"rendered":"https:\/\/horecacenter.com\/?post_type=product&#038;p=163409"},"modified":"2025-12-03T09:22:21","modified_gmt":"2025-12-03T09:22:21","slug":"horeca-barstuhl-megan-braun-kunstleder","status":"publish","type":"product","link":"https:\/\/horecacenter.com\/de\/produkt\/horeca-barstuhl-megan-braun-kunstleder\/","title":{"rendered":"Horeca Holz-Barstuhl &#8211; MEGAN &#8211; Braunes Kunstleder"},"content":{"rendered":"<p><span style=\"color: #000000;\">Veredeln Sie Ihr Interieur mit diesem Barhocker aus Kunstleder, der eine perfekte Balance zwischen Luxus und Funktionalit\u00e4t bietet. Erh\u00e4ltlich in verschiedenen modernen Farben, verleiht dieser Hocker eine warme Ausstrahlung, die zu jedem stilvollen Interieur passt. Der wengefarbene Buchenrahmen sorgt f\u00fcr nat\u00fcrliche Eleganz und garantiert Stabilit\u00e4t und Langlebigkeit, ideal f\u00fcr intensiven Einsatz.<\/span><\/p>\n<p><span style=\"color: #000000;\">Speziell f\u00fcr Gastronomiebetriebe wie Restaurants, Caf\u00e9s und Bars entwickelt, verf\u00fcgt dieser Barhocker \u00fcber eine hochwertige Kunstlederpolsterung, die pflegeleicht und widerstandsf\u00e4hig gegen t\u00e4glichen Gebrauch ist. Der bequeme Sitz sorgt daf\u00fcr, dass Ihre G\u00e4ste gerne verweilen. Das zeitlose Design hebt das Ambiente Ihres Lokals hervor und l\u00e4dt zur Geselligkeit ein. Beeindrucken Sie mit einem Barhocker, der Stil und Funktionalit\u00e4t vereint \u2013 perfekt f\u00fcr ein stimmungsvolles und gastfreundliches Gastronomiekonzept.<\/span><\/p>\n<p><span style=\"color: #000000;\"><strong>Zus\u00e4tzliche Information:<\/strong><\/span><\/p>\n<ul>\n<li><span style=\"color: #000000;\">Standardm\u00e4\u00dfig mit verschiebbaren Kunststoffknopff\u00fc\u00dfen geliefert<\/span><\/li>\n<li><span style=\"color: #000000;\">Vollst\u00e4ndig einsatzbereit<\/span><\/li>\n<li><span style=\"color: #000000;\">Garantiertes europ\u00e4isches Produkt<\/span><\/li>\n<li><span style=\"color: #000000;\">1 Jahr Herstellergarantie<\/span><\/li>\n<\/ul>\n<p><span style=\"color: #000000;\"><strong>M\u00f6glichkeit:<\/strong><\/span><\/p>\n<ul>\n<li><span style=\"color: #000000;\">Nat\u00fcrlicher Rahmen + 7,50 \u20ac<\/span><\/li>\n<li><span style=\"color: #000000;\">Doppelte Farbe + 10,00 \u20ac<\/span><\/li>\n<li><span style=\"color: #000000;\">S\u00fcd + 15,00 \u20ac<\/span><\/li>\n<li><span style=\"color: #000000;\">Ravenna (nur der Sitzplatz) + 15 \u20ac<\/span><\/li>\n<\/ul>\n","protected":false},"excerpt":{"rendered":"<p>Veredeln Sie Ihr Interieur mit diesem Barhocker aus Kunstleder, der eine perfekte Balance zwischen Luxus und Funktionalit\u00e4t bietet. Erh\u00e4ltlich in<\/p>\n","protected":false},"featured_media":114681,"comment_status":"closed","ping_status":"closed","template":"","meta":[],"product_brand":[],"product_cat":[10267],"product_tag":[],"class_list":{"0":"post-163409","1":"product","2":"type-product","3":"status-publish","4":"has-post-thumbnail","6":"product_cat-holzstange","7":"pa_frame-nicht-stapelbar-frame-de","8":"pa_product-color-color-braun-de","9":"pa_product-frame-color-schwarz-frame-color-de","10":"pa_product-material-buche-rahmen-material-de","11":"pa_product-more-colors-ja-de","12":"pa_product-more-dimensions-ja-de","13":"pa_product-seat-cm-45x45-seat-cm-de","14":"pa_product-seat-depth-cm-4250-seat-depth-cm-de","15":"pa_product-seat-height-cm-83-seat-height-cm-de","16":"pa_product-seat-width-cm-42-seat-width-cm-de","17":"pa_product-seats-1-seats-de","18":"pa_product-upholstery-upholstery-kunstleder-de","19":"pa_product-usage-usage-innen-de","21":"first","22":"instock","23":"sale","24":"taxable","25":"shipping-taxable","26":"purchasable","27":"product-type-simple"},"_links":{"self":[{"href":"https:\/\/horecacenter.com\/de\/wp-json\/wp\/v2\/product\/163409","targetHints":{"allow":["GET"]}}],"collection":[{"href":"https:\/\/horecacenter.com\/de\/wp-json\/wp\/v2\/product"}],"about":[{"href":"https:\/\/horecacenter.com\/de\/wp-json\/wp\/v2\/types\/product"}],"replies":[{"embeddable":true,"href":"https:\/\/horecacenter.com\/de\/wp-json\/wp\/v2\/comments?post=163409"}],"version-history":[{"count":3,"href":"https:\/\/horecacenter.com\/de\/wp-json\/wp\/v2\/product\/163409\/revisions"}],"predecessor-version":[{"id":169752,"href":"https:\/\/horecacenter.com\/de\/wp-json\/wp\/v2\/product\/163409\/revisions\/169752"}],"wp:featuredmedia":[{"embeddable":true,"href":"https:\/\/horecacenter.com\/de\/wp-json\/wp\/v2\/media\/114681"}],"wp:attachment":[{"href":"https:\/\/horecacenter.com\/de\/wp-json\/wp\/v2\/media?parent=163409"}],"wp:term":[{"taxonomy":"product_brand","embeddable":true,"href":"https:\/\/horecacenter.com\/de\/wp-json\/wp\/v2\/product_brand?post=163409"},{"taxonomy":"product_cat","embeddable":true,"href":"https:\/\/horecacenter.com\/de\/wp-json\/wp\/v2\/product_cat?post=163409"},{"taxonomy":"product_tag","embeddable":true,"href":"https:\/\/horecacenter.com\/de\/wp-json\/wp\/v2\/product_tag?post=163409"}],"curies":[{"name":"wp","href":"https:\/\/api.w.org\/{rel}","templated":true}]}}