{"id":163809,"date":"2025-11-21T09:30:35","date_gmt":"2025-11-21T09:30:35","guid":{"rendered":"https:\/\/horecacenter.com\/?post_type=product&#038;p=163809"},"modified":"2026-03-26T12:31:01","modified_gmt":"2026-03-26T12:31:01","slug":"horeca-barstuhl-aus-metall-und-samt-jadi-rost-samt","status":"publish","type":"product","link":"https:\/\/horecacenter.com\/de\/produkt\/horeca-barstuhl-aus-metall-und-samt-jadi-rost-samt\/","title":{"rendered":"Horeca Metall-Barstuhl &#8211; JADI &#8211; Rost Samt"},"content":{"rendered":"<p>Der <strong>rostfarbene Samtbezug<\/strong> verleiht diesem Barhocker eine warme, stilvolle und charaktervolle Ausstrahlung. Ideal f\u00fcr Gastronomiebetriebe mit gem\u00fctlichem Ambiente.<\/p>\n<p><strong>Moderner Barhocker f\u00fcr Gastronomie<\/strong><\/p>\n<p>Der <strong>Gastronomie Barhocker JADI \u2013 Samt Rost<\/strong> kombiniert modernes Design mit hohem Sitzkomfort. Perfekt f\u00fcr Bars, Restaurants und Hotels. Die ergonomisch geformte Sitzfl\u00e4che mit dekorativen N\u00e4hten sorgt f\u00fcr angenehmen Komfort, w\u00e4hrend das robuste schwarze Metallgestell Stabilit\u00e4t und Langlebigkeit garantiert.<\/p>\n<ul>\n<li><span style=\"color: #000000;\">Verf\u00fcgbare Farben: Anthrazit, Rost, Hunter &amp; Ocker<\/span><\/li>\n<li><span style=\"color: #000000;\">Die St\u00fchle werden unmontiert geliefert und sind jeweils zu 2 in Kartons verpackt<\/span><\/li>\n<li><span style=\"color: #000000;\">Das notwendige Montagematerial befindet sich im Karton<\/span><\/li>\n<\/ul>\n<p>Pflegeleicht mit einem weichen Tuch oder einer B\u00fcrste. Geeignet f\u00fcr den t\u00e4glichen Gebrauch. F\u00fcr gr\u00f6\u00dfere Projekte kontaktieren Sie uns per <strong>Telefon<\/strong>, <strong>WhatsApp<\/strong> oder <strong>E-Mail<\/strong> oder besuchen Sie unseren Showroom.<\/p>\n","protected":false},"excerpt":{"rendered":"<p>Der rostfarbene Samtbezug verleiht diesem Barhocker eine warme, stilvolle und charaktervolle Ausstrahlung. Ideal f\u00fcr Gastronomiebetriebe mit gem\u00fctlichem Ambiente. Moderner Barhocker<\/p>\n","protected":false},"featured_media":161759,"comment_status":"closed","ping_status":"closed","template":"","meta":[],"product_brand":[],"product_cat":[10271],"product_tag":[],"class_list":{"0":"post-163809","1":"product","2":"type-product","3":"status-publish","4":"has-post-thumbnail","6":"product_cat-metallstangenst-hle","7":"pa_product-color-color-rost-de","8":"pa_product-frame-color-schwarz-frame-color-de","9":"pa_product-material-metallrahmen-material-de","10":"pa_product-more-colors-ja-de","11":"pa_product-seat-height-cm-75-seat-height-cm-de","12":"pa_product-seat-width-cm-45-seat-width-cm-de","13":"pa_product-seats-1-seats-de","14":"pa_product-upholstery-upholstery-samt-de","15":"pa_product-usage-usage-innen-de","17":"first","18":"instock","19":"sale","20":"taxable","21":"shipping-taxable","22":"purchasable","23":"product-type-simple"},"_links":{"self":[{"href":"https:\/\/horecacenter.com\/de\/wp-json\/wp\/v2\/product\/163809","targetHints":{"allow":["GET"]}}],"collection":[{"href":"https:\/\/horecacenter.com\/de\/wp-json\/wp\/v2\/product"}],"about":[{"href":"https:\/\/horecacenter.com\/de\/wp-json\/wp\/v2\/types\/product"}],"replies":[{"embeddable":true,"href":"https:\/\/horecacenter.com\/de\/wp-json\/wp\/v2\/comments?post=163809"}],"version-history":[{"count":5,"href":"https:\/\/horecacenter.com\/de\/wp-json\/wp\/v2\/product\/163809\/revisions"}],"predecessor-version":[{"id":191630,"href":"https:\/\/horecacenter.com\/de\/wp-json\/wp\/v2\/product\/163809\/revisions\/191630"}],"wp:featuredmedia":[{"embeddable":true,"href":"https:\/\/horecacenter.com\/de\/wp-json\/wp\/v2\/media\/161759"}],"wp:attachment":[{"href":"https:\/\/horecacenter.com\/de\/wp-json\/wp\/v2\/media?parent=163809"}],"wp:term":[{"taxonomy":"product_brand","embeddable":true,"href":"https:\/\/horecacenter.com\/de\/wp-json\/wp\/v2\/product_brand?post=163809"},{"taxonomy":"product_cat","embeddable":true,"href":"https:\/\/horecacenter.com\/de\/wp-json\/wp\/v2\/product_cat?post=163809"},{"taxonomy":"product_tag","embeddable":true,"href":"https:\/\/horecacenter.com\/de\/wp-json\/wp\/v2\/product_tag?post=163809"}],"curies":[{"name":"wp","href":"https:\/\/api.w.org\/{rel}","templated":true}]}}