{"id":164243,"date":"2025-11-25T09:22:01","date_gmt":"2025-11-25T09:22:01","guid":{"rendered":"https:\/\/horecacenter.com\/?post_type=product&#038;p=164243"},"modified":"2026-01-14T14:14:52","modified_gmt":"2026-01-14T14:14:52","slug":"horeca-stapelbarer-terrassen-sessel-napels-braunes-aluminium-kunststoff","status":"publish","type":"product","link":"https:\/\/horecacenter.com\/de\/produkt\/horeca-stapelbarer-terrassen-sessel-napels-braunes-aluminium-kunststoff\/","title":{"rendered":"Terrassenstuhl NAPELS &#8211; Mit Armlehnen &#8211; Stapelbar &#8211; Braun"},"content":{"rendered":"<p><span style=\"color: #000000;\">Stuhl im Rattan-Stil aus Kunststoff mit attraktiver Optik. Einfach zu s\u00e4ubern. Diese St\u00fchle sind stapelbar und regenfest, ideal f\u00fcr die Terrasse von Caf\u00e9s, Bistros, Restaurants und Bars. Perfekter Stuhl, wenn Sie nach einem vielseitigen, lustigen und bequemen Stuhl suchen, den Sie sowohl f\u00fcr den Innen- als auch f\u00fcr den Au\u00dfenbereich verwenden k\u00f6nnen.<\/span><\/p>\n","protected":false},"excerpt":{"rendered":"<p>Stuhl im Rattan-Stil aus Kunststoff mit attraktiver Optik. Einfach zu s\u00e4ubern. Diese St\u00fchle sind stapelbar und regenfest, ideal f\u00fcr die<\/p>\n","protected":false},"featured_media":72327,"comment_status":"closed","ping_status":"closed","template":"","meta":[],"product_brand":[],"product_cat":[9783,17958],"product_tag":[],"class_list":{"0":"post-164243","1":"product","2":"type-product","3":"status-publish","4":"has-post-thumbnail","6":"product_cat-terrassenstuhl","7":"product_cat-terrassenstuehle-indoor-category","8":"pa_armrest-armrest-ja-de","9":"pa_frame-stapelbar-frame-de","10":"pa_product-color-color-braun-de","11":"pa_product-frame-color-braun-frame-color-de","12":"pa_product-material-material-aluminium-de","13":"pa_product-seat-depth-cm-43-seat-depth-cm-de","14":"pa_product-seat-height-cm-44-seat-height-cm-de","15":"pa_product-seat-width-cm-41-50-seat-width-cm-de","16":"pa_product-seats-1-seats-de","17":"pa_product-usage-usage-innen-de","18":"pa_product-usage-usage-draussen-de","20":"first","21":"instock","22":"sale","23":"taxable","24":"shipping-taxable","25":"purchasable","26":"product-type-simple"},"_links":{"self":[{"href":"https:\/\/horecacenter.com\/de\/wp-json\/wp\/v2\/product\/164243","targetHints":{"allow":["GET"]}}],"collection":[{"href":"https:\/\/horecacenter.com\/de\/wp-json\/wp\/v2\/product"}],"about":[{"href":"https:\/\/horecacenter.com\/de\/wp-json\/wp\/v2\/types\/product"}],"replies":[{"embeddable":true,"href":"https:\/\/horecacenter.com\/de\/wp-json\/wp\/v2\/comments?post=164243"}],"version-history":[{"count":6,"href":"https:\/\/horecacenter.com\/de\/wp-json\/wp\/v2\/product\/164243\/revisions"}],"predecessor-version":[{"id":176937,"href":"https:\/\/horecacenter.com\/de\/wp-json\/wp\/v2\/product\/164243\/revisions\/176937"}],"wp:featuredmedia":[{"embeddable":true,"href":"https:\/\/horecacenter.com\/de\/wp-json\/wp\/v2\/media\/72327"}],"wp:attachment":[{"href":"https:\/\/horecacenter.com\/de\/wp-json\/wp\/v2\/media?parent=164243"}],"wp:term":[{"taxonomy":"product_brand","embeddable":true,"href":"https:\/\/horecacenter.com\/de\/wp-json\/wp\/v2\/product_brand?post=164243"},{"taxonomy":"product_cat","embeddable":true,"href":"https:\/\/horecacenter.com\/de\/wp-json\/wp\/v2\/product_cat?post=164243"},{"taxonomy":"product_tag","embeddable":true,"href":"https:\/\/horecacenter.com\/de\/wp-json\/wp\/v2\/product_tag?post=164243"}],"curies":[{"name":"wp","href":"https:\/\/api.w.org\/{rel}","templated":true}]}}