{"id":164710,"date":"2025-11-26T05:22:40","date_gmt":"2025-11-26T05:22:40","guid":{"rendered":"https:\/\/horecacenter.com\/?post_type=product&#038;p=164710"},"modified":"2026-03-13T11:31:09","modified_gmt":"2026-03-13T11:31:09","slug":"horeca-sessel-amaze-hunter-atmungsaktiver-stoff","status":"publish","type":"product","link":"https:\/\/horecacenter.com\/de\/produkt\/horeca-sessel-amaze-hunter-atmungsaktiver-stoff\/","title":{"rendered":"Horeca Sessel &#8211; AMAZE &#8211; Hunter Atmungsaktiver Stoff"},"content":{"rendered":"<p>Dieser Armstuhl ist mit <strong>hunterfarbenem atmungsaktivem Stoff<\/strong> bezogen, der f\u00fcr hohen Sitzkomfort sorgt. Die luftdurchl\u00e4ssige Struktur macht ihn ideal f\u00fcr den t\u00e4glichen Einsatz.<\/p>\n<p><strong>Moderner Gastronomie Armstuhl mit Komfort<\/strong><\/p>\n<p>Der <strong>Gastronomie Armstuhl AMAZE \u2013 Hunter Atmungsaktiver Stoff<\/strong> kombiniert modernes Design mit ergonomischer Sitzform und integrierten Armlehnen. Die hunterfarbene Oberfl\u00e4che verleiht Restaurants, Caf\u00e9s und Hotelinterieurs eine elegante Atmosph\u00e4re. Das schwarze Metallgestell sorgt f\u00fcr Stabilit\u00e4t. Zur Pflege den Stoff mit einer weichen B\u00fcrste oder einem leicht feuchten Tuch reinigen. Aggressive Reinigungsmittel vermeiden. Planen Sie eine Neuer\u00f6ffnung oder Renovierung? Kontaktieren Sie uns per <strong>Telefon<\/strong>, <strong>WhatsApp<\/strong> of <strong>E-Mail<\/strong> oder besuchen Sie unseren Showroom.<\/p>\n<p><span style=\"color: #000000;\"><strong>Zus\u00e4tzliche Information:<\/strong><\/span><\/p>\n<ul>\n<li><span style=\"color: #000000;\">Die St\u00fchle sind nicht zusammengebaut und werden immer paarweise in Pappkartons verpackt<\/span><\/li>\n<li><span style=\"color: #000000;\">Der Sitz wird mit 4 Schrauben am Rahmen befestigt<\/span><\/li>\n<li><span style=\"color: #000000;\">Das f\u00fcr die Montage erforderliche Material ist im Lieferumfang enthalten<\/span><\/li>\n<li><span style=\"color: #000000;\">Die St\u00fchle sind leicht zu montieren<\/span><\/li>\n<\/ul>\n","protected":false},"excerpt":{"rendered":"<p>Dieser Armstuhl ist mit hunterfarbenem atmungsaktivem Stoff bezogen, der f\u00fcr hohen Sitzkomfort sorgt. Die luftdurchl\u00e4ssige Struktur macht ihn ideal f\u00fcr<\/p>\n","protected":false},"featured_media":140179,"comment_status":"closed","ping_status":"closed","template":"","meta":[],"product_brand":[],"product_cat":[17403,17400,10051],"product_tag":[17663,17664,17417,17665,17426,17666,17434,17667,17657,17668,17658,17669,17659,17670,17660,17671,17661,17672,17662],"class_list":{"0":"post-164710","1":"product","2":"type-product","3":"status-publish","4":"has-post-thumbnail","6":"product_cat-stuehle-aus-metall-stoff-vintage","7":"product_cat-stuehle-aus-metall-stoff","8":"product_cat-sessel","9":"product_tag-horeca-stuehle","10":"product_tag-industrial-chairs","11":"product_tag-meubles-horeca","12":"product_tag-industriestuehle","13":"product_tag-horeca-furniture","14":"product_tag-meubles-de-restaurant","15":"product_tag-horeca-moebel","16":"product_tag-restaurant-furniture","17":"product_tag-chairs","18":"product_tag-restaurant-inrichting","19":"product_tag-chaises","20":"product_tag-restaurant-meubels","21":"product_tag-chaises-horeca","22":"product_tag-restaurant-moebel","23":"product_tag-chaises-industrielles","24":"product_tag-stoelen","25":"product_tag-horeca-chairs","26":"product_tag-stuehle","27":"product_tag-horeca-stoelen","28":"pa_armrest-armrest-ja-de","29":"pa_frame-nicht-stapelbar-frame-de","30":"pa_product-arm-height-cm-67-arm-height-cm-de","31":"pa_product-backrest-cm-80-backrest-cm-de","32":"pa_product-color-color-hunter-de","33":"pa_product-frame-color-schwarz-frame-color-de","34":"pa_product-material-metallrahmen-material-de","35":"pa_product-more-colors-ja-de","36":"pa_product-seat-depth-cm-45-seat-depth-cm-de","37":"pa_product-seat-height-cm-50-seat-height-cm-de","38":"pa_product-seat-width-cm-4750-seat-width-cm-de","39":"pa_product-seats-1-seats-de","40":"pa_product-upholstery-upholstery-stoff-de","41":"pa_product-usage-usage-innen-de","43":"first","44":"onbackorder","45":"sale","46":"taxable","47":"shipping-taxable","48":"purchasable","49":"product-type-simple"},"_links":{"self":[{"href":"https:\/\/horecacenter.com\/de\/wp-json\/wp\/v2\/product\/164710","targetHints":{"allow":["GET"]}}],"collection":[{"href":"https:\/\/horecacenter.com\/de\/wp-json\/wp\/v2\/product"}],"about":[{"href":"https:\/\/horecacenter.com\/de\/wp-json\/wp\/v2\/types\/product"}],"replies":[{"embeddable":true,"href":"https:\/\/horecacenter.com\/de\/wp-json\/wp\/v2\/comments?post=164710"}],"version-history":[{"count":3,"href":"https:\/\/horecacenter.com\/de\/wp-json\/wp\/v2\/product\/164710\/revisions"}],"predecessor-version":[{"id":189584,"href":"https:\/\/horecacenter.com\/de\/wp-json\/wp\/v2\/product\/164710\/revisions\/189584"}],"wp:featuredmedia":[{"embeddable":true,"href":"https:\/\/horecacenter.com\/de\/wp-json\/wp\/v2\/media\/140179"}],"wp:attachment":[{"href":"https:\/\/horecacenter.com\/de\/wp-json\/wp\/v2\/media?parent=164710"}],"wp:term":[{"taxonomy":"product_brand","embeddable":true,"href":"https:\/\/horecacenter.com\/de\/wp-json\/wp\/v2\/product_brand?post=164710"},{"taxonomy":"product_cat","embeddable":true,"href":"https:\/\/horecacenter.com\/de\/wp-json\/wp\/v2\/product_cat?post=164710"},{"taxonomy":"product_tag","embeddable":true,"href":"https:\/\/horecacenter.com\/de\/wp-json\/wp\/v2\/product_tag?post=164710"}],"curies":[{"name":"wp","href":"https:\/\/api.w.org\/{rel}","templated":true}]}}