{"id":165011,"date":"2025-11-26T08:49:43","date_gmt":"2025-11-26T08:49:43","guid":{"rendered":"https:\/\/horecacenter.com\/?post_type=product&#038;p=165011"},"modified":"2026-03-10T10:29:44","modified_gmt":"2026-03-10T10:29:44","slug":"horeca-sessel-fiona-blau-samt","status":"publish","type":"product","link":"https:\/\/horecacenter.com\/de\/produkt\/horeca-sessel-fiona-blau-samt\/","title":{"rendered":"Horeca Sessel &#8211; FIONA &#8211; Blau Samt"},"content":{"rendered":"<p>Dieser Armstuhl ist mit <strong>blauem Samt\/Velours<\/strong> bezogen, einem luxuri\u00f6sen Stoff mit weicher Struktur und eleganter Optik. Samt wird h\u00e4ufig in Restaurants, Caf\u00e9s und Hotels verwendet.<\/p>\n<p><strong>Eleganter Gastronomie Armstuhl mit Komfort<\/strong><\/p>\n<p>Der <strong>Gastronomie Armstuhl FIONA \u2013 Blau Samt\/Velours<\/strong> kombiniert modernes Design mit ergonomischer Sitzform und integrierten Armlehnen. G\u00e4ste genie\u00dfen dadurch eine angenehme Sitzposition. Die blaue Oberfl\u00e4che verleiht Restaurants, Bistros und Hotelinterieurs eine elegante und moderne Atmosph\u00e4re. Das schwarze Metallgestell sorgt f\u00fcr Stabilit\u00e4t und stilvollen Kontrast. Zur Pflege den Samt vorsichtig mit einer weichen B\u00fcrste oder einem leicht feuchten Tuch reinigen. Aggressive Reinigungsmittel sollten vermieden werden. Planen Sie eine Neuer\u00f6ffnung oder Renovierung? Kontaktieren Sie uns per <strong>Telefon<\/strong>, <strong>WhatsApp<\/strong> oder <strong>E-Mail<\/strong> oder besuchen Sie unseren Showroom f\u00fcr professionelle Beratung.<\/p>\n<p><span style=\"color: #000000;\"><strong>Zus\u00e4tzliche Information:<\/strong><\/span><\/p>\n<ul>\n<li><span style=\"color: #000000;\">Die Sitze sind nicht zusammengebaut und je 2 in Kartons verpackt<\/span><\/li>\n<li><span style=\"color: #000000;\">Der Sitz wird mit 4 Schrauben mit dem Rahmen verschraubt<\/span><\/li>\n<li><span style=\"color: #000000;\">Notwendige Materialien f\u00fcr die Montage sind im Karton enthalten<\/span><\/li>\n<li><span style=\"color: #000000;\">Die Sitze sind leicht zu montieren<\/span><\/li>\n<\/ul>\n","protected":false},"excerpt":{"rendered":"<p>Dieser Armstuhl ist mit blauem Samt\/Velours bezogen, einem luxuri\u00f6sen Stoff mit weicher Struktur und eleganter Optik. Samt wird h\u00e4ufig in<\/p>\n","protected":false},"featured_media":126164,"comment_status":"closed","ping_status":"closed","template":"","meta":[],"product_brand":[],"product_cat":[17403,17400],"product_tag":[],"class_list":{"0":"post-165011","1":"product","2":"type-product","3":"status-publish","4":"has-post-thumbnail","6":"product_cat-stuehle-aus-metall-stoff-vintage","7":"product_cat-stuehle-aus-metall-stoff","8":"pa_armrest-armrest-ja-de","9":"pa_frame-nicht-stapelbar-frame-de","10":"pa_product-arm-height-cm-68-arm-height-cm-de","11":"pa_product-color-color-blau-de","12":"pa_product-frame-color-schwarz-frame-color-de","13":"pa_product-material-metallrahmen-material-de","14":"pa_product-more-colors-ja-de","15":"pa_product-seat-depth-cm-42-seat-depth-cm-de","16":"pa_product-seat-height-cm-48-seat-height-cm-de","17":"pa_product-seat-width-cm-40-seat-width-cm-de","18":"pa_product-seats-1-seats-de","19":"pa_product-upholstery-upholstery-samt-de","20":"pa_product-usage-usage-innen-de","22":"first","23":"instock","24":"sale","25":"taxable","26":"shipping-taxable","27":"purchasable","28":"product-type-simple"},"_links":{"self":[{"href":"https:\/\/horecacenter.com\/de\/wp-json\/wp\/v2\/product\/165011","targetHints":{"allow":["GET"]}}],"collection":[{"href":"https:\/\/horecacenter.com\/de\/wp-json\/wp\/v2\/product"}],"about":[{"href":"https:\/\/horecacenter.com\/de\/wp-json\/wp\/v2\/types\/product"}],"replies":[{"embeddable":true,"href":"https:\/\/horecacenter.com\/de\/wp-json\/wp\/v2\/comments?post=165011"}],"version-history":[{"count":3,"href":"https:\/\/horecacenter.com\/de\/wp-json\/wp\/v2\/product\/165011\/revisions"}],"predecessor-version":[{"id":188486,"href":"https:\/\/horecacenter.com\/de\/wp-json\/wp\/v2\/product\/165011\/revisions\/188486"}],"wp:featuredmedia":[{"embeddable":true,"href":"https:\/\/horecacenter.com\/de\/wp-json\/wp\/v2\/media\/126164"}],"wp:attachment":[{"href":"https:\/\/horecacenter.com\/de\/wp-json\/wp\/v2\/media?parent=165011"}],"wp:term":[{"taxonomy":"product_brand","embeddable":true,"href":"https:\/\/horecacenter.com\/de\/wp-json\/wp\/v2\/product_brand?post=165011"},{"taxonomy":"product_cat","embeddable":true,"href":"https:\/\/horecacenter.com\/de\/wp-json\/wp\/v2\/product_cat?post=165011"},{"taxonomy":"product_tag","embeddable":true,"href":"https:\/\/horecacenter.com\/de\/wp-json\/wp\/v2\/product_tag?post=165011"}],"curies":[{"name":"wp","href":"https:\/\/api.w.org\/{rel}","templated":true}]}}