{"id":165106,"date":"2025-11-26T09:44:58","date_gmt":"2025-11-26T09:44:58","guid":{"rendered":"https:\/\/horecacenter.com\/?post_type=product&#038;p=165106"},"modified":"2026-03-24T07:05:07","modified_gmt":"2026-03-24T07:05:07","slug":"horeca-stapelbarer-terrassen-sessel-lorena-backstein-kunststoff","status":"publish","type":"product","link":"https:\/\/horecacenter.com\/de\/produkt\/horeca-stapelbarer-terrassen-sessel-lorena-backstein-kunststoff\/","title":{"rendered":"Terrassenstuhl LORENA &#8211; Mit Armlehnen &#8211; Stapelbar &#8211; Backstein Kunststoff"},"content":{"rendered":"<p>Dieser <strong>ziegelfarbene Kunststoff-Terrassenstuhl mit Armlehnen<\/strong> wird aus gasunterst\u00fctztem Polypropylen gefertigt und mit Glasfaser verst\u00e4rkt, was f\u00fcr au\u00dfergew\u00f6hnliche Stabilit\u00e4t und ein geringes Gewicht sorgt. Das Material ist ideal f\u00fcr den intensiven Einsatz in der Gastronomie und bietet eine langlebige, pflegeleichte L\u00f6sung f\u00fcr Terrassen, Caf\u00e9s und Restaurants.<\/p>\n<p><strong>Modernes Design mit Hohem Komfort<\/strong><\/p>\n<p>Der <strong>Terrassenstuhl LORENA \u2013 Armlehne \u2013 Stapelbar \u2013 Ziegel Kunststoff<\/strong> kombiniert ein modernes Erscheinungsbild mit optimalem Sitzkomfort. Die ergonomische Sitzfl\u00e4che und integrierten Armlehnen bieten zus\u00e4tzlichen Komfort f\u00fcr G\u00e4ste. Die warme Farbgebung verleiht jedem Ambiente Charakter. Dieser stilvolle Stuhl ist in mehreren trendigen Farben erh\u00e4ltlich und speziell f\u00fcr dynamische Gastronomiebetriebe konzipiert. Die stapelbare Funktion erm\u00f6glicht ein schnelles und platzsparendes Verstauen. Eine ideale Kombination aus Design, Funktionalit\u00e4t und Langlebigkeit. Zur Reinigung gen\u00fcgt ein feuchtes Tuch oder einfaches Absp\u00fclen mit Wasser. Die glatte Oberfl\u00e4che verhindert Schmutzablagerungen und sorgt f\u00fcr eine hygienische Pflege. Vermeiden Sie aggressive Reinigungsmittel, um Material und Farbe zu sch\u00fctzen.<\/p>\n<p>Mindestabnahme 20 St\u00fcck. F\u00fcr kleinere Mengen kontaktieren Sie uns bitte. Bei Verf\u00fcgbarkeit k\u00f6nnen auch weniger als 20 St\u00fcck geliefert werden. Kontaktieren Sie uns per <strong>Telefon<\/strong>, <strong>WhatsApp<\/strong> oder <strong>E-Mail<\/strong> oder besuchen Sie unseren Showroom.<\/p>\n","protected":false},"excerpt":{"rendered":"<p>Dieser ziegelfarbene Kunststoff-Terrassenstuhl mit Armlehnen wird aus gasunterst\u00fctztem Polypropylen gefertigt und mit Glasfaser verst\u00e4rkt, was f\u00fcr au\u00dfergew\u00f6hnliche Stabilit\u00e4t und ein<\/p>\n","protected":false},"featured_media":80631,"comment_status":"closed","ping_status":"closed","template":"","meta":[],"product_brand":[],"product_cat":[9783,9775,10043],"product_tag":[],"class_list":{"0":"post-165106","1":"product","2":"type-product","3":"status-publish","4":"has-post-thumbnail","6":"product_cat-terrassenstuhl","7":"product_cat-kunststoff-stuhl","8":"product_cat-staphel-stuhle","9":"pa_armrest-armrest-ja-de","10":"pa_product-color-color-backstein-de","11":"pa_product-color-color-orange-de","12":"pa_product-frame-color-backstein-frame-color-de","13":"pa_product-material-material-synthetik","14":"pa_product-more-colors-ja-de","15":"pa_product-seat-height-cm-46-seat-height-cm-de","16":"pa_product-seat-width-cm-41-seat-width-cm-de","17":"pa_product-seats-1-seats-de","18":"pa_product-usage-usage-innen-de","19":"pa_product-usage-usage-draussen-de","21":"first","22":"instock","23":"sale","24":"taxable","25":"shipping-taxable","26":"purchasable","27":"product-type-simple"},"_links":{"self":[{"href":"https:\/\/horecacenter.com\/de\/wp-json\/wp\/v2\/product\/165106","targetHints":{"allow":["GET"]}}],"collection":[{"href":"https:\/\/horecacenter.com\/de\/wp-json\/wp\/v2\/product"}],"about":[{"href":"https:\/\/horecacenter.com\/de\/wp-json\/wp\/v2\/types\/product"}],"replies":[{"embeddable":true,"href":"https:\/\/horecacenter.com\/de\/wp-json\/wp\/v2\/comments?post=165106"}],"version-history":[{"count":4,"href":"https:\/\/horecacenter.com\/de\/wp-json\/wp\/v2\/product\/165106\/revisions"}],"predecessor-version":[{"id":190776,"href":"https:\/\/horecacenter.com\/de\/wp-json\/wp\/v2\/product\/165106\/revisions\/190776"}],"wp:featuredmedia":[{"embeddable":true,"href":"https:\/\/horecacenter.com\/de\/wp-json\/wp\/v2\/media\/80631"}],"wp:attachment":[{"href":"https:\/\/horecacenter.com\/de\/wp-json\/wp\/v2\/media?parent=165106"}],"wp:term":[{"taxonomy":"product_brand","embeddable":true,"href":"https:\/\/horecacenter.com\/de\/wp-json\/wp\/v2\/product_brand?post=165106"},{"taxonomy":"product_cat","embeddable":true,"href":"https:\/\/horecacenter.com\/de\/wp-json\/wp\/v2\/product_cat?post=165106"},{"taxonomy":"product_tag","embeddable":true,"href":"https:\/\/horecacenter.com\/de\/wp-json\/wp\/v2\/product_tag?post=165106"}],"curies":[{"name":"wp","href":"https:\/\/api.w.org\/{rel}","templated":true}]}}