{"id":165244,"date":"2025-11-26T12:03:23","date_gmt":"2025-11-26T12:03:23","guid":{"rendered":"https:\/\/horecacenter.com\/?post_type=product&#038;p=165244"},"modified":"2026-03-24T07:48:55","modified_gmt":"2026-03-24T07:48:55","slug":"horeca-stapelbarer-terrassen-sessel-evora-taupe-kunststoff","status":"publish","type":"product","link":"https:\/\/horecacenter.com\/de\/produkt\/horeca-stapelbarer-terrassen-sessel-evora-taupe-kunststoff\/","title":{"rendered":"Terrassenstuhl EVORA &#8211; Mit Armlehnen &#8211; Stapelbar &#8211; Taupe Kunststoff"},"content":{"rendered":"<p>Dieser <strong>taupefarbene Kunststoff-Terrassenstuhl mit Armlehnen<\/strong> wird aus gasunterst\u00fctztem Polypropylen gefertigt und mit Glasfaser verst\u00e4rkt, was f\u00fcr zus\u00e4tzliche Stabilit\u00e4t und Langlebigkeit sorgt. Dieses Material ist ideal f\u00fcr den intensiven Einsatz in der Gastronomie und bietet eine pflegeleichte L\u00f6sung f\u00fcr Terrassen, Caf\u00e9s und Restaurants.<\/p>\n<p><strong>Modernes Design mit Hohem Komfort<\/strong><\/p>\n<p>Der <strong>Terrassenstuhl EVORA \u2013 Armlehne \u2013 Stapelbar \u2013 Taupe Kunststoff<\/strong> kombiniert ein minimalistisches Design mit ergonomischem Sitzkomfort. Die R\u00fcckenlehne mit vertikalen Linien sorgt f\u00fcr eine moderne Optik und angenehme Unterst\u00fctzung. Die integrierten Armlehnen bieten zus\u00e4tzlichen Komfort f\u00fcr Ihre G\u00e4ste. Dieser vielseitige Stuhl ist ideal f\u00fcr dynamische Gastronomiebetriebe. Dank seines geringen Gewichts und der stapelbaren Funktion l\u00e4sst er sich leicht bewegen und platzsparend lagern. Eine perfekte Kombination aus Design und Funktionalit\u00e4t. Zur Reinigung gen\u00fcgt ein feuchtes Tuch oder einfaches Absp\u00fclen mit Wasser. Die glatte Oberfl\u00e4che verhindert Schmutzablagerungen und sorgt f\u00fcr hygienische Pflege. Vermeiden Sie aggressive Reinigungsmittel, um Material und Farbe zu sch\u00fctzen.<\/p>\n<p>Mindestabnahme 20 St\u00fcck. F\u00fcr kleinere Mengen kontaktieren Sie uns bitte. Bei Verf\u00fcgbarkeit sind auch geringere Mengen m\u00f6glich. Kontaktieren Sie uns per <strong>Telefon<\/strong>, <strong>WhatsApp<\/strong> oder <strong>E-Mail<\/strong> oder besuchen Sie unseren Showroom.<\/p>\n","protected":false},"excerpt":{"rendered":"<p>Dieser taupefarbene Kunststoff-Terrassenstuhl mit Armlehnen wird aus gasunterst\u00fctztem Polypropylen gefertigt und mit Glasfaser verst\u00e4rkt, was f\u00fcr zus\u00e4tzliche Stabilit\u00e4t und Langlebigkeit<\/p>\n","protected":false},"featured_media":110370,"comment_status":"closed","ping_status":"closed","template":"","meta":[],"product_brand":[],"product_cat":[9783,9775,10043],"product_tag":[],"class_list":{"0":"post-165244","1":"product","2":"type-product","3":"status-publish","4":"has-post-thumbnail","6":"product_cat-terrassenstuhl","7":"product_cat-kunststoff-stuhl","8":"product_cat-staphel-stuhle","9":"pa_armrest-armrest-ja-de","10":"pa_product-color-color-taupe-de","11":"pa_product-frame-color-taupe-frame-color-de","12":"pa_product-material-material-synthetik","13":"pa_product-more-colors-ja-de","14":"pa_product-seat-height-cm-46-seat-height-cm-de","15":"pa_product-seat-width-cm-41-seat-width-cm-de","16":"pa_product-seats-1-seats-de","17":"pa_product-usage-usage-innen-de","18":"pa_product-usage-usage-draussen-de","20":"first","21":"onbackorder","22":"sale","23":"taxable","24":"shipping-taxable","25":"purchasable","26":"product-type-simple"},"_links":{"self":[{"href":"https:\/\/horecacenter.com\/de\/wp-json\/wp\/v2\/product\/165244","targetHints":{"allow":["GET"]}}],"collection":[{"href":"https:\/\/horecacenter.com\/de\/wp-json\/wp\/v2\/product"}],"about":[{"href":"https:\/\/horecacenter.com\/de\/wp-json\/wp\/v2\/types\/product"}],"replies":[{"embeddable":true,"href":"https:\/\/horecacenter.com\/de\/wp-json\/wp\/v2\/comments?post=165244"}],"version-history":[{"count":5,"href":"https:\/\/horecacenter.com\/de\/wp-json\/wp\/v2\/product\/165244\/revisions"}],"predecessor-version":[{"id":190839,"href":"https:\/\/horecacenter.com\/de\/wp-json\/wp\/v2\/product\/165244\/revisions\/190839"}],"wp:featuredmedia":[{"embeddable":true,"href":"https:\/\/horecacenter.com\/de\/wp-json\/wp\/v2\/media\/110370"}],"wp:attachment":[{"href":"https:\/\/horecacenter.com\/de\/wp-json\/wp\/v2\/media?parent=165244"}],"wp:term":[{"taxonomy":"product_brand","embeddable":true,"href":"https:\/\/horecacenter.com\/de\/wp-json\/wp\/v2\/product_brand?post=165244"},{"taxonomy":"product_cat","embeddable":true,"href":"https:\/\/horecacenter.com\/de\/wp-json\/wp\/v2\/product_cat?post=165244"},{"taxonomy":"product_tag","embeddable":true,"href":"https:\/\/horecacenter.com\/de\/wp-json\/wp\/v2\/product_tag?post=165244"}],"curies":[{"name":"wp","href":"https:\/\/api.w.org\/{rel}","templated":true}]}}