{"id":165392,"date":"2025-11-26T13:52:46","date_gmt":"2025-11-26T13:52:46","guid":{"rendered":"https:\/\/horecacenter.com\/?post_type=product&#038;p=165392"},"modified":"2026-03-13T12:30:26","modified_gmt":"2026-03-13T12:30:26","slug":"horeca-sessel-dinner-hunter-atmungsaktiver-stoff","status":"publish","type":"product","link":"https:\/\/horecacenter.com\/de\/produkt\/horeca-sessel-dinner-hunter-atmungsaktiver-stoff\/","title":{"rendered":"Horeca Sessel &#8211; DINNER &#8211; Hunter Atmungsaktiver Stoff"},"content":{"rendered":"<p>Dieser Armstuhl ist mit <strong>hunterfarbenem atmungsaktivem Stoff<\/strong> bezogen, der f\u00fcr hohen Sitzkomfort und gute Luftzirkulation sorgt. Das Material ist langlebig und angenehm.<\/p>\n<p><strong>Moderner Gastronomie Armstuhl mit Komfort<\/strong><\/p>\n<p>Der <strong>Gastronomie Armstuhl DINNER \u2013 Hunter Atmungsaktiver Stoff<\/strong> kombiniert modernes Design mit ergonomischer Sitzform und komfortablen Armlehnen. Die huntergr\u00fcne Oberfl\u00e4che verleiht Restaurants, Caf\u00e9s und Hotels eine elegante und warme Atmosph\u00e4re. Das schwarze Metallgestell sorgt f\u00fcr Stabilit\u00e4t. Der atmungsaktive Stoff sorgt auch bei l\u00e4ngerem Sitzen f\u00fcr angenehmen Komfort und eignet sich ideal f\u00fcr den intensiven Einsatz. Zur Pflege den Stoff mit einem leicht feuchten Tuch oder einer weichen B\u00fcrste reinigen. Aggressive Reinigungsmittel vermeiden.<\/p>\n<p><span style=\"color: #000000;\"><strong>Zus\u00e4tzliche Information:<\/strong><\/span><\/p>\n<ul>\n<li><span style=\"color: #000000;\">Die St\u00fchle sind nicht zusammengebaut und werden immer paarweise in Pappkartons verpackt<\/span><\/li>\n<li><span style=\"color: #000000;\">Der Sitz wird mit 4 Schrauben am Rahmen befestigt<\/span><\/li>\n<li><span style=\"color: #000000;\">Das f\u00fcr die Montage erforderliche Material ist im Lieferumfang enthalten<\/span><\/li>\n<li><span style=\"color: #000000;\">Die St\u00fchle sind leicht zu montieren<\/span><\/li>\n<\/ul>\n","protected":false},"excerpt":{"rendered":"<p>Dieser Armstuhl ist mit hunterfarbenem atmungsaktivem Stoff bezogen, der f\u00fcr hohen Sitzkomfort und gute Luftzirkulation sorgt. Das Material ist langlebig<\/p>\n","protected":false},"featured_media":140265,"comment_status":"closed","ping_status":"closed","template":"","meta":[],"product_brand":[],"product_cat":[17403,17400,10051],"product_tag":[17662,17663,17664,17417,17665,17426,17666,17434,17667,17657,17668,17658,17669,17659,17670,17660,17671,17661,17672],"class_list":{"0":"post-165392","1":"product","2":"type-product","3":"status-publish","4":"has-post-thumbnail","6":"product_cat-stuehle-aus-metall-stoff-vintage","7":"product_cat-stuehle-aus-metall-stoff","8":"product_cat-sessel","9":"product_tag-horeca-stoelen","10":"product_tag-horeca-stuehle","11":"product_tag-industrial-chairs","12":"product_tag-meubles-horeca","13":"product_tag-industriestuehle","14":"product_tag-horeca-furniture","15":"product_tag-meubles-de-restaurant","16":"product_tag-horeca-moebel","17":"product_tag-restaurant-furniture","18":"product_tag-chairs","19":"product_tag-restaurant-inrichting","20":"product_tag-chaises","21":"product_tag-restaurant-meubels","22":"product_tag-chaises-horeca","23":"product_tag-restaurant-moebel","24":"product_tag-chaises-industrielles","25":"product_tag-stoelen","26":"product_tag-horeca-chairs","27":"product_tag-stuehle","28":"pa_armrest-armrest-ja-de","29":"pa_frame-nicht-stapelbar-frame-de","30":"pa_product-arm-height-cm-64-arm-height-cm-de","31":"pa_product-color-color-hunter-de","32":"pa_product-frame-color-schwarz-frame-color-de","33":"pa_product-material-metallrahmen-material-de","34":"pa_product-more-colors-ja-de","35":"pa_product-seat-depth-cm-44-seat-depth-cm-de","36":"pa_product-seat-height-cm-48-seat-height-cm-de","37":"pa_product-seats-1-seats-de","38":"pa_product-upholstery-upholstery-stoff-de","39":"pa_product-usage-usage-innen-de","41":"first","42":"onbackorder","43":"sale","44":"taxable","45":"shipping-taxable","46":"purchasable","47":"product-type-simple"},"_links":{"self":[{"href":"https:\/\/horecacenter.com\/de\/wp-json\/wp\/v2\/product\/165392","targetHints":{"allow":["GET"]}}],"collection":[{"href":"https:\/\/horecacenter.com\/de\/wp-json\/wp\/v2\/product"}],"about":[{"href":"https:\/\/horecacenter.com\/de\/wp-json\/wp\/v2\/types\/product"}],"replies":[{"embeddable":true,"href":"https:\/\/horecacenter.com\/de\/wp-json\/wp\/v2\/comments?post=165392"}],"version-history":[{"count":3,"href":"https:\/\/horecacenter.com\/de\/wp-json\/wp\/v2\/product\/165392\/revisions"}],"predecessor-version":[{"id":189639,"href":"https:\/\/horecacenter.com\/de\/wp-json\/wp\/v2\/product\/165392\/revisions\/189639"}],"wp:featuredmedia":[{"embeddable":true,"href":"https:\/\/horecacenter.com\/de\/wp-json\/wp\/v2\/media\/140265"}],"wp:attachment":[{"href":"https:\/\/horecacenter.com\/de\/wp-json\/wp\/v2\/media?parent=165392"}],"wp:term":[{"taxonomy":"product_brand","embeddable":true,"href":"https:\/\/horecacenter.com\/de\/wp-json\/wp\/v2\/product_brand?post=165392"},{"taxonomy":"product_cat","embeddable":true,"href":"https:\/\/horecacenter.com\/de\/wp-json\/wp\/v2\/product_cat?post=165392"},{"taxonomy":"product_tag","embeddable":true,"href":"https:\/\/horecacenter.com\/de\/wp-json\/wp\/v2\/product_tag?post=165392"}],"curies":[{"name":"wp","href":"https:\/\/api.w.org\/{rel}","templated":true}]}}