{"id":165450,"date":"2025-11-26T14:14:43","date_gmt":"2025-11-26T14:14:43","guid":{"rendered":"https:\/\/horecacenter.com\/?post_type=product&#038;p=165450"},"modified":"2026-03-10T14:49:07","modified_gmt":"2026-03-10T14:49:07","slug":"horeca-sessel-flore-hunter-samt","status":"publish","type":"product","link":"https:\/\/horecacenter.com\/de\/produkt\/horeca-sessel-flore-hunter-samt\/","title":{"rendered":"Horeca Sessel &#8211; FLORE &#8211; Hunter Samt"},"content":{"rendered":"<p><strong>Luxor-Stoff<\/strong> ist eine hochwertige Samt\/Velours-Beschichtung mit weicher, eleganter Oberfl\u00e4che. Der Stoff besteht aus einer Mischung aus Baumwolle und Viskose und sorgt f\u00fcr eine luxuri\u00f6se Textur.<\/p>\n<p><strong>Eleganter Gastronomie Armstuhl mit Komfort<\/strong><\/p>\n<p>Der <strong>Gastronomie Armstuhl FLORE \u2013 Hunter Samt\/Velours<\/strong> kombiniert modernes Design mit ergonomischer Sitzform und komfortablen Armlehnen. G\u00e4ste genie\u00dfen dadurch eine angenehme Sitzposition. Dieser stilvolle Samtstuhl ist in warmen Farben wie Luxor Anthrazit, Rost und Hunter erh\u00e4ltlich. Der weiche Samt verleiht dem M\u00f6belst\u00fcck eine raffinierte Ausstrahlung. Das schwarze Metallgestell sorgt f\u00fcr ein modernes und robustes Design. Ideal f\u00fcr Restaurants und Caf\u00e9s, die ihr Interieur stilvoll gestalten m\u00f6chten. Bieten Sie Ihren G\u00e4sten einen komfortablen Sitzplatz, der zum l\u00e4ngeren Verweilen einl\u00e4dt. Perfekt f\u00fcr intensiven Einsatz und vielseitige Einrichtungskonzepte.<\/p>\n<p><span style=\"color: #000000;\"><strong>Zus\u00e4tzliche Information:<\/strong><\/span><\/p>\n<ul>\n<li><span style=\"color: #000000;\">Die Sitze sind nicht zusammengebaut und je 2 in Kartons verpackt<\/span><\/li>\n<li><span style=\"color: #000000;\">Der Sitz wird mit 4 Schrauben mit dem Rahmen verschraubt<\/span><\/li>\n<li><span style=\"color: #000000;\">Notwendige Materialien f\u00fcr die Montage sind im Karton enthalten<\/span><\/li>\n<li><span style=\"color: #000000;\">Die Sitze sind leicht zu montieren<\/span><\/li>\n<\/ul>\n","protected":false},"excerpt":{"rendered":"<p>Luxor-Stoff ist eine hochwertige Samt\/Velours-Beschichtung mit weicher, eleganter Oberfl\u00e4che. Der Stoff besteht aus einer Mischung aus Baumwolle und Viskose und<\/p>\n","protected":false},"featured_media":126319,"comment_status":"closed","ping_status":"closed","template":"","meta":[],"product_brand":[],"product_cat":[17403,17400,10051],"product_tag":[],"class_list":{"0":"post-165450","1":"product","2":"type-product","3":"status-publish","4":"has-post-thumbnail","6":"product_cat-stuehle-aus-metall-stoff-vintage","7":"product_cat-stuehle-aus-metall-stoff","8":"product_cat-sessel","9":"pa_armrest-armrest-ja-de","10":"pa_frame-nicht-stapelbar-frame-de","11":"pa_leg-height-43-leg-height-de","12":"pa_product-arm-height-cm-65-arm-height-cm-de","13":"pa_product-backrest-cm-87-backrest-cm-de","14":"pa_product-color-color-hunter-de","15":"pa_product-frame-color-schwarz-frame-color-de","16":"pa_product-material-metallrahmen-material-de","17":"pa_product-more-colors-ja-de","18":"pa_product-seat-depth-cm-44-seat-depth-cm-de","19":"pa_product-seat-height-cm-48-seat-height-cm-de","20":"pa_product-seat-width-cm-37-seat-width-cm-de","21":"pa_product-seats-1-seats-de","22":"pa_product-upholstery-upholstery-samt-de","23":"pa_product-usage-usage-innen-de","25":"first","26":"instock","27":"sale","28":"taxable","29":"shipping-taxable","30":"purchasable","31":"product-type-simple"},"_links":{"self":[{"href":"https:\/\/horecacenter.com\/de\/wp-json\/wp\/v2\/product\/165450","targetHints":{"allow":["GET"]}}],"collection":[{"href":"https:\/\/horecacenter.com\/de\/wp-json\/wp\/v2\/product"}],"about":[{"href":"https:\/\/horecacenter.com\/de\/wp-json\/wp\/v2\/types\/product"}],"replies":[{"embeddable":true,"href":"https:\/\/horecacenter.com\/de\/wp-json\/wp\/v2\/comments?post=165450"}],"version-history":[{"count":3,"href":"https:\/\/horecacenter.com\/de\/wp-json\/wp\/v2\/product\/165450\/revisions"}],"predecessor-version":[{"id":188705,"href":"https:\/\/horecacenter.com\/de\/wp-json\/wp\/v2\/product\/165450\/revisions\/188705"}],"wp:featuredmedia":[{"embeddable":true,"href":"https:\/\/horecacenter.com\/de\/wp-json\/wp\/v2\/media\/126319"}],"wp:attachment":[{"href":"https:\/\/horecacenter.com\/de\/wp-json\/wp\/v2\/media?parent=165450"}],"wp:term":[{"taxonomy":"product_brand","embeddable":true,"href":"https:\/\/horecacenter.com\/de\/wp-json\/wp\/v2\/product_brand?post=165450"},{"taxonomy":"product_cat","embeddable":true,"href":"https:\/\/horecacenter.com\/de\/wp-json\/wp\/v2\/product_cat?post=165450"},{"taxonomy":"product_tag","embeddable":true,"href":"https:\/\/horecacenter.com\/de\/wp-json\/wp\/v2\/product_tag?post=165450"}],"curies":[{"name":"wp","href":"https:\/\/api.w.org\/{rel}","templated":true}]}}