{"id":166031,"date":"2025-11-28T06:36:31","date_gmt":"2025-11-28T06:36:31","guid":{"rendered":"https:\/\/horecacenter.com\/?post_type=product&#038;p=166031"},"modified":"2026-03-13T12:42:22","modified_gmt":"2026-03-13T12:42:22","slug":"horeca-stuhl-riva-braunes-kunstleder","status":"publish","type":"product","link":"https:\/\/horecacenter.com\/de\/produkt\/horeca-stuhl-riva-braunes-kunstleder\/","title":{"rendered":"Horeca Stuhl &#8211; RIVA &#8211; Braunes Kunstleder"},"content":{"rendered":"<p>Der Bezug aus <strong>braunem Kunstleder<\/strong> wird aus strapazierf\u00e4higen synthetischen Materialien hergestellt, die speziell f\u00fcr den intensiven Einsatz in der Gastronomie geeignet sind. Kunstleder ist in Restaurants, Caf\u00e9s und Hotels sehr beliebt, weil es pflegeleicht, langlebig und optisch ansprechend ist. Durch die sch\u00fctzende Oberfl\u00e4che bleibt das Material auch bei t\u00e4glicher Nutzung in stark frequentierten Bereichen lange ansehnlich.<\/p>\n<p><strong>Zeitloser Gastronomie Stuhl mit Praktischem Komfort<\/strong><\/p>\n<p>Der <strong>Gastronomie Stuhl RIVA \u2013 Braun Kunstleder<\/strong> verbindet klassisches Design mit der Funktionalit\u00e4t, die professionelle Gastronomiebetriebe ben\u00f6tigen. Die hohe R\u00fcckenlehne bietet angenehme Unterst\u00fctzung und verleiht dem Stuhl eine elegante Ausstrahlung, die ideal zu Restaurants, Brasserien und traditionellen Caf\u00e9s passt. Die braune Sitzfl\u00e4che in Kunstleder schafft eine warme Atmosph\u00e4re und sorgt gleichzeitig f\u00fcr angenehmen Sitzkomfort. Das stabile Holzgestell unterstreicht die solide Konstruktion und den authentischen Charakter dieses Modells. Dadurch eignet sich der Stuhl besonders f\u00fcr Gastronomiebetriebe, die W\u00e4rme, Best\u00e4ndigkeit und Stil im Innenraum vereinen m\u00f6chten. Dank seines zeitlosen Designs l\u00e4sst sich dieses Modell problemlos in klassische und rustikale Einrichtungskonzepte integrieren. F\u00fcr eine dauerhaft gepflegte Optik empfehlen wir, das Kunstleder regelm\u00e4\u00dfig mit einem weichen, leicht feuchten Tuch zu reinigen. Flecken k\u00f6nnen mit einer milden Seifenl\u00f6sung entfernt werden. Vermeiden Sie aggressive Reinigungsmittel, damit Farbe, Struktur und Schutzschicht des Materials bestm\u00f6glich erhalten bleiben. Planen Sie die Er\u00f6ffnung eines Restaurants, Caf\u00e9s oder Hotels oder m\u00f6chten Sie Ihre bestehende Einrichtung professionell erneuern? Unser erfahrenes Team unterst\u00fctzt Sie gerne mit fachkundiger Beratung f\u00fcr Ihr Gastronomieprojekt. Kontaktieren Sie uns per <strong>Telefon<\/strong>, <strong>WhatsApp<\/strong> oder <strong>E-Mail<\/strong> oder besuchen Sie unseren Showroom f\u00fcr eine pers\u00f6nliche Betreuung.<\/p>\n<p><span style=\"color: #000000;\"><strong>Zus\u00e4tzliche Information:<\/strong><\/span><\/p>\n<div id=\"tw-target-text-container\">\n<ul>\n<li><span style=\"color: #000000;\">Lieferung mit einem Standard-Kunststoffgleitnagel<\/span><\/li>\n<li><span style=\"color: #000000;\">Kommt gebrauchsfertig<\/span><\/li>\n<li><span style=\"color: #000000;\">Garantiertes europ\u00e4isches Produkt<\/span><\/li>\n<li><span style=\"color: #000000;\">1 Jahr Garantie<\/span><\/li>\n<\/ul>\n<\/div>\n","protected":false},"excerpt":{"rendered":"<p>Der Bezug aus braunem Kunstleder wird aus strapazierf\u00e4higen synthetischen Materialien hergestellt, die speziell f\u00fcr den intensiven Einsatz in der Gastronomie<\/p>\n","protected":false},"featured_media":126382,"comment_status":"open","ping_status":"closed","template":"","meta":[],"product_brand":[],"product_cat":[10047],"product_tag":[17664,17665,17671,17672,17657,17658,17659,17660,17661,17662,17663],"class_list":{"0":"post-166031","1":"product","2":"type-product","3":"status-publish","4":"has-post-thumbnail","6":"product_cat-klassische-stuhle","7":"product_tag-industrial-chairs","8":"product_tag-industriestuehle","9":"product_tag-stoelen","10":"product_tag-stuehle","11":"product_tag-chairs","12":"product_tag-chaises","13":"product_tag-chaises-horeca","14":"product_tag-chaises-industrielles","15":"product_tag-horeca-chairs","16":"product_tag-horeca-stoelen","17":"product_tag-horeca-stuehle","18":"pa_armrest-armrest-nein-de","19":"pa_frame-nicht-stapelbar-frame-de","20":"pa_product-color-color-braun-de","21":"pa_product-frame-color-wenge-frame-color-de","22":"pa_product-material-material-holzrahmen-de","23":"pa_product-more-colors-ja-de","24":"pa_product-seat-cm-43x44-seat-cm-de","25":"pa_product-seat-height-cm-48-seat-height-cm-de","26":"pa_product-seat-width-cm-43-seat-width-cm-de","27":"pa_product-seats-1-seats-de","28":"pa_product-upholstery-upholstery-kunstleder-de","29":"pa_product-usage-usage-innen-de","31":"first","32":"outofstock","33":"sale","34":"taxable","35":"shipping-taxable","36":"purchasable","37":"product-type-simple"},"_links":{"self":[{"href":"https:\/\/horecacenter.com\/de\/wp-json\/wp\/v2\/product\/166031","targetHints":{"allow":["GET"]}}],"collection":[{"href":"https:\/\/horecacenter.com\/de\/wp-json\/wp\/v2\/product"}],"about":[{"href":"https:\/\/horecacenter.com\/de\/wp-json\/wp\/v2\/types\/product"}],"replies":[{"embeddable":true,"href":"https:\/\/horecacenter.com\/de\/wp-json\/wp\/v2\/comments?post=166031"}],"version-history":[{"count":4,"href":"https:\/\/horecacenter.com\/de\/wp-json\/wp\/v2\/product\/166031\/revisions"}],"predecessor-version":[{"id":189663,"href":"https:\/\/horecacenter.com\/de\/wp-json\/wp\/v2\/product\/166031\/revisions\/189663"}],"wp:featuredmedia":[{"embeddable":true,"href":"https:\/\/horecacenter.com\/de\/wp-json\/wp\/v2\/media\/126382"}],"wp:attachment":[{"href":"https:\/\/horecacenter.com\/de\/wp-json\/wp\/v2\/media?parent=166031"}],"wp:term":[{"taxonomy":"product_brand","embeddable":true,"href":"https:\/\/horecacenter.com\/de\/wp-json\/wp\/v2\/product_brand?post=166031"},{"taxonomy":"product_cat","embeddable":true,"href":"https:\/\/horecacenter.com\/de\/wp-json\/wp\/v2\/product_cat?post=166031"},{"taxonomy":"product_tag","embeddable":true,"href":"https:\/\/horecacenter.com\/de\/wp-json\/wp\/v2\/product_tag?post=166031"}],"curies":[{"name":"wp","href":"https:\/\/api.w.org\/{rel}","templated":true}]}}