{"id":166110,"date":"2025-11-28T07:27:23","date_gmt":"2025-11-28T07:27:23","guid":{"rendered":"https:\/\/horecacenter.com\/?post_type=product&#038;p=166110"},"modified":"2026-03-13T13:32:01","modified_gmt":"2026-03-13T13:32:01","slug":"horeca-stuhl-lila-braunes-kunstleder","status":"publish","type":"product","link":"https:\/\/horecacenter.com\/de\/produkt\/horeca-stuhl-lila-braunes-kunstleder\/","title":{"rendered":"Horeca Stuhl &#8211; LILA &#8211; Braunes Kunstleder"},"content":{"rendered":"<p>Dieser Gastronomiestuhl ist mit <strong>braunem Kunstleder<\/strong> bezogen, einem langlebigen Material mit eleganter Optik und einfacher Pflege. Kunstleder wird h\u00e4ufig in Restaurants, Caf\u00e9s und Hotels verwendet, da es strapazierf\u00e4hig und leicht zu reinigen ist. Dadurch bleibt der Stuhl auch bei intensiver Nutzung praktisch und stilvoll.<\/p>\n<p><strong>Klassischer Gastronomie Stuhl mit Warmer Ausstrahlung<\/strong><\/p>\n<p>Der <strong>Gastronomie Stuhl LILA \u2013 Braun Kunstleder<\/strong> verbindet ein zeitloses Design mit einer komfortablen Sitzfl\u00e4che. Die Holzr\u00fcckenlehne mit Kreuzdesign verleiht dem Stuhl eine klassische und warme Optik, ideal f\u00fcr Restaurants, Brasserien und Caf\u00e9s. Die braune Sitzfl\u00e4che schafft eine gem\u00fctliche Atmosph\u00e4re. Das stabile Holzgestell sorgt f\u00fcr Standfestigkeit und Langlebigkeit im t\u00e4glichen Einsatz. Dadurch eignet sich dieser Stuhl ideal f\u00fcr Gastronomiebetriebe, die Komfort und authentischen Stil kombinieren m\u00f6chten. Zur Pflege des Kunstleders gen\u00fcgt es, die Sitzfl\u00e4che mit einem weichen, leicht feuchten Tuch zu reinigen. Aggressive Reinigungsmittel sollten vermieden werden. Planen Sie ein neues Gastronomieprojekt oder m\u00f6chten Sie Ihr Interieur modernisieren? Kontaktieren Sie uns per <strong>Telefon<\/strong>, <strong>WhatsApp<\/strong> oder <strong>E-Mail<\/strong> oder besuchen Sie unseren Showroom f\u00fcr professionelle Beratung.<\/p>\n<p><strong><span style=\"color: #000000;\">Zus\u00e4tzliche Information:<\/span><\/strong><\/p>\n<ul>\n<li><span style=\"color: #000000;\">Lieferung mit einem Standard-Kunststoffgleitnagel<\/span><\/li>\n<li><span style=\"color: #000000;\">Kommt gebrauchsfertig<\/span><\/li>\n<li><span style=\"color: #000000;\">Garantiertes europ\u00e4isches Produkt<\/span><\/li>\n<li><span style=\"color: #000000;\">1 Jahr Garantie<\/span><\/li>\n<\/ul>\n","protected":false},"excerpt":{"rendered":"<p>Dieser Gastronomiestuhl ist mit braunem Kunstleder bezogen, einem langlebigen Material mit eleganter Optik und einfacher Pflege. Kunstleder wird h\u00e4ufig in<\/p>\n","protected":false},"featured_media":126418,"comment_status":"open","ping_status":"closed","template":"","meta":[],"product_brand":[],"product_cat":[10047],"product_tag":[17671,17672,17657,17658,17659,17660,17661,17662,17663,17664,17665],"class_list":{"0":"post-166110","1":"product","2":"type-product","3":"status-publish","4":"has-post-thumbnail","6":"product_cat-klassische-stuhle","7":"product_tag-stoelen","8":"product_tag-stuehle","9":"product_tag-chairs","10":"product_tag-chaises","11":"product_tag-chaises-horeca","12":"product_tag-chaises-industrielles","13":"product_tag-horeca-chairs","14":"product_tag-horeca-stoelen","15":"product_tag-horeca-stuehle","16":"product_tag-industrial-chairs","17":"product_tag-industriestuehle","18":"pa_armrest-armrest-nein-de","19":"pa_frame-nicht-stapelbar-frame-de","20":"pa_product-color-color-braun-de","21":"pa_product-frame-color-wenge-frame-color-de","22":"pa_product-material-material-holzrahmen-de","23":"pa_product-more-colors-ja-de","24":"pa_product-more-dimensions-ja-de","25":"pa_product-seat-cm-43x44-seat-cm-de","26":"pa_product-seat-height-cm-48-seat-height-cm-de","27":"pa_product-seat-width-cm-43-seat-width-cm-de","28":"pa_product-seats-1-seats-de","29":"pa_product-upholstery-upholstery-kunstleder-de","30":"pa_product-usage-usage-innen-de","32":"first","33":"outofstock","34":"sale","35":"taxable","36":"shipping-taxable","37":"purchasable","38":"product-type-simple"},"_links":{"self":[{"href":"https:\/\/horecacenter.com\/de\/wp-json\/wp\/v2\/product\/166110","targetHints":{"allow":["GET"]}}],"collection":[{"href":"https:\/\/horecacenter.com\/de\/wp-json\/wp\/v2\/product"}],"about":[{"href":"https:\/\/horecacenter.com\/de\/wp-json\/wp\/v2\/types\/product"}],"replies":[{"embeddable":true,"href":"https:\/\/horecacenter.com\/de\/wp-json\/wp\/v2\/comments?post=166110"}],"version-history":[{"count":3,"href":"https:\/\/horecacenter.com\/de\/wp-json\/wp\/v2\/product\/166110\/revisions"}],"predecessor-version":[{"id":189754,"href":"https:\/\/horecacenter.com\/de\/wp-json\/wp\/v2\/product\/166110\/revisions\/189754"}],"wp:featuredmedia":[{"embeddable":true,"href":"https:\/\/horecacenter.com\/de\/wp-json\/wp\/v2\/media\/126418"}],"wp:attachment":[{"href":"https:\/\/horecacenter.com\/de\/wp-json\/wp\/v2\/media?parent=166110"}],"wp:term":[{"taxonomy":"product_brand","embeddable":true,"href":"https:\/\/horecacenter.com\/de\/wp-json\/wp\/v2\/product_brand?post=166110"},{"taxonomy":"product_cat","embeddable":true,"href":"https:\/\/horecacenter.com\/de\/wp-json\/wp\/v2\/product_cat?post=166110"},{"taxonomy":"product_tag","embeddable":true,"href":"https:\/\/horecacenter.com\/de\/wp-json\/wp\/v2\/product_tag?post=166110"}],"curies":[{"name":"wp","href":"https:\/\/api.w.org\/{rel}","templated":true}]}}