{"id":166725,"date":"2025-11-28T13:46:38","date_gmt":"2025-11-28T13:46:38","guid":{"rendered":"https:\/\/horecacenter.com\/?post_type=product&#038;p=166725"},"modified":"2026-03-25T09:30:41","modified_gmt":"2026-03-25T09:30:41","slug":"horeca-puff-rund-taupe-kunstleder","status":"publish","type":"product","link":"https:\/\/horecacenter.com\/de\/produkt\/horeca-puff-rund-taupe-kunstleder\/","title":{"rendered":"Horeca Puff &#8211; Rund &#8211; Taupe Kunstleder"},"content":{"rendered":"<p>Dieser Hocker ist mit <strong>taupefarbenem Kunstleder<\/strong> bezogen, einem langlebigen und pflegeleichten Material. Er bietet eine elegante Optik und eignet sich f\u00fcr intensiven Einsatz.<\/p>\n<p><strong>Moderner und Kompakter Gastronomie Hocker<\/strong><\/p>\n<p>Dieser runde Kunstleder-Hocker ist in Taupe und Schwarz erh\u00e4ltlich und vielseitig einsetzbar. Das stabile Design sorgt f\u00fcr Langlebigkeit. Der <strong>Gastronomie Hocker \u2013 Rund \u2013 Taupe Kunstleder<\/strong> bietet komfortables Sitzen und eine moderne Ausstrahlung. Ideal f\u00fcr Caf\u00e9s und Restaurants. Dank seines kompakten Formats ist er leicht zu bewegen. Perfekt f\u00fcr flexible Sitzl\u00f6sungen. Zur Pflege einfach mit einem weichen, leicht feuchten Tuch reinigen. Aggressive Reinigungsmittel vermeiden.<\/p>\n","protected":false},"excerpt":{"rendered":"<p>Dieser Hocker ist mit taupefarbenem Kunstleder bezogen, einem langlebigen und pflegeleichten Material. Er bietet eine elegante Optik und eignet sich<\/p>\n","protected":false},"featured_media":72195,"comment_status":"open","ping_status":"closed","template":"","meta":[],"product_brand":[],"product_cat":[9803],"product_tag":[17434,17667,17668,17670,17943,17417,17426],"class_list":{"0":"post-166725","1":"product","2":"type-product","3":"status-publish","4":"has-post-thumbnail","6":"product_cat-puff","7":"product_tag-horeca-moebel","8":"product_tag-restaurant-furniture","9":"product_tag-restaurant-inrichting","10":"product_tag-restaurant-moebel","11":"product_tag-restaurant-meubelen","12":"product_tag-meubles-horeca","13":"product_tag-horeca-furniture","14":"pa_frame-nicht-stapelbar-frame-de","15":"pa_product-color-color-taupe-de","16":"pa_product-frame-color-schwarz-frame-color-de","17":"pa_product-more-colors-ja-de","18":"pa_product-more-dimensions-ja-de","19":"pa_product-seat-height-cm-45-seat-height-cm-de","20":"pa_product-seat-width-cm-37-seat-width-cm-de","21":"pa_product-seats-1-seats-de","22":"pa_product-upholstery-upholstery-kunstleder-de","23":"pa_product-usage-usage-innen-de","25":"first","26":"outofstock","27":"sale","28":"taxable","29":"shipping-taxable","30":"purchasable","31":"product-type-simple"},"_links":{"self":[{"href":"https:\/\/horecacenter.com\/de\/wp-json\/wp\/v2\/product\/166725","targetHints":{"allow":["GET"]}}],"collection":[{"href":"https:\/\/horecacenter.com\/de\/wp-json\/wp\/v2\/product"}],"about":[{"href":"https:\/\/horecacenter.com\/de\/wp-json\/wp\/v2\/types\/product"}],"replies":[{"embeddable":true,"href":"https:\/\/horecacenter.com\/de\/wp-json\/wp\/v2\/comments?post=166725"}],"version-history":[{"count":3,"href":"https:\/\/horecacenter.com\/de\/wp-json\/wp\/v2\/product\/166725\/revisions"}],"predecessor-version":[{"id":191303,"href":"https:\/\/horecacenter.com\/de\/wp-json\/wp\/v2\/product\/166725\/revisions\/191303"}],"wp:featuredmedia":[{"embeddable":true,"href":"https:\/\/horecacenter.com\/de\/wp-json\/wp\/v2\/media\/72195"}],"wp:attachment":[{"href":"https:\/\/horecacenter.com\/de\/wp-json\/wp\/v2\/media?parent=166725"}],"wp:term":[{"taxonomy":"product_brand","embeddable":true,"href":"https:\/\/horecacenter.com\/de\/wp-json\/wp\/v2\/product_brand?post=166725"},{"taxonomy":"product_cat","embeddable":true,"href":"https:\/\/horecacenter.com\/de\/wp-json\/wp\/v2\/product_cat?post=166725"},{"taxonomy":"product_tag","embeddable":true,"href":"https:\/\/horecacenter.com\/de\/wp-json\/wp\/v2\/product_tag?post=166725"}],"curies":[{"name":"wp","href":"https:\/\/api.w.org\/{rel}","templated":true}]}}