{"id":167143,"date":"2025-11-29T05:44:25","date_gmt":"2025-11-29T05:44:25","guid":{"rendered":"https:\/\/horecacenter.com\/?post_type=product&#038;p=167143"},"modified":"2026-03-16T09:05:03","modified_gmt":"2026-03-16T09:05:03","slug":"horeca-stuhl-tara-orangenfarbenes-kunstleder","status":"publish","type":"product","link":"https:\/\/horecacenter.com\/de\/produkt\/horeca-stuhl-tara-orangenfarbenes-kunstleder\/","title":{"rendered":"Horeca Stuhl &#8211; TARA &#8211; Orangenfarbenes Kunstleder"},"content":{"rendered":"<p>Dieser Gastronomiestuhl ist mit <strong>orangefarbenem Kunstleder<\/strong> bezogen, einem langlebigen Material mit moderner Optik und einfacher Pflege. Kunstleder wird h\u00e4ufig in Restaurants, Caf\u00e9s und Hotels eingesetzt, da es strapazierf\u00e4hig und leicht zu reinigen ist. Dadurch bleibt der Stuhl auch bei intensiver Nutzung praktisch und stilvoll.<\/p>\n<p><strong>Moderner Gastronomie Stuhl mit Lebendiger Optik<\/strong><\/p>\n<p>Der <strong>Gastronomie Stuhl TARA \u2013 Orange Kunstleder<\/strong> kombiniert ein modernes Design mit einer komfortablen Sitzfl\u00e4che. Die auff\u00e4llige orange Farbe sorgt f\u00fcr eine warme und lebendige Atmosph\u00e4re in Restaurants, Caf\u00e9s und Bistros. Durch das minimalistische Design l\u00e4sst sich der Stuhl problemlos in verschiedene Einrichtungskonzepte integrieren. Das stabile Gestell sorgt f\u00fcr Standfestigkeit und Langlebigkeit im t\u00e4glichen Einsatz. Dadurch eignet sich dieser Stuhl ideal f\u00fcr Gastronomiebetriebe, die Komfort, Funktionalit\u00e4t und ein auff\u00e4lliges Design verbinden m\u00f6chten. Zur Pflege des Kunstleders gen\u00fcgt es, die Sitzfl\u00e4che mit einem weichen, leicht feuchten Tuch zu reinigen. Aggressive Reinigungsmittel sollten vermieden werden. Planen Sie ein neues Gastronomieprojekt oder m\u00f6chten Sie Ihr Interieur modernisieren? Kontaktieren Sie uns per <strong>Telefon<\/strong>, <strong>WhatsApp<\/strong> oder <strong>E-Mail<\/strong> oder besuchen Sie unseren Showroom f\u00fcr professionelle Beratung.<\/p>\n<p><span style=\"color: #000000;\"><strong>Zus\u00e4tzliche Information:<\/strong><\/span><\/p>\n<ul>\n<li><span style=\"color: #000000;\">Lieferung mit einem Standard-Kunststoffgleitnagel<\/span><\/li>\n<li><span style=\"color: #000000;\">Kommt gebrauchsfertig<\/span><\/li>\n<li><span style=\"color: #000000;\">Garantiertes europ\u00e4isches Produkt<\/span><\/li>\n<li><span style=\"color: #000000;\">1 Jahr Garantie<\/span><\/li>\n<\/ul>\n","protected":false},"excerpt":{"rendered":"<p>Dieser Gastronomiestuhl ist mit orangefarbenem Kunstleder bezogen, einem langlebigen Material mit moderner Optik und einfacher Pflege. Kunstleder wird h\u00e4ufig in<\/p>\n","protected":false},"featured_media":167163,"comment_status":"closed","ping_status":"closed","template":"","meta":[],"product_brand":[],"product_cat":[9855],"product_tag":[17417,17426,17434],"class_list":{"0":"post-167143","1":"product","2":"type-product","3":"status-publish","4":"has-post-thumbnail","6":"product_cat-ledersessel","7":"product_tag-meubles-horeca","8":"product_tag-horeca-furniture","9":"product_tag-horeca-moebel","10":"pa_armrest-armrest-nein-de","11":"pa_frame-nicht-stapelbar-frame-de","12":"pa_product-color-color-orange-de","13":"pa_product-frame-color-wenge-frame-color-de","14":"pa_product-material-material-holzrahmen-de","15":"pa_product-more-colors-ja-de","16":"pa_product-more-dimensions-ja-de","17":"pa_product-seat-cm-45x45-seat-cm-de","18":"pa_product-seat-height-cm-49-seat-height-cm-de","19":"pa_product-seat-width-cm-44-50-seat-width-cm-de","20":"pa_product-seats-1-seats-de","21":"pa_product-upholstery-upholstery-kunstleder-de","22":"pa_product-usage-usage-innen-de","24":"first","25":"instock","26":"sale","27":"taxable","28":"shipping-taxable","29":"purchasable","30":"product-type-simple"},"_links":{"self":[{"href":"https:\/\/horecacenter.com\/de\/wp-json\/wp\/v2\/product\/167143","targetHints":{"allow":["GET"]}}],"collection":[{"href":"https:\/\/horecacenter.com\/de\/wp-json\/wp\/v2\/product"}],"about":[{"href":"https:\/\/horecacenter.com\/de\/wp-json\/wp\/v2\/types\/product"}],"replies":[{"embeddable":true,"href":"https:\/\/horecacenter.com\/de\/wp-json\/wp\/v2\/comments?post=167143"}],"version-history":[{"count":3,"href":"https:\/\/horecacenter.com\/de\/wp-json\/wp\/v2\/product\/167143\/revisions"}],"predecessor-version":[{"id":189811,"href":"https:\/\/horecacenter.com\/de\/wp-json\/wp\/v2\/product\/167143\/revisions\/189811"}],"wp:featuredmedia":[{"embeddable":true,"href":"https:\/\/horecacenter.com\/de\/wp-json\/wp\/v2\/media\/167163"}],"wp:attachment":[{"href":"https:\/\/horecacenter.com\/de\/wp-json\/wp\/v2\/media?parent=167143"}],"wp:term":[{"taxonomy":"product_brand","embeddable":true,"href":"https:\/\/horecacenter.com\/de\/wp-json\/wp\/v2\/product_brand?post=167143"},{"taxonomy":"product_cat","embeddable":true,"href":"https:\/\/horecacenter.com\/de\/wp-json\/wp\/v2\/product_cat?post=167143"},{"taxonomy":"product_tag","embeddable":true,"href":"https:\/\/horecacenter.com\/de\/wp-json\/wp\/v2\/product_tag?post=167143"}],"curies":[{"name":"wp","href":"https:\/\/api.w.org\/{rel}","templated":true}]}}