{"id":167226,"date":"2025-11-29T06:40:34","date_gmt":"2025-11-29T06:40:34","guid":{"rendered":"https:\/\/horecacenter.com\/?post_type=product&#038;p=167226"},"modified":"2026-03-16T12:42:32","modified_gmt":"2026-03-16T12:42:32","slug":"horeca-stuhl-basic-schwarzes-kunstleder","status":"publish","type":"product","link":"https:\/\/horecacenter.com\/de\/produkt\/horeca-stuhl-basic-schwarzes-kunstleder\/","title":{"rendered":"Horeca Stuhl &#8211; BASIC &#8211; Schwarzes Kunstleder"},"content":{"rendered":"<p>Dieser stilvolle Stuhl ist mit <strong>Bronco-Kunstleder in Schwarz<\/strong> bezogen, einem hochwertigen Bezugsmaterial, das die Optik von echtem Leder mit den praktischen Vorteilen synthetischer Materialien kombiniert. Bronco-Stoff ist langlebig, pflegeleicht und bietet hohen Sitzkomfort. Daher eignet er sich hervorragend f\u00fcr M\u00f6bel in Restaurants, Caf\u00e9s und Hotels.<\/p>\n<p><strong>Eleganter Gastronomie Stuhl mit Modernem Komfort<\/strong><\/p>\n<p>Der <strong>Gastronomie Stuhl BASIC \u2013 Schwarz Kunstleder<\/strong> verbindet ein modernes Design mit einer komfortablen Sitzfl\u00e4che. Das schwarze Buchenholzgestell sorgt f\u00fcr Stabilit\u00e4t und eine elegante Optik. Das hochwertige Kunstleder bietet eine weiche und langlebige Sitzfl\u00e4che. St\u00fchle f\u00fcr Ihr Gastronomieprojekt gibt es in vielen Formen, Gr\u00f6\u00dfen und Farben. Horeca Center bietet eine gro\u00dfe Auswahl, bei der Material, Stil und Komfort frei gew\u00e4hlt werden k\u00f6nnen. Ob Holz oder Metall \u2013 alles ist m\u00f6glich.<\/p>\n<p><strong>Bronco-Stoff:<\/strong> Bronco ist ein Kunstleder, das die \u00c4sthetik von echtem Leder mit den Vorteilen synthetischer Materialien verbindet. Es ist strapazierf\u00e4hig, pflegeleicht und komfortabel und daher ideal f\u00fcr M\u00f6bel wie St\u00fchle und Sofas.<\/p>\n<p>Suchen Sie ma\u00dfgefertigte M\u00f6bel oder professionelle Beratung? Horeca Center unterst\u00fctzt Sie gerne. Kontaktieren Sie uns per <strong>Telefon<\/strong>, <strong>WhatsApp<\/strong> oder <strong>E-Mail<\/strong> oder besuchen Sie unseren Showroom.<\/p>\n<p><span style=\"color: #000000;\"><strong>Zus\u00e4tzliche Information:<\/strong><\/span><\/p>\n<ul>\n<li><span style=\"color: #000000;\">Kommt mit einem Standard Kunststoff Gleitnagel<\/span><\/li>\n<li><span style=\"color: #000000;\">Komplett gebrauchsfertig geliefert<\/span><\/li>\n<li><span style=\"color: #000000;\">Europ\u00e4isches Produkt garantiert<\/span><\/li>\n<li><span style=\"color: #000000;\">1 Jahr Garantie<\/span><\/li>\n<\/ul>\n","protected":false},"excerpt":{"rendered":"<p>Dieser stilvolle Stuhl ist mit Bronco-Kunstleder in Schwarz bezogen, einem hochwertigen Bezugsmaterial, das die Optik von echtem Leder mit den<\/p>\n","protected":false},"featured_media":72379,"comment_status":"open","ping_status":"closed","template":"","meta":[],"product_brand":[],"product_cat":[9855],"product_tag":[17417,17426,17434,17659,17661,17662,17663],"class_list":{"0":"post-167226","1":"product","2":"type-product","3":"status-publish","4":"has-post-thumbnail","6":"product_cat-ledersessel","7":"product_tag-meubles-horeca","8":"product_tag-horeca-furniture","9":"product_tag-horeca-moebel","10":"product_tag-chaises-horeca","11":"product_tag-horeca-chairs","12":"product_tag-horeca-stoelen","13":"product_tag-horeca-stuehle","14":"pa_armrest-armrest-nein-de","15":"pa_frame-nicht-stapelbar-frame-de","16":"pa_product-color-color-schwarz-de","17":"pa_product-frame-color-schwarz-frame-color-de","18":"pa_product-material-material-holzrahmen-de","19":"pa_product-more-colors-ja-de","20":"pa_product-seat-cm-42x42-seat-cm-de","21":"pa_product-seat-height-cm-50-seat-height-cm-de","22":"pa_product-seat-width-cm-42-seat-width-cm-de","23":"pa_product-seats-1-seats-de","24":"pa_product-upholstery-upholstery-kunstleder-de","25":"pa_product-usage-usage-innen-de","27":"first","28":"instock","29":"sale","30":"featured","31":"taxable","32":"shipping-taxable","33":"purchasable","34":"product-type-simple"},"_links":{"self":[{"href":"https:\/\/horecacenter.com\/de\/wp-json\/wp\/v2\/product\/167226","targetHints":{"allow":["GET"]}}],"collection":[{"href":"https:\/\/horecacenter.com\/de\/wp-json\/wp\/v2\/product"}],"about":[{"href":"https:\/\/horecacenter.com\/de\/wp-json\/wp\/v2\/types\/product"}],"replies":[{"embeddable":true,"href":"https:\/\/horecacenter.com\/de\/wp-json\/wp\/v2\/comments?post=167226"}],"version-history":[{"count":3,"href":"https:\/\/horecacenter.com\/de\/wp-json\/wp\/v2\/product\/167226\/revisions"}],"predecessor-version":[{"id":189851,"href":"https:\/\/horecacenter.com\/de\/wp-json\/wp\/v2\/product\/167226\/revisions\/189851"}],"wp:featuredmedia":[{"embeddable":true,"href":"https:\/\/horecacenter.com\/de\/wp-json\/wp\/v2\/media\/72379"}],"wp:attachment":[{"href":"https:\/\/horecacenter.com\/de\/wp-json\/wp\/v2\/media?parent=167226"}],"wp:term":[{"taxonomy":"product_brand","embeddable":true,"href":"https:\/\/horecacenter.com\/de\/wp-json\/wp\/v2\/product_brand?post=167226"},{"taxonomy":"product_cat","embeddable":true,"href":"https:\/\/horecacenter.com\/de\/wp-json\/wp\/v2\/product_cat?post=167226"},{"taxonomy":"product_tag","embeddable":true,"href":"https:\/\/horecacenter.com\/de\/wp-json\/wp\/v2\/product_tag?post=167226"}],"curies":[{"name":"wp","href":"https:\/\/api.w.org\/{rel}","templated":true}]}}