{"id":167325,"date":"2025-11-29T07:21:05","date_gmt":"2025-11-29T07:21:05","guid":{"rendered":"https:\/\/horecacenter.com\/?post_type=product&#038;p=167325"},"modified":"2026-03-16T13:56:04","modified_gmt":"2026-03-16T13:56:04","slug":"horeca-stuhl-mabel-braunes-kunstleder","status":"publish","type":"product","link":"https:\/\/horecacenter.com\/de\/produkt\/horeca-stuhl-mabel-braunes-kunstleder\/","title":{"rendered":"Horeca Stuhl &#8211; MABEL &#8211; Braunes Kunstleder"},"content":{"rendered":"<p>Dieser vielseitige Stuhl ist mit <strong>braunem Kunstleder<\/strong> bezogen, einem Material, das Komfort, Langlebigkeit und Pflegeleichtigkeit vereint. Die Oberfl\u00e4che f\u00fchlt sich angenehm an und ist gleichzeitig robust genug f\u00fcr intensive Nutzung. Dadurch eignet sich der Stuhl ideal f\u00fcr Restaurants, Caf\u00e9s und Hotels. Die warme braune Farbe sorgt f\u00fcr eine elegante Atmosph\u00e4re.<\/p>\n<p><strong>Eleganter Gastronomie Stuhl mit Modernem Komfort<\/strong><\/p>\n<p>Der <strong>Gastronomie Stuhl MABEL \u2013 Braun Kunstleder<\/strong> verbindet stilvolles Design mit hoher Funktionalit\u00e4t. Das weng\u00e9farbene Buchenholzgestell bietet Stabilit\u00e4t und eine edle Optik. Die komfortable Sitzfl\u00e4che l\u00e4dt G\u00e4ste dazu ein, l\u00e4nger zu verweilen. Dank seines zeitlosen Designs passt dieser Stuhl perfekt in verschiedene Gastronomieeinrichtungen. Hochwertige Materialien und modernes Design schaffen eine warme und einladende Atmosph\u00e4re. St\u00fchle f\u00fcr Ihr Gastronomieprojekt gibt es in vielen Formen, Gr\u00f6\u00dfen und Materialien. Horeca Center bietet eine gro\u00dfe Auswahl, bei der Sie Material, Farbe und Komfort frei w\u00e4hlen k\u00f6nnen.<\/p>\n<p>Suchen Sie ma\u00dfgefertigte M\u00f6bel oder pers\u00f6nliche Beratung? Horeca Center unterst\u00fctzt Sie gerne. Kontaktieren Sie uns per <strong>Telefon<\/strong>, <strong>WhatsApp<\/strong> oder <strong>E-Mail<\/strong> oder besuchen Sie unseren Showroom.<\/p>\n<p><span style=\"color: #000000;\"><strong>Zus\u00e4tzliche Information:<\/strong><\/span><\/p>\n<ul>\n<li><span style=\"color: #000000;\">Lieferung mit einem Standard-Kunststoffgleitnagel<\/span><\/li>\n<li><span style=\"color: #000000;\">Kommt gebrauchsfertig<\/span><\/li>\n<li><span style=\"color: #000000;\">Garantiertes europ\u00e4isches Produkt<\/span><\/li>\n<li><span style=\"color: #000000;\">1 Jahr Garantie<\/span><\/li>\n<\/ul>\n","protected":false},"excerpt":{"rendered":"<p>Dieser vielseitige Stuhl ist mit braunem Kunstleder bezogen, einem Material, das Komfort, Langlebigkeit und Pflegeleichtigkeit vereint. Die Oberfl\u00e4che f\u00fchlt sich<\/p>\n","protected":false},"featured_media":70475,"comment_status":"open","ping_status":"closed","template":"","meta":[],"product_brand":[],"product_cat":[9855],"product_tag":[17660,17661,17662,17663,17664,17665,17671,17672,17657,17658,17659],"class_list":{"0":"post-167325","1":"product","2":"type-product","3":"status-publish","4":"has-post-thumbnail","6":"product_cat-ledersessel","7":"product_tag-chaises-industrielles","8":"product_tag-horeca-chairs","9":"product_tag-horeca-stoelen","10":"product_tag-horeca-stuehle","11":"product_tag-industrial-chairs","12":"product_tag-industriestuehle","13":"product_tag-stoelen","14":"product_tag-stuehle","15":"product_tag-chairs","16":"product_tag-chaises","17":"product_tag-chaises-horeca","18":"pa_armrest-armrest-nein-de","19":"pa_frame-nicht-stapelbar-frame-de","20":"pa_product-color-color-braun-de","21":"pa_product-frame-color-wenge-frame-color-de","22":"pa_product-material-material-holzrahmen-de","23":"pa_product-more-colors-ja-de","24":"pa_product-seat-height-cm-51-seat-height-cm-de","25":"pa_product-seat-width-cm-45-seat-width-cm-de","26":"pa_product-seats-1-seats-de","27":"pa_product-upholstery-upholstery-kunstleder-de","28":"pa_product-usage-usage-innen-de","30":"first","31":"onbackorder","32":"sale","33":"taxable","34":"shipping-taxable","35":"purchasable","36":"product-type-simple"},"_links":{"self":[{"href":"https:\/\/horecacenter.com\/de\/wp-json\/wp\/v2\/product\/167325","targetHints":{"allow":["GET"]}}],"collection":[{"href":"https:\/\/horecacenter.com\/de\/wp-json\/wp\/v2\/product"}],"about":[{"href":"https:\/\/horecacenter.com\/de\/wp-json\/wp\/v2\/types\/product"}],"replies":[{"embeddable":true,"href":"https:\/\/horecacenter.com\/de\/wp-json\/wp\/v2\/comments?post=167325"}],"version-history":[{"count":3,"href":"https:\/\/horecacenter.com\/de\/wp-json\/wp\/v2\/product\/167325\/revisions"}],"predecessor-version":[{"id":189866,"href":"https:\/\/horecacenter.com\/de\/wp-json\/wp\/v2\/product\/167325\/revisions\/189866"}],"wp:featuredmedia":[{"embeddable":true,"href":"https:\/\/horecacenter.com\/de\/wp-json\/wp\/v2\/media\/70475"}],"wp:attachment":[{"href":"https:\/\/horecacenter.com\/de\/wp-json\/wp\/v2\/media?parent=167325"}],"wp:term":[{"taxonomy":"product_brand","embeddable":true,"href":"https:\/\/horecacenter.com\/de\/wp-json\/wp\/v2\/product_brand?post=167325"},{"taxonomy":"product_cat","embeddable":true,"href":"https:\/\/horecacenter.com\/de\/wp-json\/wp\/v2\/product_cat?post=167325"},{"taxonomy":"product_tag","embeddable":true,"href":"https:\/\/horecacenter.com\/de\/wp-json\/wp\/v2\/product_tag?post=167325"}],"curies":[{"name":"wp","href":"https:\/\/api.w.org\/{rel}","templated":true}]}}