{"id":167660,"date":"2025-11-29T08:57:28","date_gmt":"2025-11-29T08:57:28","guid":{"rendered":"https:\/\/horecacenter.com\/?post_type=product&#038;p=167660"},"modified":"2026-03-17T07:48:25","modified_gmt":"2026-03-17T07:48:25","slug":"horeca-stuhl-dex-schwarzes-kunstleder","status":"publish","type":"product","link":"https:\/\/horecacenter.com\/de\/produkt\/horeca-stuhl-dex-schwarzes-kunstleder\/","title":{"rendered":"Horeca Stuhl &#8211; DEX &#8211; Schwarzes Kunstleder"},"content":{"rendered":"<p>Dieser Gastronomiestuhl ist mit <strong>schwarzem Kunstleder<\/strong> bezogen, einem langlebigen Material mit eleganter Optik und einfacher Pflege. Kunstleder wird h\u00e4ufig in Restaurants, Caf\u00e9s und Hotels eingesetzt, da es strapazierf\u00e4hig und leicht zu reinigen ist. Dadurch bleibt der Stuhl auch bei intensiver Nutzung praktisch und stilvoll.<\/p>\n<p><strong>Eleganter Gastronomie Stuhl mit Gepolsterter Optik<\/strong><\/p>\n<p>Der <strong>Gastronomie Stuhl DEX \u2013 Schwarz Kunstleder<\/strong> kombiniert modernes Design mit zus\u00e4tzlichem Komfort durch dezente Steppn\u00e4hte und eine gepolsterte R\u00fcckenlehne. Die weiche Polsterung sorgt f\u00fcr ein angenehmes Sitzgef\u00fchl, w\u00e4hrend das schwarze Gestell Stabilit\u00e4t bietet. Dank seines zeitlosen Designs l\u00e4sst sich dieser Stuhl problemlos in verschiedene Gastronomieeinrichtungen integrieren. Er schafft eine stilvolle und professionelle Atmosph\u00e4re. Zur Pflege des Kunstleders gen\u00fcgt es, die Sitzfl\u00e4che mit einem weichen, leicht feuchten Tuch zu reinigen. Aggressive Reinigungsmittel sollten vermieden werden. Planen Sie ein neues Gastronomieprojekt oder m\u00f6chten Sie Ihr Interieur modernisieren? Kontaktieren Sie uns per <strong>Telefon<\/strong>, <strong>WhatsApp<\/strong> oder <strong>E-Mail<\/strong> oder besuchen Sie unseren Showroom f\u00fcr professionelle Beratung.<\/p>\n<p><span style=\"color: #000000;\"><strong>Zus\u00e4tzliche Information:<\/strong><\/span><\/p>\n<ul>\n<li><span style=\"color: #000000;\">Lieferung mit einem Standard-Kunststoffgleitnagel<\/span><\/li>\n<li><span style=\"color: #000000;\">Kommt gebrauchsfertig<\/span><\/li>\n<li><span style=\"color: #000000;\">Garantiertes europ\u00e4isches Produkt<\/span><\/li>\n<li><span style=\"color: #000000;\">1 Jahr Garantie<\/span><\/li>\n<\/ul>\n","protected":false},"excerpt":{"rendered":"<p>Dieser Gastronomiestuhl ist mit schwarzem Kunstleder bezogen, einem langlebigen Material mit eleganter Optik und einfacher Pflege. Kunstleder wird h\u00e4ufig in<\/p>\n","protected":false},"featured_media":72641,"comment_status":"open","ping_status":"closed","template":"","meta":[],"product_brand":[],"product_cat":[9855],"product_tag":[17657,17658,17659,17660,17661,17662,17663,17664,17665,17671,17672],"class_list":{"0":"post-167660","1":"product","2":"type-product","3":"status-publish","4":"has-post-thumbnail","6":"product_cat-ledersessel","7":"product_tag-chairs","8":"product_tag-chaises","9":"product_tag-chaises-horeca","10":"product_tag-chaises-industrielles","11":"product_tag-horeca-chairs","12":"product_tag-horeca-stoelen","13":"product_tag-horeca-stuehle","14":"product_tag-industrial-chairs","15":"product_tag-industriestuehle","16":"product_tag-stoelen","17":"product_tag-stuehle","18":"pa_armrest-armrest-nein-de","19":"pa_frame-nicht-stapelbar-frame-de","20":"pa_product-color-color-schwarz-de","21":"pa_product-frame-color-wenge-frame-color-de","22":"pa_product-material-material-holzrahmen-de","23":"pa_product-more-colors-ja-de","24":"pa_product-more-dimensions-ja-de","25":"pa_product-seat-cm-42x47-seat-cm-de","26":"pa_product-seat-height-cm-51-seat-height-cm-de","27":"pa_product-seat-width-cm-46-50-seat-width-cm-de","28":"pa_product-seats-1-seats-de","29":"pa_product-upholstery-upholstery-kunstleder-de","30":"pa_product-usage-usage-innen-de","32":"first","33":"instock","34":"sale","35":"taxable","36":"shipping-taxable","37":"purchasable","38":"product-type-simple"},"_links":{"self":[{"href":"https:\/\/horecacenter.com\/de\/wp-json\/wp\/v2\/product\/167660","targetHints":{"allow":["GET"]}}],"collection":[{"href":"https:\/\/horecacenter.com\/de\/wp-json\/wp\/v2\/product"}],"about":[{"href":"https:\/\/horecacenter.com\/de\/wp-json\/wp\/v2\/types\/product"}],"replies":[{"embeddable":true,"href":"https:\/\/horecacenter.com\/de\/wp-json\/wp\/v2\/comments?post=167660"}],"version-history":[{"count":3,"href":"https:\/\/horecacenter.com\/de\/wp-json\/wp\/v2\/product\/167660\/revisions"}],"predecessor-version":[{"id":189933,"href":"https:\/\/horecacenter.com\/de\/wp-json\/wp\/v2\/product\/167660\/revisions\/189933"}],"wp:featuredmedia":[{"embeddable":true,"href":"https:\/\/horecacenter.com\/de\/wp-json\/wp\/v2\/media\/72641"}],"wp:attachment":[{"href":"https:\/\/horecacenter.com\/de\/wp-json\/wp\/v2\/media?parent=167660"}],"wp:term":[{"taxonomy":"product_brand","embeddable":true,"href":"https:\/\/horecacenter.com\/de\/wp-json\/wp\/v2\/product_brand?post=167660"},{"taxonomy":"product_cat","embeddable":true,"href":"https:\/\/horecacenter.com\/de\/wp-json\/wp\/v2\/product_cat?post=167660"},{"taxonomy":"product_tag","embeddable":true,"href":"https:\/\/horecacenter.com\/de\/wp-json\/wp\/v2\/product_tag?post=167660"}],"curies":[{"name":"wp","href":"https:\/\/api.w.org\/{rel}","templated":true}]}}