{"id":168694,"date":"2025-12-01T10:29:10","date_gmt":"2025-12-01T10:29:10","guid":{"rendered":"https:\/\/horecacenter.com\/?post_type=product&#038;p=168694"},"modified":"2026-04-07T11:37:00","modified_gmt":"2026-04-07T11:37:00","slug":"horeca-stapelbarer-terrassenstuhl-lorena-olivfarbenes-kunstleder","status":"publish","type":"product","link":"https:\/\/horecacenter.com\/de\/produkt\/horeca-stapelbarer-terrassenstuhl-lorena-olivfarbenes-kunstleder\/","title":{"rendered":"Terrassenstuhl LORENA &#8211; Stapelbar &#8211; Olivfarbenes Kunstleder"},"content":{"rendered":"<p>Dieser <strong>olivgr\u00fcne Kunststoff-Terrassenstuhl<\/strong> wird aus langlebigem Polypropylen gefertigt, einem leichten und gleichzeitig stabilen Material f\u00fcr den intensiven Einsatz in der Gastronomie. Er ist wetterbest\u00e4ndig, pflegeleicht und ideal f\u00fcr Terrassen, Caf\u00e9s und Restaurants geeignet.<\/p>\n<p><strong>Nat\u00fcrliches und Modernes Design<\/strong><\/p>\n<p>Der <strong>Terrassenstuhl LORENA \u2013 Stapelbar \u2013 Oliv Kunststoff<\/strong> kombiniert ein minimalistisches Design mit einer nat\u00fcrlichen und stilvollen Farbgebung. Die ergonomische Sitzfl\u00e4che und R\u00fcckenlehne sorgen f\u00fcr angenehmen Sitzkomfort. Durch sein geringes Gewicht ist der Stuhl flexibel einsetzbar. Dieser Stuhl ist ideal f\u00fcr Gastronomiebetriebe, die Wert auf Effizienz und Flexibilit\u00e4t legen. Die stapelbare Konstruktion erm\u00f6glicht ein platzsparendes Verstauen mehrerer St\u00fchle. So bleibt Ihre Terrasse ordentlich und gut organisiert. Zur Reinigung gen\u00fcgt ein feuchtes Tuch oder einfaches Absp\u00fclen mit Wasser. Die glatte Oberfl\u00e4che verhindert Schmutzablagerungen und sorgt f\u00fcr eine schnelle, hygienische Pflege. Vermeiden Sie aggressive Reinigungsmittel, um Material und Farbe langfristig zu erhalten.<\/p>\n<p>Planen Sie die Einrichtung Ihrer Terrasse oder Gastronomie? Unser Expertenteam unterst\u00fctzt Sie gerne. Kontaktieren Sie uns per <strong>Telefon<\/strong>, <strong>WhatsApp<\/strong> oder <strong>E-Mail<\/strong> oder besuchen Sie unseren Showroom.<\/p>\n","protected":false},"excerpt":{"rendered":"<p>Dieser olivgr\u00fcne Kunststoff-Terrassenstuhl wird aus langlebigem Polypropylen gefertigt, einem leichten und gleichzeitig stabilen Material f\u00fcr den intensiven Einsatz in der<\/p>\n","protected":false},"featured_media":89215,"comment_status":"closed","ping_status":"closed","template":"","meta":[],"product_brand":[],"product_cat":[9783,9775,10043],"product_tag":[],"class_list":{"0":"post-168694","1":"product","2":"type-product","3":"status-publish","4":"has-post-thumbnail","6":"product_cat-terrassenstuhl","7":"product_cat-kunststoff-stuhl","8":"product_cat-staphel-stuhle","9":"pa_armrest-armrest-nein-de","10":"pa_product-color-color-olive-de","11":"pa_product-frame-color-olive-frame-color-de","12":"pa_product-material-material-synthetik","13":"pa_product-more-colors-ja-de","14":"pa_product-seat-height-cm-44-seat-height-cm-de","15":"pa_product-seat-width-cm-41-seat-width-cm-de","16":"pa_product-seats-1-seats-de","17":"pa_product-usage-usage-innen-de","18":"pa_product-usage-usage-draussen-de","20":"first","21":"instock","22":"sale","23":"taxable","24":"shipping-taxable","25":"purchasable","26":"product-type-simple"},"_links":{"self":[{"href":"https:\/\/horecacenter.com\/de\/wp-json\/wp\/v2\/product\/168694","targetHints":{"allow":["GET"]}}],"collection":[{"href":"https:\/\/horecacenter.com\/de\/wp-json\/wp\/v2\/product"}],"about":[{"href":"https:\/\/horecacenter.com\/de\/wp-json\/wp\/v2\/types\/product"}],"replies":[{"embeddable":true,"href":"https:\/\/horecacenter.com\/de\/wp-json\/wp\/v2\/comments?post=168694"}],"version-history":[{"count":4,"href":"https:\/\/horecacenter.com\/de\/wp-json\/wp\/v2\/product\/168694\/revisions"}],"predecessor-version":[{"id":190721,"href":"https:\/\/horecacenter.com\/de\/wp-json\/wp\/v2\/product\/168694\/revisions\/190721"}],"wp:featuredmedia":[{"embeddable":true,"href":"https:\/\/horecacenter.com\/de\/wp-json\/wp\/v2\/media\/89215"}],"wp:attachment":[{"href":"https:\/\/horecacenter.com\/de\/wp-json\/wp\/v2\/media?parent=168694"}],"wp:term":[{"taxonomy":"product_brand","embeddable":true,"href":"https:\/\/horecacenter.com\/de\/wp-json\/wp\/v2\/product_brand?post=168694"},{"taxonomy":"product_cat","embeddable":true,"href":"https:\/\/horecacenter.com\/de\/wp-json\/wp\/v2\/product_cat?post=168694"},{"taxonomy":"product_tag","embeddable":true,"href":"https:\/\/horecacenter.com\/de\/wp-json\/wp\/v2\/product_tag?post=168694"}],"curies":[{"name":"wp","href":"https:\/\/api.w.org\/{rel}","templated":true}]}}