{"id":168851,"date":"2025-12-01T11:03:10","date_gmt":"2025-12-01T11:03:10","guid":{"rendered":"https:\/\/horecacenter.com\/?post_type=product&#038;p=168851"},"modified":"2026-03-26T08:45:24","modified_gmt":"2026-03-26T08:45:24","slug":"horeca-lounge-sitz-julia-bank-cognac-mikrofaser","status":"publish","type":"product","link":"https:\/\/horecacenter.com\/de\/produkt\/horeca-lounge-sitz-julia-bank-cognac-mikrofaser\/","title":{"rendered":"Horeca Lounge-Sitz &#8211; JULIA BANK &#8211; Cognac Mikrofaser"},"content":{"rendered":"<p>Der <strong>cognacfarbene Mikrofaserbezug<\/strong> verleiht dieser Loungebank eine warme und luxuri\u00f6se Ausstrahlung. Die weiche Oberfl\u00e4che ist ideal f\u00fcr den intensiven Gastronomieeinsatz.<\/p>\n<p><strong>Komfortable Lounge Bank f\u00fcr Gastronomie<\/strong><\/p>\n<p>Die <strong>Gastronomie Lounge Bank JULIA \u2013 Mikrofaser Cognac<\/strong> kombiniert stilvolles Design mit hohem Sitzkomfort. Perfekt f\u00fcr Restaurants, Caf\u00e9s und Hotels. Die abgerundete R\u00fcckenlehne mit vertikalen N\u00e4hten und die stabilen schwarzen Beine sorgen f\u00fcr eine moderne und elegante Optik. Pflegeleicht und f\u00fcr den t\u00e4glichen Gebrauch geeignet. Mit weicher B\u00fcrste oder leicht feuchtem Tuch reinigen. F\u00fcr gr\u00f6\u00dfere Projekte kontaktieren Sie uns per <strong>Telefon<\/strong>, <strong>WhatsApp<\/strong> oder <strong>E-Mail<\/strong> oder besuchen Sie unseren Showroom.<\/p>\n","protected":false},"excerpt":{"rendered":"<p>Der cognacfarbene Mikrofaserbezug verleiht dieser Loungebank eine warme und luxuri\u00f6se Ausstrahlung. Die weiche Oberfl\u00e4che ist ideal f\u00fcr den intensiven Gastronomieeinsatz.<\/p>\n","protected":false},"featured_media":145621,"comment_status":"closed","ping_status":"closed","template":"","meta":[],"product_brand":[],"product_cat":[10223,10175,9859],"product_tag":[13189,17417,17426,17434,17668],"class_list":{"0":"post-168851","1":"product","2":"type-product","3":"status-publish","4":"has-post-thumbnail","6":"product_cat-aperitiver-sitze","7":"product_cat-aperitive-sitze","8":"product_cat-neu","9":"product_tag-restaurant-bistro","10":"product_tag-meubles-horeca","11":"product_tag-horeca-furniture","12":"product_tag-horeca-moebel","13":"product_tag-restaurant-inrichting","14":"pa_product-color-color-cognac-de","15":"pa_product-frame-color-schwarz-frame-color-de","16":"pa_product-more-colors-ja-de","17":"pa_product-more-dimensions-ja-de","18":"pa_product-seats-1-seats-de","19":"pa_product-upholstery-upholstery-mikrofaser-de","20":"pa_product-usage-usage-innen-de","22":"first","23":"outofstock","24":"sale","25":"taxable","26":"shipping-taxable","27":"purchasable","28":"product-type-simple"},"_links":{"self":[{"href":"https:\/\/horecacenter.com\/de\/wp-json\/wp\/v2\/product\/168851","targetHints":{"allow":["GET"]}}],"collection":[{"href":"https:\/\/horecacenter.com\/de\/wp-json\/wp\/v2\/product"}],"about":[{"href":"https:\/\/horecacenter.com\/de\/wp-json\/wp\/v2\/types\/product"}],"replies":[{"embeddable":true,"href":"https:\/\/horecacenter.com\/de\/wp-json\/wp\/v2\/comments?post=168851"}],"version-history":[{"count":3,"href":"https:\/\/horecacenter.com\/de\/wp-json\/wp\/v2\/product\/168851\/revisions"}],"predecessor-version":[{"id":191546,"href":"https:\/\/horecacenter.com\/de\/wp-json\/wp\/v2\/product\/168851\/revisions\/191546"}],"wp:featuredmedia":[{"embeddable":true,"href":"https:\/\/horecacenter.com\/de\/wp-json\/wp\/v2\/media\/145621"}],"wp:attachment":[{"href":"https:\/\/horecacenter.com\/de\/wp-json\/wp\/v2\/media?parent=168851"}],"wp:term":[{"taxonomy":"product_brand","embeddable":true,"href":"https:\/\/horecacenter.com\/de\/wp-json\/wp\/v2\/product_brand?post=168851"},{"taxonomy":"product_cat","embeddable":true,"href":"https:\/\/horecacenter.com\/de\/wp-json\/wp\/v2\/product_cat?post=168851"},{"taxonomy":"product_tag","embeddable":true,"href":"https:\/\/horecacenter.com\/de\/wp-json\/wp\/v2\/product_tag?post=168851"}],"curies":[{"name":"wp","href":"https:\/\/api.w.org\/{rel}","templated":true}]}}