{"id":169252,"date":"2025-12-01T12:52:02","date_gmt":"2025-12-01T12:52:02","guid":{"rendered":"https:\/\/horecacenter.com\/?post_type=product&#038;p=169252"},"modified":"2026-04-07T11:27:45","modified_gmt":"2026-04-07T11:27:45","slug":"horeca-lounge-sitz-leto-bank-cognac-mikrofaser","status":"publish","type":"product","link":"https:\/\/horecacenter.com\/de\/produkt\/horeca-lounge-sitz-leto-bank-cognac-mikrofaser\/","title":{"rendered":"Horeca Lounge-Sitz &#8211; LETO BANK &#8211; Cognac Mikrofaser"},"content":{"rendered":"<p>Der <strong>cognacfarbene Mikrofaserbezug<\/strong> verleiht dieser Loungebank eine warme und elegante Ausstrahlung. Das strapazierf\u00e4hige Material ist ideal f\u00fcr den intensiven Einsatz in der Gastronomie.<\/p>\n<p><strong>Moderne Lounge Bank f\u00fcr Gastronomie<\/strong><\/p>\n<p>Die <strong>Gastronomie Lounge Bank LETO \u2013 Mikrofaser Cognac<\/strong> kombiniert stilvolles Design mit hohem Sitzkomfort. Perfekt f\u00fcr Restaurants, Caf\u00e9s und Hotels. Die abgerundete R\u00fcckenlehne mit vertikalen N\u00e4hten und Knopfdetails sorgt f\u00fcr eine luxuri\u00f6se Optik, w\u00e4hrend die stabilen schwarzen Beine f\u00fcr Standfestigkeit sorgen. Pflegeleicht und f\u00fcr den t\u00e4glichen Gebrauch geeignet. Reinigung mit weicher B\u00fcrste oder leicht feuchtem Tuch. F\u00fcr gr\u00f6\u00dfere Projekte kontaktieren Sie uns per <strong>Telefon<\/strong>, <strong>WhatsApp<\/strong> oder <strong>E-Mail<\/strong> oder besuchen Sie unseren Showroom.<\/p>\n","protected":false},"excerpt":{"rendered":"<p>Der cognacfarbene Mikrofaserbezug verleiht dieser Loungebank eine warme und elegante Ausstrahlung. Das strapazierf\u00e4hige Material ist ideal f\u00fcr den intensiven Einsatz<\/p>\n","protected":false},"featured_media":141377,"comment_status":"closed","ping_status":"closed","template":"","meta":[],"product_brand":[],"product_cat":[10223,10175],"product_tag":[17668,17417,13189,17426,17434],"class_list":{"0":"post-169252","1":"product","2":"type-product","3":"status-publish","4":"has-post-thumbnail","6":"product_cat-aperitiver-sitze","7":"product_cat-aperitive-sitze","8":"product_tag-restaurant-inrichting","9":"product_tag-meubles-horeca","10":"product_tag-restaurant-bistro","11":"product_tag-horeca-furniture","12":"product_tag-horeca-moebel","13":"pa_product-color-color-cognac-de","14":"pa_product-frame-color-schwarz-frame-color-de","15":"pa_product-more-colors-ja-de","16":"pa_product-more-dimensions-ja-de","17":"pa_product-seat-height-cm-43-seat-height-cm-de","18":"pa_product-seats-2-seats-de","19":"pa_product-upholstery-upholstery-mikrofaser-de","20":"pa_product-usage-usage-innen-de","22":"first","23":"instock","24":"sale","25":"taxable","26":"shipping-taxable","27":"purchasable","28":"product-type-simple"},"_links":{"self":[{"href":"https:\/\/horecacenter.com\/de\/wp-json\/wp\/v2\/product\/169252","targetHints":{"allow":["GET"]}}],"collection":[{"href":"https:\/\/horecacenter.com\/de\/wp-json\/wp\/v2\/product"}],"about":[{"href":"https:\/\/horecacenter.com\/de\/wp-json\/wp\/v2\/types\/product"}],"replies":[{"embeddable":true,"href":"https:\/\/horecacenter.com\/de\/wp-json\/wp\/v2\/comments?post=169252"}],"version-history":[{"count":3,"href":"https:\/\/horecacenter.com\/de\/wp-json\/wp\/v2\/product\/169252\/revisions"}],"predecessor-version":[{"id":191586,"href":"https:\/\/horecacenter.com\/de\/wp-json\/wp\/v2\/product\/169252\/revisions\/191586"}],"wp:featuredmedia":[{"embeddable":true,"href":"https:\/\/horecacenter.com\/de\/wp-json\/wp\/v2\/media\/141377"}],"wp:attachment":[{"href":"https:\/\/horecacenter.com\/de\/wp-json\/wp\/v2\/media?parent=169252"}],"wp:term":[{"taxonomy":"product_brand","embeddable":true,"href":"https:\/\/horecacenter.com\/de\/wp-json\/wp\/v2\/product_brand?post=169252"},{"taxonomy":"product_cat","embeddable":true,"href":"https:\/\/horecacenter.com\/de\/wp-json\/wp\/v2\/product_cat?post=169252"},{"taxonomy":"product_tag","embeddable":true,"href":"https:\/\/horecacenter.com\/de\/wp-json\/wp\/v2\/product_tag?post=169252"}],"curies":[{"name":"wp","href":"https:\/\/api.w.org\/{rel}","templated":true}]}}