{"id":169432,"date":"2025-12-01T14:48:08","date_gmt":"2025-12-01T14:48:08","guid":{"rendered":"https:\/\/horecacenter.com\/?post_type=product&#038;p=169432"},"modified":"2026-03-25T07:40:50","modified_gmt":"2026-03-25T07:40:50","slug":"horeca-sessel-prag-bordeaux-kunstleder","status":"publish","type":"product","link":"https:\/\/horecacenter.com\/de\/produkt\/horeca-sessel-prag-bordeaux-kunstleder\/","title":{"rendered":"Horeca Sessel &#8211; PRAG &#8211; Bordeaux Kunstleder"},"content":{"rendered":"<p>Dieser Sessel ist mit <strong>bordeauxfarbenem Kunstleder<\/strong> bezogen, einem pflegeleichten und langlebigen Material. Es eignet sich ideal f\u00fcr den intensiven Einsatz in der Gastronomie.<\/p>\n<p><strong>Luxuri\u00f6ser Gastronomie Sessel mit zeitlosem Design<\/strong><\/p>\n<p>Dieser hochwertige Kunstleder-Sessel ist in mehreren Farben erh\u00e4ltlich und \u00fcberzeugt durch sein robustes Wenge-Buchenholzgestell. Er bietet eine perfekte Kombination aus Komfort und Stil. Der <strong>Gastronomie Sessel PRAG \u2013 Bordeaux Kunstleder<\/strong> eignet sich ideal f\u00fcr Restaurants, Caf\u00e9s und Bars. Er l\u00e4dt G\u00e4ste ein, entspannt zu sitzen und l\u00e4nger zu verweilen. Zur Pflege einfach mit einem weichen, leicht feuchten Tuch reinigen. Aggressive Reinigungsmittel vermeiden, um die Qualit\u00e4t zu erhalten.<\/p>\n<p>Planen Sie ein Gastronomieprojekt? Kontaktieren Sie uns per <strong>Telefon<\/strong>, <strong>WhatsApp<\/strong> oder <strong>E-Mail<\/strong> oder besuchen Sie unseren Showroom.<\/p>\n<p><strong>Zus\u00e4tzliche Informationen:<\/strong><\/p>\n<p>Verf\u00fcgbare Farben: Wei\u00df, Taupe, Rot, Bordeaux, Braun &amp; Schwarz<br \/>\nVollst\u00e4ndig montiert geliefert<br \/>\nEurop\u00e4isches Qualit\u00e4tsprodukt<br \/>\n1 Jahr Herstellergarantie<\/p>\n","protected":false},"excerpt":{"rendered":"<p>Dieser Sessel ist mit bordeauxfarbenem Kunstleder bezogen, einem pflegeleichten und langlebigen Material. Es eignet sich ideal f\u00fcr den intensiven Einsatz<\/p>\n","protected":false},"featured_media":92983,"comment_status":"open","ping_status":"closed","template":"","meta":[],"product_brand":[],"product_cat":[10051],"product_tag":[17412,17437,17413,17438,17414,17439,17418,17419,17420,17421,17422,17423,17427,17428,17429,17408,17430,17409,17431,17410,17435,17411,17436],"class_list":{"0":"post-169432","1":"product","2":"type-product","3":"status-publish","4":"has-post-thumbnail","6":"product_cat-sessel","7":"product_tag-comfortabele-rugleuning","8":"product_tag-komfortable-rueckenlehne","9":"product_tag-modern-ontwerp","10":"product_tag-modernes-design","11":"product_tag-luxe-uitstraling","12":"product_tag-luxus-ausfuehrung","13":"product_tag-look-vintage","14":"product_tag-revetement-en-tissu","15":"product_tag-fauteuils-de-restaurant","16":"product_tag-dossier-confortable","17":"product_tag-design-moderne","18":"product_tag-aspect-luxe","19":"product_tag-fabric-upholstery","20":"product_tag-restaurant-armchairs","21":"product_tag-comfortable-backrest","22":"product_tag-horeca-meubilair","23":"product_tag-modern-design","24":"product_tag-vintage-look","25":"product_tag-luxury-appearance","26":"product_tag-stoffen-bekleding","27":"product_tag-stoffpolsterung","28":"product_tag-restaurant-armstoelen","29":"product_tag-restaurant-sessel","30":"pa_armrest-armrest-ja-de","31":"pa_frame-nicht-stapelbar-frame-de","32":"pa_product-color-color-bordeaux-de","33":"pa_product-frame-color-wenge-frame-color-de","34":"pa_product-material-material-holzrahmen-de","35":"pa_product-more-colors-ja-de","36":"pa_product-seat-height-cm-47-seat-height-cm-de","37":"pa_product-seat-width-cm-47-seat-width-cm-de","38":"pa_product-seats-1-seats-de","39":"pa_product-upholstery-upholstery-kunstleder-de","40":"pa_product-usage-usage-innen-de","42":"first","43":"onbackorder","44":"sale","45":"taxable","46":"shipping-taxable","47":"purchasable","48":"product-type-simple"},"_links":{"self":[{"href":"https:\/\/horecacenter.com\/de\/wp-json\/wp\/v2\/product\/169432","targetHints":{"allow":["GET"]}}],"collection":[{"href":"https:\/\/horecacenter.com\/de\/wp-json\/wp\/v2\/product"}],"about":[{"href":"https:\/\/horecacenter.com\/de\/wp-json\/wp\/v2\/types\/product"}],"replies":[{"embeddable":true,"href":"https:\/\/horecacenter.com\/de\/wp-json\/wp\/v2\/comments?post=169432"}],"version-history":[{"count":3,"href":"https:\/\/horecacenter.com\/de\/wp-json\/wp\/v2\/product\/169432\/revisions"}],"predecessor-version":[{"id":191269,"href":"https:\/\/horecacenter.com\/de\/wp-json\/wp\/v2\/product\/169432\/revisions\/191269"}],"wp:featuredmedia":[{"embeddable":true,"href":"https:\/\/horecacenter.com\/de\/wp-json\/wp\/v2\/media\/92983"}],"wp:attachment":[{"href":"https:\/\/horecacenter.com\/de\/wp-json\/wp\/v2\/media?parent=169432"}],"wp:term":[{"taxonomy":"product_brand","embeddable":true,"href":"https:\/\/horecacenter.com\/de\/wp-json\/wp\/v2\/product_brand?post=169432"},{"taxonomy":"product_cat","embeddable":true,"href":"https:\/\/horecacenter.com\/de\/wp-json\/wp\/v2\/product_cat?post=169432"},{"taxonomy":"product_tag","embeddable":true,"href":"https:\/\/horecacenter.com\/de\/wp-json\/wp\/v2\/product_tag?post=169432"}],"curies":[{"name":"wp","href":"https:\/\/api.w.org\/{rel}","templated":true}]}}