{"id":170570,"date":"2025-12-09T14:08:59","date_gmt":"2025-12-09T14:08:59","guid":{"rendered":"https:\/\/horecacenter.com\/?post_type=product&#038;p=170570"},"modified":"2026-03-12T06:37:23","modified_gmt":"2026-03-12T06:37:23","slug":"horeca-stuehl-jadi-samt-sand","status":"publish","type":"product","link":"https:\/\/horecacenter.com\/de\/produkt\/horeca-stuehl-jadi-samt-sand\/","title":{"rendered":"Horeca St\u00fchl &#8211; JADI &#8211; Samt Sand"},"content":{"rendered":"<p><strong>Luxor-Stoff<\/strong> ist eine hochwertige Samt\/Velours-Beschichtung mit weicher und eleganter Oberfl\u00e4che. Der Stoff besteht aus einer Mischung aus Baumwolle und Viskose.<\/p>\n<p><strong>Moderner Gastronomie Stuhl mit Stil<\/strong><\/p>\n<p>Der <strong>Gastronomie Stuhl JADI \u2013 Sand Samt\/Velours<\/strong> kombiniert modernes Design mit ergonomischer Sitzform. Dadurch genie\u00dfen G\u00e4ste eine angenehme Sitzposition. Dieser stilvolle Samtstuhl ist in warmen Farben wie Luxor Anthrazit, Rost und Hunter erh\u00e4ltlich. Der weiche Samt sorgt f\u00fcr eine elegante Ausstrahlung. Das schwarze Metallgestell bietet ein modernes und robustes Design. Ideal f\u00fcr Restaurants und Caf\u00e9s mit stilvollem Interieur. Bieten Sie Ihren G\u00e4sten einen komfortablen Sitzplatz, der zum l\u00e4ngeren Verweilen einl\u00e4dt. Perfekt f\u00fcr intensiven Einsatz und vielseitige Einrichtungskonzepte.<\/p>\n<p><span style=\"color: #000000;\"><strong>Zus\u00e4tzliche Information:<\/strong><\/span><\/p>\n<ul>\n<li><span style=\"color: #000000;\">Die Sitze sind nicht zusammengebaut und je 2 in Kartons verpackt<\/span><\/li>\n<li><span style=\"color: #000000;\">Der Sitz wird mit 4 Schrauben mit dem Rahmen verschraubt<\/span><\/li>\n<li><span style=\"color: #000000;\">Notwendige Materialien f\u00fcr die Montage sind im Karton enthalten<\/span><\/li>\n<li><span style=\"color: #000000;\">Die Sitze sind leicht zu montieren<\/span><\/li>\n<\/ul>\n","protected":false},"excerpt":{"rendered":"<p>Luxor-Stoff ist eine hochwertige Samt\/Velours-Beschichtung mit weicher und eleganter Oberfl\u00e4che. Der Stoff besteht aus einer Mischung aus Baumwolle und Viskose.<\/p>\n","protected":false},"featured_media":170575,"comment_status":"open","ping_status":"closed","template":"","meta":[],"product_brand":[],"product_cat":[17403,17400,9859,10511],"product_tag":[17657,17658,17671],"class_list":{"0":"post-170570","1":"product","2":"type-product","3":"status-publish","4":"has-post-thumbnail","6":"product_cat-stuehle-aus-metall-stoff-vintage","7":"product_cat-stuehle-aus-metall-stoff","8":"product_cat-neu","9":"product_cat-kommt-demnaechst","10":"product_tag-chairs","11":"product_tag-chaises","12":"product_tag-stoelen","13":"pa_armrest-armrest-nein-de","14":"pa_frame-nicht-stapelbar-frame-de","15":"pa_leg-height-47-leg-height-de","16":"pa_product-backrest-cm-85-backrest-cm-de","17":"pa_product-color-color-beige-de","18":"pa_product-color-color-sand-de","19":"pa_product-frame-color-schwarz-frame-color-de","20":"pa_product-material-metallrahmen-material-de","21":"pa_product-more-colors-ja-de","22":"pa_product-more-dimensions-ja-de","23":"pa_product-seat-depth-cm-40-seat-depth-cm-de","24":"pa_product-seat-height-cm-49-seat-height-cm-de","25":"pa_product-seats-1-seats-de","26":"pa_product-upholstery-upholstery-samt-de","27":"pa_product-usage-usage-innen-de","29":"first","30":"onbackorder","31":"sale","32":"taxable","33":"shipping-taxable","34":"purchasable","35":"product-type-simple"},"_links":{"self":[{"href":"https:\/\/horecacenter.com\/de\/wp-json\/wp\/v2\/product\/170570","targetHints":{"allow":["GET"]}}],"collection":[{"href":"https:\/\/horecacenter.com\/de\/wp-json\/wp\/v2\/product"}],"about":[{"href":"https:\/\/horecacenter.com\/de\/wp-json\/wp\/v2\/types\/product"}],"replies":[{"embeddable":true,"href":"https:\/\/horecacenter.com\/de\/wp-json\/wp\/v2\/comments?post=170570"}],"version-history":[{"count":3,"href":"https:\/\/horecacenter.com\/de\/wp-json\/wp\/v2\/product\/170570\/revisions"}],"predecessor-version":[{"id":189039,"href":"https:\/\/horecacenter.com\/de\/wp-json\/wp\/v2\/product\/170570\/revisions\/189039"}],"wp:featuredmedia":[{"embeddable":true,"href":"https:\/\/horecacenter.com\/de\/wp-json\/wp\/v2\/media\/170575"}],"wp:attachment":[{"href":"https:\/\/horecacenter.com\/de\/wp-json\/wp\/v2\/media?parent=170570"}],"wp:term":[{"taxonomy":"product_brand","embeddable":true,"href":"https:\/\/horecacenter.com\/de\/wp-json\/wp\/v2\/product_brand?post=170570"},{"taxonomy":"product_cat","embeddable":true,"href":"https:\/\/horecacenter.com\/de\/wp-json\/wp\/v2\/product_cat?post=170570"},{"taxonomy":"product_tag","embeddable":true,"href":"https:\/\/horecacenter.com\/de\/wp-json\/wp\/v2\/product_tag?post=170570"}],"curies":[{"name":"wp","href":"https:\/\/api.w.org\/{rel}","templated":true}]}}