{"id":172717,"date":"2025-12-27T06:30:34","date_gmt":"2025-12-27T06:30:34","guid":{"rendered":"https:\/\/horecacenter.com\/?post_type=product&#038;p=172717"},"modified":"2026-03-13T10:44:27","modified_gmt":"2026-03-13T10:44:27","slug":"horeca-sessel-luxor-bordeaux-samt","status":"publish","type":"product","link":"https:\/\/horecacenter.com\/de\/produkt\/horeca-sessel-luxor-bordeaux-samt\/","title":{"rendered":"Horeca Sessel &#8211; LUXOR &#8211; Bordeaux Samt"},"content":{"rendered":"<p>Der <strong>Gastronomie Armstuhl LUXOR \u2013 Bordeaux Velours<\/strong> verbindet elegantes Design mit hohem Sitzkomfort. Der weiche Samtbezug verleiht dem Stuhl eine luxuri\u00f6se Ausstrahlung.<\/p>\n<p><strong>Elegantes Design f\u00fcr Gastronomie<\/strong><\/p>\n<p>Das stabile schwarze Metallgestell sorgt f\u00fcr Stabilit\u00e4t und eine moderne Optik. Ideal f\u00fcr Restaurants, Caf\u00e9s und Hotels. Die bordeauxrote Farbe und dekorativen Steppn\u00e4hte auf der R\u00fcckenlehne schaffen eine elegante Atmosph\u00e4re. Perfekt f\u00fcr stilvolle Innenr\u00e4ume.\u00a0<strong>Velours-Stoff<\/strong> ist bekannt f\u00fcr seine weiche und luxuri\u00f6se Struktur. Das Material ist langlebig und f\u00fcr intensive Nutzung geeignet. <strong>Pflege:<\/strong> Flecken mit einem weichen Tuch und milder Seifenl\u00f6sung reinigen und anschlie\u00dfend mit klarem Wasser abwischen.<\/p>\n<p><span style=\"color: #000000;\"><strong>Zus\u00e4tzliche Information:<\/strong><\/span><\/p>\n<ul>\n<li><span style=\"color: #000000;\">Die St\u00fchle sind nicht zusammengebaut und werden immer paarweise in Pappkartons verpackt<\/span><\/li>\n<li><span style=\"color: #000000;\">Der Sitz wird mit 4 Schrauben am Rahmen befestigt<\/span><\/li>\n<li><span style=\"color: #000000;\">Das f\u00fcr die Montage erforderliche Material ist im Lieferumfang enthalten<\/span><\/li>\n<li><span style=\"color: #000000;\">Die St\u00fchle sind leicht zu montieren<\/span><\/li>\n<\/ul>\n","protected":false},"excerpt":{"rendered":"<p>Der Gastronomie Armstuhl LUXOR \u2013 Bordeaux Velours verbindet elegantes Design mit hohem Sitzkomfort. Der weiche Samtbezug verleiht dem Stuhl eine<\/p>\n","protected":false},"featured_media":172721,"comment_status":"closed","ping_status":"closed","template":"","meta":[],"product_brand":[],"product_cat":[17403,17400,10051],"product_tag":[],"class_list":{"0":"post-172717","1":"product","2":"type-product","3":"status-publish","4":"has-post-thumbnail","6":"product_cat-stuehle-aus-metall-stoff-vintage","7":"product_cat-stuehle-aus-metall-stoff","8":"product_cat-sessel","9":"pa_armrest-armrest-ja-de","10":"pa_frame-nicht-stapelbar-frame-de","11":"pa_product-arm-height-cm-6350-arm-height-cm-de","12":"pa_product-color-color-bordeaux-de","13":"pa_product-frame-color-schwarz-frame-color-de","14":"pa_product-material-metallrahmen-material-de","15":"pa_product-more-colors-ja-de","16":"pa_product-seat-height-cm-4650-seat-height-cm-de","17":"pa_product-seat-width-cm-40-50-seat-width-cm-de","18":"pa_product-seats-1-seats-de","19":"pa_product-upholstery-upholstery-samt-de","20":"pa_product-usage-usage-innen-de","22":"first","23":"instock","24":"sale","25":"taxable","26":"shipping-taxable","27":"purchasable","28":"product-type-simple"},"_links":{"self":[{"href":"https:\/\/horecacenter.com\/de\/wp-json\/wp\/v2\/product\/172717","targetHints":{"allow":["GET"]}}],"collection":[{"href":"https:\/\/horecacenter.com\/de\/wp-json\/wp\/v2\/product"}],"about":[{"href":"https:\/\/horecacenter.com\/de\/wp-json\/wp\/v2\/types\/product"}],"replies":[{"embeddable":true,"href":"https:\/\/horecacenter.com\/de\/wp-json\/wp\/v2\/comments?post=172717"}],"version-history":[{"count":4,"href":"https:\/\/horecacenter.com\/de\/wp-json\/wp\/v2\/product\/172717\/revisions"}],"predecessor-version":[{"id":189531,"href":"https:\/\/horecacenter.com\/de\/wp-json\/wp\/v2\/product\/172717\/revisions\/189531"}],"wp:featuredmedia":[{"embeddable":true,"href":"https:\/\/horecacenter.com\/de\/wp-json\/wp\/v2\/media\/172721"}],"wp:attachment":[{"href":"https:\/\/horecacenter.com\/de\/wp-json\/wp\/v2\/media?parent=172717"}],"wp:term":[{"taxonomy":"product_brand","embeddable":true,"href":"https:\/\/horecacenter.com\/de\/wp-json\/wp\/v2\/product_brand?post=172717"},{"taxonomy":"product_cat","embeddable":true,"href":"https:\/\/horecacenter.com\/de\/wp-json\/wp\/v2\/product_cat?post=172717"},{"taxonomy":"product_tag","embeddable":true,"href":"https:\/\/horecacenter.com\/de\/wp-json\/wp\/v2\/product_tag?post=172717"}],"curies":[{"name":"wp","href":"https:\/\/api.w.org\/{rel}","templated":true}]}}