{"id":172734,"date":"2025-12-29T05:39:20","date_gmt":"2025-12-29T05:39:20","guid":{"rendered":"https:\/\/horecacenter.com\/?post_type=product&#038;p=172734"},"modified":"2026-03-13T13:46:30","modified_gmt":"2026-03-13T13:46:30","slug":"horeca-stuhl-melisa-braun-kunstleder","status":"publish","type":"product","link":"https:\/\/horecacenter.com\/de\/produkt\/horeca-stuhl-melisa-braun-kunstleder\/","title":{"rendered":"Horeca Stuhl &#8211; MELISA &#8211; Braun Kunstleder"},"content":{"rendered":"<p>Dieser Gastronomiestuhl ist mit <strong>braunem Kunstleder<\/strong> bezogen, einem langlebigen Material mit eleganter Optik und einfacher Pflege. Kunstleder wird h\u00e4ufig in Restaurants, Caf\u00e9s und Hotels eingesetzt, da es strapazierf\u00e4hig und leicht zu reinigen ist. Dadurch bleibt der Stuhl auch bei intensiver Nutzung praktisch und stilvoll.<\/p>\n<p><strong>Klassischer Gastronomie Stuhl mit Komfort<\/strong><\/p>\n<p>Der <strong>Gastronomie Stuhl MELISA \u2013 Braun Kunstleder<\/strong> verbindet ein zeitloses Design mit einer komfortablen Sitzfl\u00e4che. Die Holzr\u00fcckenlehne mit horizontalen \u00d6ffnungen verleiht dem Stuhl eine elegante und luftige Optik. Dieses Modell passt perfekt in Restaurants, Brasserien und Caf\u00e9s. Das stabile Holzgestell sorgt f\u00fcr Standfestigkeit und Langlebigkeit im t\u00e4glichen Einsatz. Dadurch eignet sich dieser Stuhl ideal f\u00fcr Gastronomiebetriebe, die Komfort, Funktionalit\u00e4t und klassischen Stil kombinieren m\u00f6chten. Zur Pflege des Kunstleders gen\u00fcgt es, die Sitzfl\u00e4che mit einem weichen, leicht feuchten Tuch zu reinigen. Aggressive Reinigungsmittel sollten vermieden werden. Planen Sie ein neues Gastronomieprojekt oder m\u00f6chten Sie Ihr Interieur modernisieren? Kontaktieren Sie uns per <strong>Telefon<\/strong>, <strong>WhatsApp<\/strong> oder <strong>E-Mail<\/strong> oder besuchen Sie unseren Showroom f\u00fcr professionelle Beratung.<\/p>\n<p><span style=\"color: #000000;\"><strong>Zus\u00e4tzliche Information:<\/strong><\/span><\/p>\n<ul>\n<li><span style=\"color: #000000;\">Lieferung mit einem Standard-Kunststoffgleitnagel<\/span><\/li>\n<li><span style=\"color: #000000;\">Kommt gebrauchsfertig<\/span><\/li>\n<li><span style=\"color: #000000;\">Garantiertes europ\u00e4isches Produkt<\/span><\/li>\n<li><span style=\"color: #000000;\">1 Jahr Garantie<\/span><\/li>\n<\/ul>\n","protected":false},"excerpt":{"rendered":"<p>Dieser Gastronomiestuhl ist mit braunem Kunstleder bezogen, einem langlebigen Material mit eleganter Optik und einfacher Pflege. Kunstleder wird h\u00e4ufig in<\/p>\n","protected":false},"featured_media":172739,"comment_status":"open","ping_status":"closed","template":"","meta":[],"product_brand":[],"product_cat":[10047],"product_tag":[17658,17659,17660,17661,17662,17663,17664,17665,17671,17672,17657],"class_list":{"0":"post-172734","1":"product","2":"type-product","3":"status-publish","4":"has-post-thumbnail","6":"product_cat-klassische-stuhle","7":"product_tag-chaises","8":"product_tag-chaises-horeca","9":"product_tag-chaises-industrielles","10":"product_tag-horeca-chairs","11":"product_tag-horeca-stoelen","12":"product_tag-horeca-stuehle","13":"product_tag-industrial-chairs","14":"product_tag-industriestuehle","15":"product_tag-stoelen","16":"product_tag-stuehle","17":"product_tag-chairs","18":"pa_armrest-armrest-nein-de","19":"pa_frame-nicht-stapelbar-frame-de","20":"pa_product-color-color-braun-de","21":"pa_product-frame-color-wenge-frame-color-de","22":"pa_product-material-material-holzrahmen-de","23":"pa_product-more-colors-ja-de","24":"pa_product-seat-cm-43x44-seat-cm-de","25":"pa_product-seat-height-cm-49-seat-height-cm-de","26":"pa_product-seat-width-cm-40-50-seat-width-cm-de","27":"pa_product-seats-1-seats-de","28":"pa_product-upholstery-upholstery-kunstleder-de","29":"pa_product-usage-usage-innen-de","31":"first","32":"outofstock","33":"sale","34":"taxable","35":"shipping-taxable","36":"purchasable","37":"product-type-simple"},"_links":{"self":[{"href":"https:\/\/horecacenter.com\/de\/wp-json\/wp\/v2\/product\/172734","targetHints":{"allow":["GET"]}}],"collection":[{"href":"https:\/\/horecacenter.com\/de\/wp-json\/wp\/v2\/product"}],"about":[{"href":"https:\/\/horecacenter.com\/de\/wp-json\/wp\/v2\/types\/product"}],"replies":[{"embeddable":true,"href":"https:\/\/horecacenter.com\/de\/wp-json\/wp\/v2\/comments?post=172734"}],"version-history":[{"count":3,"href":"https:\/\/horecacenter.com\/de\/wp-json\/wp\/v2\/product\/172734\/revisions"}],"predecessor-version":[{"id":189762,"href":"https:\/\/horecacenter.com\/de\/wp-json\/wp\/v2\/product\/172734\/revisions\/189762"}],"wp:featuredmedia":[{"embeddable":true,"href":"https:\/\/horecacenter.com\/de\/wp-json\/wp\/v2\/media\/172739"}],"wp:attachment":[{"href":"https:\/\/horecacenter.com\/de\/wp-json\/wp\/v2\/media?parent=172734"}],"wp:term":[{"taxonomy":"product_brand","embeddable":true,"href":"https:\/\/horecacenter.com\/de\/wp-json\/wp\/v2\/product_brand?post=172734"},{"taxonomy":"product_cat","embeddable":true,"href":"https:\/\/horecacenter.com\/de\/wp-json\/wp\/v2\/product_cat?post=172734"},{"taxonomy":"product_tag","embeddable":true,"href":"https:\/\/horecacenter.com\/de\/wp-json\/wp\/v2\/product_tag?post=172734"}],"curies":[{"name":"wp","href":"https:\/\/api.w.org\/{rel}","templated":true}]}}