{"id":177187,"date":"2026-01-16T12:05:07","date_gmt":"2026-01-16T12:05:07","guid":{"rendered":"https:\/\/horecacenter.com\/?post_type=product&#038;p=177187"},"modified":"2026-04-07T11:27:53","modified_gmt":"2026-04-07T11:27:53","slug":"horeca-barstuhl-aus-metall-mit-armlehnen-bias-cognac-samt-2","status":"publish","type":"product","link":"https:\/\/horecacenter.com\/de\/produkt\/horeca-barstuhl-aus-metall-mit-armlehnen-bias-cognac-samt-2\/","title":{"rendered":"Horeca Barstuhl Aus Metall Mit Armlehnen &#8211; BIAS &#8211; Cognac Samt"},"content":{"rendered":"<p><span style=\"color: #000000;\">Verleihen Sie Ihrem Interieur mit diesem Samt-Barhocker Eleganz und Vielseitigkeit. Erh\u00e4ltlich in einer Vielzahl stilvoller Farben. Der weiche Samtbezug sorgt f\u00fcr ein luxuri\u00f6ses Ambiente und h\u00f6chsten Komfort, w\u00e4hrend das schlanke schwarze Metallgestell einen modernen, industriellen Look kreiert. Dank der 360\u00b0-Drehfunktion ist der Barhocker besonders praktisch. Ideal f\u00fcr dynamische Gastronomiebetriebe, in denen Flexibilit\u00e4t und Stil aufeinandertreffen.<\/span><\/p>\n<p><span style=\"color: #000000;\">Perfekt f\u00fcr Restaurants, Caf\u00e9s und Bars: Dieser Barhocker schafft eine einladende Atmosph\u00e4re, in der sich Ihre G\u00e4ste gerne l\u00e4nger aufhalten. Die strapazierf\u00e4higen Materialien und die ergonomische Sitzform garantieren Komfort auch bei intensiver Nutzung, w\u00e4hrend die Drehfunktion die Kommunikation und den Komfort f\u00f6rdert. W\u00e4hlen Sie einen Barhocker, der Funktionalit\u00e4t mit schickem Design vereint \u2013 die ideale Wahl f\u00fcr Gastronomiebetriebe, die mit einem trendigen und einladenden Interieur beeindrucken m\u00f6chten.<\/span><\/p>\n<p><span style=\"color: #000000;\"><strong>Zus\u00e4tzliche Informationen:<\/strong><\/span><\/p>\n<ul>\n<li><span style=\"color: #000000;\">Die St\u00fchle werden unmontiert und paarweise in Kartons verpackt geliefert.<\/span><\/li>\n<li><span style=\"color: #000000;\">Die Sitzfl\u00e4che wird mit 4 Schrauben am Gestell befestigt.<\/span><\/li>\n<li><span style=\"color: #000000;\">Das ben\u00f6tigte Montagematerial ist im Lieferumfang enthalten.<\/span><\/li>\n<li><span style=\"color: #000000;\">Die St\u00fchle sind einfach zu montieren.<\/span><\/li>\n<\/ul>\n","protected":false},"excerpt":{"rendered":"<p>Verleihen Sie Ihrem Interieur mit diesem Samt-Barhocker Eleganz und Vielseitigkeit. Erh\u00e4ltlich in einer Vielzahl stilvoller Farben. Der weiche Samtbezug sorgt<\/p>\n","protected":false},"featured_media":90607,"comment_status":"closed","ping_status":"closed","template":"","meta":[],"product_brand":[],"product_cat":[10483],"product_tag":[],"class_list":{"0":"post-177187","1":"product","2":"type-product","3":"status-publish","4":"has-post-thumbnail","6":"product_cat-niedrige-barstuehle-aus-metall","7":"pa_armrest-armrest-ja-de","8":"pa_frame-nicht-stapelbar-frame-de","9":"pa_product-arm-height-cm-76-arm-height-cm-de","10":"pa_product-color-color-cognac-de","11":"pa_product-frame-color-schwarz-frame-color-de","12":"pa_product-material-metallrahmen-material-de","13":"pa_product-more-colors-ja-de","14":"pa_product-more-dimensions-ja-de","15":"pa_product-seat-depth-cm-40-seat-depth-cm-de","16":"pa_product-seat-height-cm-65-seat-height-cm-de","17":"pa_product-seat-width-cm-36-seat-width-cm-de","18":"pa_product-seats-1-seats-de","19":"pa_product-upholstery-upholstery-samt-de","20":"pa_product-usage-usage-innen-de","22":"first","23":"instock","24":"sale","25":"taxable","26":"shipping-taxable","27":"purchasable","28":"product-type-simple"},"_links":{"self":[{"href":"https:\/\/horecacenter.com\/de\/wp-json\/wp\/v2\/product\/177187","targetHints":{"allow":["GET"]}}],"collection":[{"href":"https:\/\/horecacenter.com\/de\/wp-json\/wp\/v2\/product"}],"about":[{"href":"https:\/\/horecacenter.com\/de\/wp-json\/wp\/v2\/types\/product"}],"replies":[{"embeddable":true,"href":"https:\/\/horecacenter.com\/de\/wp-json\/wp\/v2\/comments?post=177187"}],"version-history":[{"count":3,"href":"https:\/\/horecacenter.com\/de\/wp-json\/wp\/v2\/product\/177187\/revisions"}],"predecessor-version":[{"id":177760,"href":"https:\/\/horecacenter.com\/de\/wp-json\/wp\/v2\/product\/177187\/revisions\/177760"}],"wp:featuredmedia":[{"embeddable":true,"href":"https:\/\/horecacenter.com\/de\/wp-json\/wp\/v2\/media\/90607"}],"wp:attachment":[{"href":"https:\/\/horecacenter.com\/de\/wp-json\/wp\/v2\/media?parent=177187"}],"wp:term":[{"taxonomy":"product_brand","embeddable":true,"href":"https:\/\/horecacenter.com\/de\/wp-json\/wp\/v2\/product_brand?post=177187"},{"taxonomy":"product_cat","embeddable":true,"href":"https:\/\/horecacenter.com\/de\/wp-json\/wp\/v2\/product_cat?post=177187"},{"taxonomy":"product_tag","embeddable":true,"href":"https:\/\/horecacenter.com\/de\/wp-json\/wp\/v2\/product_tag?post=177187"}],"curies":[{"name":"wp","href":"https:\/\/api.w.org\/{rel}","templated":true}]}}