{"id":177279,"date":"2026-01-16T12:37:21","date_gmt":"2026-01-16T12:37:21","guid":{"rendered":"https:\/\/horecacenter.com\/?post_type=product&#038;p=177279"},"modified":"2026-01-16T13:04:57","modified_gmt":"2026-01-16T13:04:57","slug":"horeca-holz-barstuhl-tara-cognac-samt","status":"publish","type":"product","link":"https:\/\/horecacenter.com\/de\/produkt\/horeca-holz-barstuhl-tara-cognac-samt\/","title":{"rendered":"Horeca Holz-Barstuhl &#8211; TARA &#8211; Cognac Samt"},"content":{"rendered":"<p><span style=\"color: #000000;\">Verleihen Sie Ihrem Interieur einen Hauch von Luxus mit diesem stilvollen Samt-Barhocker, erh\u00e4ltlich in einer Reihe trendiger Farben wie Cognac, Anthrazit und Dunkelgr\u00fcn. Der robuste Wenge-Buchenrahmen sorgt nicht nur f\u00fcr eine stabile Basis, sondern verleiht auch zeitlose Eleganz. Die weiche Samtpolsterung bietet ultimativen Sitzkomfort, ideal f\u00fcr lange Abende in Restaurants, Caf\u00e9s oder angesagten Bars.<\/span><\/p>\n<p><span style=\"color: #000000;\">Dieser Barhocker vereint Raffinesse mit Haltbarkeit und ist perfekt f\u00fcr den intensiven Einsatz in Gastronomiebetrieben, die eine warme und einladende Atmosph\u00e4re schaffen m\u00f6chten. Ob Sie Ihrem Restaurant eine moderne Note verleihen oder in Ihrem Caf\u00e9 eine gem\u00fctliche Atmosph\u00e4re schaffen m\u00f6chten \u2013 dieser Samt-Barhocker ist der Blickfang, der Ihre G\u00e4ste zum Entspannen einl\u00e4dt und sie l\u00e4nger verweilen l\u00e4sst. Schaffen Sie ein Interieur, das Komfort und Stil m\u00fchelos vereint \u2013 perfekt f\u00fcr zeitgem\u00e4\u00dfes Gastronomiedesign.<\/span><\/p>\n<p><span style=\"color: #000000;\"><strong>Zus\u00e4tzliche Information:<\/strong><\/span><\/p>\n<ul>\n<li><span style=\"color: #000000;\">Standardm\u00e4\u00dfig mit verschiebbaren Kunststoffknopff\u00fc\u00dfen geliefert<\/span><\/li>\n<li><span style=\"color: #000000;\">Vollst\u00e4ndig einsatzbereit<\/span><\/li>\n<li><span style=\"color: #000000;\">Garantiertes europ\u00e4isches Produkt<\/span><\/li>\n<li><span style=\"color: #000000;\">1 Jahr Herstellergarantie<\/span><\/li>\n<\/ul>\n<p><span style=\"color: #000000;\"><strong>M\u00f6glichkeit:<\/strong><\/span><\/p>\n<ul>\n<li><span style=\"color: #000000;\">Nat\u00fcrlicher Rahmen + 7,50 \u20ac<\/span><\/li>\n<li><span style=\"color: #000000;\">Doppelte Farbe + 10,00 \u20ac<\/span><\/li>\n<li><span style=\"color: #000000;\">Ravenna (nur der Sitzplatz) + 15.00 \u20ac<\/span><\/li>\n<\/ul>\n","protected":false},"excerpt":{"rendered":"<p>Verleihen Sie Ihrem Interieur einen Hauch von Luxus mit diesem stilvollen Samt-Barhocker, erh\u00e4ltlich in einer Reihe trendiger Farben wie Cognac,<\/p>\n","protected":false},"featured_media":116660,"comment_status":"open","ping_status":"closed","template":"","meta":[],"product_brand":[],"product_cat":[16308],"product_tag":[],"class_list":{"0":"post-177279","1":"product","2":"type-product","3":"status-publish","4":"has-post-thumbnail","6":"product_cat-samt-barhocker","7":"pa_frame-nicht-stapelbar-frame-de","8":"pa_product-color-color-cognac-de","9":"pa_product-frame-color-wenge-frame-color-de","10":"pa_product-material-buche-rahmen-material-de","11":"pa_product-more-colors-ja-de","12":"pa_product-seat-cm-45x45-seat-cm-de","13":"pa_product-seat-height-cm-83-seat-height-cm-de","14":"pa_product-seats-1-seats-de","15":"pa_product-upholstery-upholstery-samt-de","16":"pa_product-usage-usage-innen-de","18":"first","19":"onbackorder","20":"sale","21":"taxable","22":"shipping-taxable","23":"purchasable","24":"product-type-simple"},"_links":{"self":[{"href":"https:\/\/horecacenter.com\/de\/wp-json\/wp\/v2\/product\/177279","targetHints":{"allow":["GET"]}}],"collection":[{"href":"https:\/\/horecacenter.com\/de\/wp-json\/wp\/v2\/product"}],"about":[{"href":"https:\/\/horecacenter.com\/de\/wp-json\/wp\/v2\/types\/product"}],"replies":[{"embeddable":true,"href":"https:\/\/horecacenter.com\/de\/wp-json\/wp\/v2\/comments?post=177279"}],"version-history":[{"count":3,"href":"https:\/\/horecacenter.com\/de\/wp-json\/wp\/v2\/product\/177279\/revisions"}],"predecessor-version":[{"id":177302,"href":"https:\/\/horecacenter.com\/de\/wp-json\/wp\/v2\/product\/177279\/revisions\/177302"}],"wp:featuredmedia":[{"embeddable":true,"href":"https:\/\/horecacenter.com\/de\/wp-json\/wp\/v2\/media\/116660"}],"wp:attachment":[{"href":"https:\/\/horecacenter.com\/de\/wp-json\/wp\/v2\/media?parent=177279"}],"wp:term":[{"taxonomy":"product_brand","embeddable":true,"href":"https:\/\/horecacenter.com\/de\/wp-json\/wp\/v2\/product_brand?post=177279"},{"taxonomy":"product_cat","embeddable":true,"href":"https:\/\/horecacenter.com\/de\/wp-json\/wp\/v2\/product_cat?post=177279"},{"taxonomy":"product_tag","embeddable":true,"href":"https:\/\/horecacenter.com\/de\/wp-json\/wp\/v2\/product_tag?post=177279"}],"curies":[{"name":"wp","href":"https:\/\/api.w.org\/{rel}","templated":true}]}}