{"id":178965,"date":"2026-01-28T07:44:01","date_gmt":"2026-01-28T07:44:01","guid":{"rendered":"https:\/\/horecacenter.com\/?post_type=product&#038;p=178965"},"modified":"2026-03-26T14:32:45","modified_gmt":"2026-03-26T14:32:45","slug":"horeca-metall-barstuhl-luciano-olive-mikrofaser","status":"publish","type":"product","link":"https:\/\/horecacenter.com\/de\/produkt\/horeca-metall-barstuhl-luciano-olive-mikrofaser\/","title":{"rendered":"Horeca Metall-Barstuhl &#8211; LUCIANO &#8211; Olive Mikrofaser"},"content":{"rendered":"<p>Der <strong>olivfarbene Mikrofaserbezug<\/strong> verleiht diesem Barhocker eine warme und stilvolle Ausstrahlung. Ideal f\u00fcr Gastronomiebetriebe, die ein modernes und elegantes Ambiente schaffen m\u00f6chten.<\/p>\n<p><strong>Industrieller Barhocker f\u00fcr Gastronomie<\/strong><\/p>\n<p>Der <strong>Barhocker LUCIANO \u2013 Mikrofaser Oliv<\/strong> kombiniert ein schlankes schwarzes Metallgestell mit einer ergonomischen und komfortablen Sitzfl\u00e4che. Perfekt f\u00fcr Bars, Restaurants und Caf\u00e9s im modernen oder industriellen Stil.<\/p>\n<p>Unsere Vintage Kollektion sorgt f\u00fcr eine stilvolle und robuste Optik.<br \/>\nDank der schlanken Beine und klaren Linien bietet diese Kollektion Atmosph\u00e4re und Komfort f\u00fcr Ihr Interieur.<br \/>\nDiese Luxe Vintage Kollektion ist in verschiedenen Farben erh\u00e4ltlich.<\/p>\n<p><strong>Zus\u00e4tzliche Informationen:<\/strong><\/p>\n<ul>\n<li><span style=\"color: #000000;\">Die St\u00fchle werden unmontiert geliefert und sind jeweils zu 2 in Kartons verpackt<\/span><\/li>\n<li><span style=\"color: #000000;\">Das notwendige Montagematerial befindet sich im Karton<\/span><\/li>\n<\/ul>\n<p>Der pflegeleichte Mikrofaserstoff eignet sich ideal f\u00fcr den intensiven Einsatz in der Gastronomie. F\u00fcr gr\u00f6\u00dfere Projekte kontaktieren Sie uns per <strong>Telefon<\/strong>, <strong>WhatsApp<\/strong> oder <strong>E-Mail<\/strong> oder besuchen Sie unseren Showroom.<\/p>\n","protected":false},"excerpt":{"rendered":"<p>Der olivfarbene Mikrofaserbezug verleiht diesem Barhocker eine warme und stilvolle Ausstrahlung. Ideal f\u00fcr Gastronomiebetriebe, die ein modernes und elegantes Ambiente<\/p>\n","protected":false},"featured_media":178981,"comment_status":"closed","ping_status":"closed","template":"","meta":[],"product_brand":[],"product_cat":[10271,9859,10511],"product_tag":[],"class_list":{"0":"post-178965","1":"product","2":"type-product","3":"status-publish","4":"has-post-thumbnail","6":"product_cat-metallstangenst-hle","7":"product_cat-neu","8":"product_cat-kommt-demnaechst","9":"pa_frame-nicht-stapelbar-frame-de","10":"pa_product-color-color-olive-de","11":"pa_product-frame-color-schwarz-frame-color-de","12":"pa_product-material-metallrahmen-material-de","13":"pa_product-more-colors-ja-de","14":"pa_product-more-dimensions-ja-de","15":"pa_product-seat-height-cm-78-seat-height-cm-de","16":"pa_product-seat-width-cm-48-seat-width-cm-de","17":"pa_product-seats-1-seats-de","18":"pa_product-upholstery-upholstery-mikrofaser-de","19":"pa_product-usage-usage-innen-de","21":"first","22":"outofstock","23":"sale","24":"taxable","25":"shipping-taxable","26":"purchasable","27":"product-type-simple"},"_links":{"self":[{"href":"https:\/\/horecacenter.com\/de\/wp-json\/wp\/v2\/product\/178965","targetHints":{"allow":["GET"]}}],"collection":[{"href":"https:\/\/horecacenter.com\/de\/wp-json\/wp\/v2\/product"}],"about":[{"href":"https:\/\/horecacenter.com\/de\/wp-json\/wp\/v2\/types\/product"}],"replies":[{"embeddable":true,"href":"https:\/\/horecacenter.com\/de\/wp-json\/wp\/v2\/comments?post=178965"}],"version-history":[{"count":3,"href":"https:\/\/horecacenter.com\/de\/wp-json\/wp\/v2\/product\/178965\/revisions"}],"predecessor-version":[{"id":191681,"href":"https:\/\/horecacenter.com\/de\/wp-json\/wp\/v2\/product\/178965\/revisions\/191681"}],"wp:featuredmedia":[{"embeddable":true,"href":"https:\/\/horecacenter.com\/de\/wp-json\/wp\/v2\/media\/178981"}],"wp:attachment":[{"href":"https:\/\/horecacenter.com\/de\/wp-json\/wp\/v2\/media?parent=178965"}],"wp:term":[{"taxonomy":"product_brand","embeddable":true,"href":"https:\/\/horecacenter.com\/de\/wp-json\/wp\/v2\/product_brand?post=178965"},{"taxonomy":"product_cat","embeddable":true,"href":"https:\/\/horecacenter.com\/de\/wp-json\/wp\/v2\/product_cat?post=178965"},{"taxonomy":"product_tag","embeddable":true,"href":"https:\/\/horecacenter.com\/de\/wp-json\/wp\/v2\/product_tag?post=178965"}],"curies":[{"name":"wp","href":"https:\/\/api.w.org\/{rel}","templated":true}]}}