{"id":179677,"date":"2026-02-02T14:25:36","date_gmt":"2026-02-02T14:25:36","guid":{"rendered":"https:\/\/horecacenter.com\/?post_type=product&#038;p=179677"},"modified":"2026-03-24T13:00:13","modified_gmt":"2026-03-24T13:00:13","slug":"terrassenstuhl-sirene-mit-armlehnen-stapelbar-natuerliche-schwarz-kunststoff","status":"publish","type":"product","link":"https:\/\/horecacenter.com\/de\/produkt\/terrassenstuhl-sirene-mit-armlehnen-stapelbar-natuerliche-schwarz-kunststoff\/","title":{"rendered":"Terrassenstuhl SIRENE &#8211; Mit Armlehnen &#8211; Stapelbar &#8211; Nat\u00fcrliche\/Schwarz Kunststoff"},"content":{"rendered":"<p>Dieser <strong>Terrassenstuhl aus naturfarbenem Kunststoff mit schwarzem Seil<\/strong> kombiniert ein stabiles Polypropylen-Gestell mit einer geflochtenen Seilr\u00fcckenlehne. Das Kunststoffmaterial sorgt f\u00fcr Leichtigkeit und Stabilit\u00e4t, w\u00e4hrend das Seil zus\u00e4tzlichen Komfort bietet. Diese Kombination ist ideal f\u00fcr den intensiven Einsatz in der Gastronomie.<\/p>\n<p><strong>Elegantes Design und Hoher Komfort<\/strong><\/p>\n<p>Der <strong>Terrassenstuhl SIRENE \u2013 Armlehne \u2013 Stapelbar \u2013 Natur\/Schwarz Kunststoff\/Seil<\/strong> \u00fcberzeugt durch sein modernes und nat\u00fcrliches Design. Die ergonomische Sitzfl\u00e4che und integrierten Armlehnen bieten hohen Sitzkomfort. Die geflochtene R\u00fcckenlehne verleiht dem Stuhl eine stilvolle Optik. Dieser Stuhl ist ideal f\u00fcr Gastronomiebetriebe, die Design und Funktionalit\u00e4t kombinieren m\u00f6chten. Dank der stapelbaren Konstruktion l\u00e4sst er sich platzsparend verstauen. So bleibt Ihre Terrasse flexibel und effizient nutzbar. Zur Pflege gen\u00fcgt ein feuchtes Tuch f\u00fcr das Gestell und eine weiche B\u00fcrste f\u00fcr das Seil. Vermeiden Sie aggressive Reinigungsmittel, um die Materialien zu schonen. So bleibt der Stuhl langfristig in bestem Zustand.<\/p>\n<p>Planen Sie die Einrichtung Ihrer Terrasse oder Gastronomie? Unser Expertenteam unterst\u00fctzt Sie gerne. Kontaktieren Sie uns per <strong>Telefon<\/strong>, <strong>WhatsApp<\/strong> oder <strong>E-Mail<\/strong> oder besuchen Sie unseren Showroom.<\/p>\n","protected":false},"excerpt":{"rendered":"<p>Dieser Terrassenstuhl aus naturfarbenem Kunststoff mit schwarzem Seil kombiniert ein stabiles Polypropylen-Gestell mit einer geflochtenen Seilr\u00fcckenlehne. Das Kunststoffmaterial sorgt f\u00fcr<\/p>\n","protected":false},"featured_media":179685,"comment_status":"closed","ping_status":"closed","template":"","meta":[],"product_brand":[],"product_cat":[9783,17958,9775,10043,9859,10511],"product_tag":[],"class_list":{"0":"post-179677","1":"product","2":"type-product","3":"status-publish","4":"has-post-thumbnail","6":"product_cat-terrassenstuhl","7":"product_cat-terrassenstuehle-indoor-category","8":"product_cat-kunststoff-stuhl","9":"product_cat-staphel-stuhle","10":"product_cat-neu","11":"product_cat-kommt-demnaechst","12":"pa_armrest-armrest-ja-de","13":"pa_product-color-color-schwarz-de","14":"pa_product-color-color-natuerliche-de","15":"pa_product-frame-color-natuerliche-frame-color-de","16":"pa_product-material-material-synthetik","17":"pa_product-more-colors-ja-de","18":"pa_product-seats-1-seats-de","19":"pa_product-upholstery-upholstery-seil-de","20":"pa_product-usage-usage-innen-de","21":"pa_product-usage-usage-draussen-de","23":"first","24":"instock","25":"sale","26":"taxable","27":"shipping-taxable","28":"purchasable","29":"product-type-simple"},"_links":{"self":[{"href":"https:\/\/horecacenter.com\/de\/wp-json\/wp\/v2\/product\/179677","targetHints":{"allow":["GET"]}}],"collection":[{"href":"https:\/\/horecacenter.com\/de\/wp-json\/wp\/v2\/product"}],"about":[{"href":"https:\/\/horecacenter.com\/de\/wp-json\/wp\/v2\/types\/product"}],"replies":[{"embeddable":true,"href":"https:\/\/horecacenter.com\/de\/wp-json\/wp\/v2\/comments?post=179677"}],"version-history":[{"count":5,"href":"https:\/\/horecacenter.com\/de\/wp-json\/wp\/v2\/product\/179677\/revisions"}],"predecessor-version":[{"id":191059,"href":"https:\/\/horecacenter.com\/de\/wp-json\/wp\/v2\/product\/179677\/revisions\/191059"}],"wp:featuredmedia":[{"embeddable":true,"href":"https:\/\/horecacenter.com\/de\/wp-json\/wp\/v2\/media\/179685"}],"wp:attachment":[{"href":"https:\/\/horecacenter.com\/de\/wp-json\/wp\/v2\/media?parent=179677"}],"wp:term":[{"taxonomy":"product_brand","embeddable":true,"href":"https:\/\/horecacenter.com\/de\/wp-json\/wp\/v2\/product_brand?post=179677"},{"taxonomy":"product_cat","embeddable":true,"href":"https:\/\/horecacenter.com\/de\/wp-json\/wp\/v2\/product_cat?post=179677"},{"taxonomy":"product_tag","embeddable":true,"href":"https:\/\/horecacenter.com\/de\/wp-json\/wp\/v2\/product_tag?post=179677"}],"curies":[{"name":"wp","href":"https:\/\/api.w.org\/{rel}","templated":true}]}}