{"id":180419,"date":"2026-02-10T14:18:36","date_gmt":"2026-02-10T14:18:36","guid":{"rendered":"https:\/\/horecacenter.com\/?post_type=product&#038;p=180419"},"modified":"2026-03-16T12:46:29","modified_gmt":"2026-03-16T12:46:29","slug":"horeca-stuhl-mabel-creme-stoff","status":"publish","type":"product","link":"https:\/\/horecacenter.com\/de\/produkt\/horeca-stuhl-mabel-creme-stoff\/","title":{"rendered":"Horeca Stuhl &#8211; MABEL &#8211; Creme Stoff"},"content":{"rendered":"<p>Dieser stilvolle Stuhl ist mit <strong>cremefarbenem Stoff<\/strong> bezogen, der eine warme und elegante Atmosph\u00e4re in jedem Raum schafft. Die weiche Oberfl\u00e4che sorgt f\u00fcr einen angenehmen Sitzkomfort und passt perfekt in moderne Gastronomieeinrichtungen. Dank der robusten Verarbeitung eignet sich der Stuhl ideal f\u00fcr den intensiven Einsatz in Restaurants, Caf\u00e9s und Hotels.<\/p>\n<p><strong>Eleganter Gastronomie Stuhl mit Zeitlosem Komfort<\/strong><\/p>\n<p>Der <strong>Gastronomie Stuhl MABEL \u2013 Creme Stoff<\/strong> kombiniert ein stilvolles Design mit einer komfortablen Sitzfl\u00e4che. Das weng\u00e9farbene Buchenholzgestell verleiht dem Stuhl eine elegante Optik und sorgt f\u00fcr eine stabile Konstruktion. Die helle Cremefarbe bringt Frische und Stil in Restaurants, Bistros und Caf\u00e9s. Dieser vielseitige Stuhl bietet eine ideale Balance zwischen Funktionalit\u00e4t und Design. Die bequeme Sitzfl\u00e4che l\u00e4dt G\u00e4ste dazu ein, l\u00e4nger zu verweilen und den Aufenthalt zu genie\u00dfen. Perfekt f\u00fcr Gastronomiebetriebe mit einer warmen und einladenden Atmosph\u00e4re. St\u00fchle f\u00fcr Ihr Gastronomieprojekt gibt es in vielen Formen, Gr\u00f6\u00dfen und Farben. Horeca Center bietet eine gro\u00dfe Auswahl, bei der Material, Farbe und Komfort individuell gew\u00e4hlt werden k\u00f6nnen.<\/p>\n<p>Ben\u00f6tigen Sie ma\u00dfgefertigte M\u00f6bel oder pers\u00f6nliche Beratung? Horeca Center unterst\u00fctzt Sie gerne. Kontaktieren Sie uns per <strong>Telefon<\/strong>, <strong>WhatsApp<\/strong> oder <strong>E-Mail<\/strong> oder besuchen Sie unseren Showroom.<\/p>\n<p><span style=\"color: #000000;\"><strong>Zus\u00e4tzliche Information:<\/strong><\/span><\/p>\n<ul>\n<li><span style=\"color: #000000;\">Lieferung mit einem Standard-Kunststoffgleitnagel<\/span><\/li>\n<li><span style=\"color: #000000;\">Kommt gebrauchsfertig<\/span><\/li>\n<li><span style=\"color: #000000;\">Garantiertes europ\u00e4isches Produkt<\/span><\/li>\n<li><span style=\"color: #000000;\">1 Jahr Garantie<\/span><\/li>\n<\/ul>\n","protected":false},"excerpt":{"rendered":"<p>Dieser stilvolle Stuhl ist mit cremefarbenem Stoff bezogen, der eine warme und elegante Atmosph\u00e4re in jedem Raum schafft. Die weiche<\/p>\n","protected":false},"featured_media":180424,"comment_status":"open","ping_status":"closed","template":"","meta":[],"product_brand":[],"product_cat":[9855],"product_tag":[17661,17662,17663,17664,17665,17671,17672,17657,17658,17659,17660],"class_list":{"0":"post-180419","1":"product","2":"type-product","3":"status-publish","4":"has-post-thumbnail","6":"product_cat-ledersessel","7":"product_tag-horeca-chairs","8":"product_tag-horeca-stoelen","9":"product_tag-horeca-stuehle","10":"product_tag-industrial-chairs","11":"product_tag-industriestuehle","12":"product_tag-stoelen","13":"product_tag-stuehle","14":"product_tag-chairs","15":"product_tag-chaises","16":"product_tag-chaises-horeca","17":"product_tag-chaises-industrielles","18":"pa_armrest-armrest-nein-de","19":"pa_frame-nicht-stapelbar-frame-de","20":"pa_product-color-color-creme-de","21":"pa_product-frame-color-wenge-frame-color-de","22":"pa_product-material-material-holzrahmen-de","23":"pa_product-more-colors-ja-de","24":"pa_product-seat-height-cm-51-seat-height-cm-de","25":"pa_product-seat-width-cm-45-seat-width-cm-de","26":"pa_product-seats-1-seats-de","27":"pa_product-upholstery-upholstery-stoff-de","28":"pa_product-usage-usage-innen-de","30":"first","31":"onbackorder","32":"sale","33":"taxable","34":"shipping-taxable","35":"purchasable","36":"product-type-simple"},"_links":{"self":[{"href":"https:\/\/horecacenter.com\/de\/wp-json\/wp\/v2\/product\/180419","targetHints":{"allow":["GET"]}}],"collection":[{"href":"https:\/\/horecacenter.com\/de\/wp-json\/wp\/v2\/product"}],"about":[{"href":"https:\/\/horecacenter.com\/de\/wp-json\/wp\/v2\/types\/product"}],"replies":[{"embeddable":true,"href":"https:\/\/horecacenter.com\/de\/wp-json\/wp\/v2\/comments?post=180419"}],"version-history":[{"count":3,"href":"https:\/\/horecacenter.com\/de\/wp-json\/wp\/v2\/product\/180419\/revisions"}],"predecessor-version":[{"id":189854,"href":"https:\/\/horecacenter.com\/de\/wp-json\/wp\/v2\/product\/180419\/revisions\/189854"}],"wp:featuredmedia":[{"embeddable":true,"href":"https:\/\/horecacenter.com\/de\/wp-json\/wp\/v2\/media\/180424"}],"wp:attachment":[{"href":"https:\/\/horecacenter.com\/de\/wp-json\/wp\/v2\/media?parent=180419"}],"wp:term":[{"taxonomy":"product_brand","embeddable":true,"href":"https:\/\/horecacenter.com\/de\/wp-json\/wp\/v2\/product_brand?post=180419"},{"taxonomy":"product_cat","embeddable":true,"href":"https:\/\/horecacenter.com\/de\/wp-json\/wp\/v2\/product_cat?post=180419"},{"taxonomy":"product_tag","embeddable":true,"href":"https:\/\/horecacenter.com\/de\/wp-json\/wp\/v2\/product_tag?post=180419"}],"curies":[{"name":"wp","href":"https:\/\/api.w.org\/{rel}","templated":true}]}}