{"id":181759,"date":"2026-02-14T07:19:43","date_gmt":"2026-02-14T07:19:43","guid":{"rendered":"https:\/\/horecacenter.com\/?post_type=product&#038;p=181759"},"modified":"2026-03-02T14:38:46","modified_gmt":"2026-03-02T14:38:46","slug":"horeca-sitzbank-set-morvane-cognac-mikrofaser","status":"publish","type":"product","link":"https:\/\/horecacenter.com\/de\/produkt\/horeca-sitzbank-set-morvane-cognac-mikrofaser\/","title":{"rendered":"Horeca Sitzbank Set &#8211; MORVANE &#8211; Cognac Mikrofaser"},"content":{"rendered":"<p><span style=\"color: #000000;\">Unsere Vintage-Kollektion bietet einen stilvollen und robusten Look.<\/span><br \/>\n<span style=\"color: #000000;\">Dank der schmalen Beine und der ausgepr\u00e4gten Linien bietet diese Kollektion die notwendige Atmosph\u00e4re und den Komfort in Ihrem Interieur.<\/span><br \/>\n<span style=\"color: #000000;\">Das Design eines Projekts ist entscheidend. Unsere professionellen Berater h\u00f6ren auf Ihre W\u00fcnsche und Erwartungen, um Ihnen bei der Gestaltung Ihres Interieurs so gut wie m\u00f6glich zu helfen.<\/span><\/p>\n<p>Aufmerksamkeit ! Die Ma\u00dfe der B\u00e4nke k\u00f6nnen je nach verwendetem Material um 1 bis 2 cm variieren.<\/p>\n<p><strong><span style=\"color: #000000;\">Das Set im Bild besteht aus folgenden Produkten:<br \/>\n<\/span><\/strong><span style=\"color: #000000;\">B\u00e4nke von <span style=\"color: #0000ff;\"><a style=\"color: #0000ff;\" href=\"https:\/\/horecacenter.com\/de\/produkt\/horeca-essbank-troje-vintage-mikrofaser-cognac\/\">B-TROJE-COGNAC24-120<\/a><\/span><\/span><br \/>\n<span style=\"color: #000000;\">Ledersessel von <span style=\"color: #0000ff;\"><a style=\"color: #0000ff;\" href=\"https:\/\/horecacenter.com\/de\/produkt\/horeca-stuhl-spectra-schwarzes-kunstleder\/\">C-SPECTRA-PU-BLACK<\/a><\/span><\/span><br \/>\n<span style=\"color: #000000;\">Tischplatte von <span style=\"color: #0000ff;\"><a style=\"color: #0000ff;\" href=\"https:\/\/horecacenter.com\/de\/produkt\/horeca-tischplatte-dublin-k3-5-cm-dick\/\">C-DUBLIN-K3-70X120<\/a><\/span><\/span><br \/>\n<span style=\"color: #000000;\">Tischgestelle von <span style=\"color: #0000ff;\"><a style=\"color: #0000ff;\" href=\"https:\/\/horecacenter.com\/de\/produkt\/horeca-tisch-basis-schwarz-hoehe-72-cm\/\">C-341<\/a><\/span><\/span><\/p>\n<p><span style=\"color: #008000;\"><strong><br \/>\nPREIS AUF ANFRAGE!<\/strong><\/span><\/p>\n<p style=\"text-align: center;\"><span style=\"color: #000000;\"><strong>NEU! Wir erstellen jetzt auch 3D-Pl\u00e4ne f\u00fcr Ihr Catering-Unternehmen. Informationen erhalten Sie per E-Mail an info@horecacenter.com oder telefonisch unter +32\/3\/685 73 03<\/strong><\/span><\/p>\n","protected":false},"excerpt":{"rendered":"<p>Unsere Vintage-Kollektion bietet einen stilvollen und robusten Look. Dank der schmalen Beine und der ausgepr\u00e4gten Linien bietet diese Kollektion die<\/p>\n","protected":false},"featured_media":181766,"comment_status":"closed","ping_status":"closed","template":"","meta":[],"product_brand":[],"product_cat":[15848,9747],"product_tag":[],"class_list":{"0":"post-181759","1":"product","2":"type-product","3":"status-publish","4":"has-post-thumbnail","6":"product_cat-troje-banken-de","7":"product_cat-banken","8":"pa_product-color-color-cognac-de","9":"pa_product-frame-color-wenge-frame-color-de","10":"pa_product-seats-2-seats-de","11":"pa_product-upholstery-upholstery-mikrofaser-de","12":"pa_product-usage-usage-innen-de","14":"first","15":"outofstock","16":"taxable","17":"shipping-taxable","18":"purchasable","19":"product-type-simple"},"_links":{"self":[{"href":"https:\/\/horecacenter.com\/de\/wp-json\/wp\/v2\/product\/181759","targetHints":{"allow":["GET"]}}],"collection":[{"href":"https:\/\/horecacenter.com\/de\/wp-json\/wp\/v2\/product"}],"about":[{"href":"https:\/\/horecacenter.com\/de\/wp-json\/wp\/v2\/types\/product"}],"replies":[{"embeddable":true,"href":"https:\/\/horecacenter.com\/de\/wp-json\/wp\/v2\/comments?post=181759"}],"version-history":[{"count":4,"href":"https:\/\/horecacenter.com\/de\/wp-json\/wp\/v2\/product\/181759\/revisions"}],"predecessor-version":[{"id":185337,"href":"https:\/\/horecacenter.com\/de\/wp-json\/wp\/v2\/product\/181759\/revisions\/185337"}],"wp:featuredmedia":[{"embeddable":true,"href":"https:\/\/horecacenter.com\/de\/wp-json\/wp\/v2\/media\/181766"}],"wp:attachment":[{"href":"https:\/\/horecacenter.com\/de\/wp-json\/wp\/v2\/media?parent=181759"}],"wp:term":[{"taxonomy":"product_brand","embeddable":true,"href":"https:\/\/horecacenter.com\/de\/wp-json\/wp\/v2\/product_brand?post=181759"},{"taxonomy":"product_cat","embeddable":true,"href":"https:\/\/horecacenter.com\/de\/wp-json\/wp\/v2\/product_cat?post=181759"},{"taxonomy":"product_tag","embeddable":true,"href":"https:\/\/horecacenter.com\/de\/wp-json\/wp\/v2\/product_tag?post=181759"}],"curies":[{"name":"wp","href":"https:\/\/api.w.org\/{rel}","templated":true}]}}