{"id":182230,"date":"2026-02-16T11:21:48","date_gmt":"2026-02-16T11:21:48","guid":{"rendered":"https:\/\/horecacenter.com\/?post_type=product&#038;p=182230"},"modified":"2026-03-03T07:16:24","modified_gmt":"2026-03-03T07:16:24","slug":"horeca-essbank-set-nerova-schwarzes-kunstleder","status":"publish","type":"product","link":"https:\/\/horecacenter.com\/de\/produkt\/horeca-essbank-set-nerova-schwarzes-kunstleder\/","title":{"rendered":"Horeca Essbank Set &#8211; NEROVA &#8211; Schwarzes Kunstleder"},"content":{"rendered":"<p><span style=\"color: #000000;\">Aufmerksamkeit ! Die Ma\u00dfe der B\u00e4nke k\u00f6nnen je nach verwendetem Material um 1 bis 2 cm variieren.<\/span><\/p>\n<p><strong><span style=\"color: #000000;\">Das Set im Bild besteht aus folgenden Produkten:<br \/>\n<\/span><\/strong><span style=\"color: #000000;\">1x B\u00e4nke von <span style=\"color: #0000ff;\"><a style=\"color: #0000ff;\" href=\"https:\/\/horecacenter.com\/de\/produkt\/horeca-sitzbank-american-up-schwarz\/\">B-AMERICAN-UP-BLACK<\/a><\/span><\/span><br \/>\n<span style=\"color: #000000;\">2x Ledersessel von <a href=\"https:\/\/horecacenter.com\/de\/produkt\/horeca-holz-barstuhl-tara\/\"><span style=\"color: #0000ff;\">B-BARSTOEL-TARA-BLACK<\/span><\/a><\/span><br \/>\n<span style=\"color: #000000;\">1x Tischplatte von <span style=\"color: #0000ff;\"><a style=\"color: #0000ff;\" href=\"https:\/\/horecacenter.com\/de\/produkt\/horeca-tischplatte-dublin-k3-5-cm-dick\/\">C-DUBLIN-K3-70X120<\/a><\/span><\/span><br \/>\n<span style=\"color: #000000;\">1x Tischgestelle von <span style=\"color: #0000ff;\"><a style=\"color: #0000ff;\" href=\"https:\/\/horecacenter.com\/de\/produkt\/horeca-tisch-basis-schwarz-doppelt-hoehe-108-cm\/\">C-341H<\/a><\/span><\/span><\/p>\n<p><span style=\"color: #008000;\"><strong><br \/>\nPREIS AUF ANFRAGE!<\/strong><\/span><\/p>\n<p style=\"text-align: center;\"><span style=\"color: #000000;\"><strong>NEU! Wir erstellen jetzt auch 3D-Pl\u00e4ne f\u00fcr Ihr Catering-Unternehmen. Informationen erhalten Sie per E-Mail an info@horecacenter.com oder telefonisch unter +32\/3\/685 73 03<\/strong><\/span><\/p>\n","protected":false},"excerpt":{"rendered":"<p>Aufmerksamkeit ! Die Ma\u00dfe der B\u00e4nke k\u00f6nnen je nach verwendetem Material um 1 bis 2 cm variieren. Das Set im<\/p>\n","protected":false},"featured_media":182156,"comment_status":"closed","ping_status":"closed","template":"","meta":[],"product_brand":[],"product_cat":[9799],"product_tag":[],"class_list":{"0":"post-182230","1":"product","2":"type-product","3":"status-publish","4":"has-post-thumbnail","6":"product_cat-american-up-banke","7":"pa_frame-nicht-stapelbar-frame-de","8":"pa_product-color-color-schwarz-de","9":"pa_product-frame-color-wenge-frame-color-de","10":"pa_product-material-buche-rahmen-material-de","11":"pa_product-more-colors-ja-de","12":"pa_product-more-dimensions-ja-de","13":"pa_product-seat-cm-45x45-seat-cm-de","14":"pa_product-seat-height-cm-73-seat-height-cm-de","15":"pa_product-seats-6-seats-de","16":"pa_product-upholstery-upholstery-kunstleder-de","17":"pa_product-usage-usage-innen-de","19":"first","20":"outofstock","21":"taxable","22":"shipping-taxable","23":"purchasable","24":"product-type-simple"},"_links":{"self":[{"href":"https:\/\/horecacenter.com\/de\/wp-json\/wp\/v2\/product\/182230","targetHints":{"allow":["GET"]}}],"collection":[{"href":"https:\/\/horecacenter.com\/de\/wp-json\/wp\/v2\/product"}],"about":[{"href":"https:\/\/horecacenter.com\/de\/wp-json\/wp\/v2\/types\/product"}],"replies":[{"embeddable":true,"href":"https:\/\/horecacenter.com\/de\/wp-json\/wp\/v2\/comments?post=182230"}],"version-history":[{"count":3,"href":"https:\/\/horecacenter.com\/de\/wp-json\/wp\/v2\/product\/182230\/revisions"}],"predecessor-version":[{"id":185360,"href":"https:\/\/horecacenter.com\/de\/wp-json\/wp\/v2\/product\/182230\/revisions\/185360"}],"wp:featuredmedia":[{"embeddable":true,"href":"https:\/\/horecacenter.com\/de\/wp-json\/wp\/v2\/media\/182156"}],"wp:attachment":[{"href":"https:\/\/horecacenter.com\/de\/wp-json\/wp\/v2\/media?parent=182230"}],"wp:term":[{"taxonomy":"product_brand","embeddable":true,"href":"https:\/\/horecacenter.com\/de\/wp-json\/wp\/v2\/product_brand?post=182230"},{"taxonomy":"product_cat","embeddable":true,"href":"https:\/\/horecacenter.com\/de\/wp-json\/wp\/v2\/product_cat?post=182230"},{"taxonomy":"product_tag","embeddable":true,"href":"https:\/\/horecacenter.com\/de\/wp-json\/wp\/v2\/product_tag?post=182230"}],"curies":[{"name":"wp","href":"https:\/\/api.w.org\/{rel}","templated":true}]}}