{"id":183249,"date":"2026-02-20T12:47:58","date_gmt":"2026-02-20T12:47:58","guid":{"rendered":"https:\/\/horecacenter.com\/?post_type=product&#038;p=183249"},"modified":"2026-02-23T12:10:35","modified_gmt":"2026-02-23T12:10:35","slug":"horeca-eck-essbank-troje-schwarzes-kunstleder","status":"publish","type":"product","link":"https:\/\/horecacenter.com\/de\/produkt\/horeca-eck-essbank-troje-schwarzes-kunstleder\/","title":{"rendered":"Horeca Eck-Essbank &#8211; TROJE &#8211; Schwarzes Kunstleder"},"content":{"rendered":"<p><span style=\"color: #000000;\"><em>Perfekt f\u00fcr Gastronomiebetriebe, die ihren Innenraum mit Stil und Langlebigkeit bereichern m\u00f6chten. Ein echter Hingucker f\u00fcr jedes Restaurant oder Caf\u00e9!<\/em><\/span><\/p>\n<p><span style=\"color: #000000;\"><em>Bitte beachten! Die Abmessungen der Sofas k\u00f6nnen aufgrund der verwendeten Materialien um 1 bis 2 cm variieren.<\/em><\/span><\/p>\n<p><span style=\"color: #000000;\"><em>Die Showroom-Modelle helfen Ihnen, Inspiration f\u00fcr die Einrichtung zu finden. Unsere fachkundigen Berater h\u00f6ren auf Ihre W\u00fcnsche und Erwartungen, um Ihnen bestm\u00f6glich bei der Gestaltung Ihres Interieurs zu helfen. Sie nehmen sich gerne die Zeit, alles bis ins Detail zu besprechen. Bitte vereinbaren Sie einen Termin unter der Nummer +32 3 685 73 03.<\/em><\/span><\/p>\n<p><span style=\"color: #000000;\">Deze vertalingen benadrukken luxe, maatwerkopties, en de mogelijkheid om inspiratie op te doen in de showroom.<\/span><\/p>\n","protected":false},"excerpt":{"rendered":"<p>Perfekt f\u00fcr Gastronomiebetriebe, die ihren Innenraum mit Stil und Langlebigkeit bereichern m\u00f6chten. Ein echter Hingucker f\u00fcr jedes Restaurant oder Caf\u00e9!<\/p>\n","protected":false},"featured_media":183262,"comment_status":"open","ping_status":"closed","template":"","meta":[],"product_brand":[],"product_cat":[15848],"product_tag":[17426,17434],"class_list":{"0":"post-183249","1":"product","2":"type-product","3":"status-publish","4":"has-post-thumbnail","6":"product_cat-troje-banken-de","7":"product_tag-horeca-furniture","8":"product_tag-horeca-moebel","9":"pa_product-color-color-schwarz-de","10":"pa_product-frame-color-schwarz-frame-color-de","11":"pa_product-more-colors-ja-de","12":"pa_product-more-dimensions-ja-de","13":"pa_product-seat-height-cm-45-seat-height-cm-de","14":"pa_product-seats-1-seats-de","15":"pa_product-upholstery-upholstery-kunstleder-de","16":"pa_product-usage-usage-innen-de","18":"first","19":"onbackorder","20":"sale","21":"taxable","22":"shipping-taxable","23":"purchasable","24":"product-type-simple"},"_links":{"self":[{"href":"https:\/\/horecacenter.com\/de\/wp-json\/wp\/v2\/product\/183249","targetHints":{"allow":["GET"]}}],"collection":[{"href":"https:\/\/horecacenter.com\/de\/wp-json\/wp\/v2\/product"}],"about":[{"href":"https:\/\/horecacenter.com\/de\/wp-json\/wp\/v2\/types\/product"}],"replies":[{"embeddable":true,"href":"https:\/\/horecacenter.com\/de\/wp-json\/wp\/v2\/comments?post=183249"}],"version-history":[{"count":4,"href":"https:\/\/horecacenter.com\/de\/wp-json\/wp\/v2\/product\/183249\/revisions"}],"predecessor-version":[{"id":183682,"href":"https:\/\/horecacenter.com\/de\/wp-json\/wp\/v2\/product\/183249\/revisions\/183682"}],"wp:featuredmedia":[{"embeddable":true,"href":"https:\/\/horecacenter.com\/de\/wp-json\/wp\/v2\/media\/183262"}],"wp:attachment":[{"href":"https:\/\/horecacenter.com\/de\/wp-json\/wp\/v2\/media?parent=183249"}],"wp:term":[{"taxonomy":"product_brand","embeddable":true,"href":"https:\/\/horecacenter.com\/de\/wp-json\/wp\/v2\/product_brand?post=183249"},{"taxonomy":"product_cat","embeddable":true,"href":"https:\/\/horecacenter.com\/de\/wp-json\/wp\/v2\/product_cat?post=183249"},{"taxonomy":"product_tag","embeddable":true,"href":"https:\/\/horecacenter.com\/de\/wp-json\/wp\/v2\/product_tag?post=183249"}],"curies":[{"name":"wp","href":"https:\/\/api.w.org\/{rel}","templated":true}]}}